{"id":10087,"date":"2016-01-28T17:10:05","date_gmt":"2016-01-28T16:10:05","guid":{"rendered":"http:\/\/www.skivallee.it\/fr\/?page_id=10087"},"modified":"2024-12-03T10:13:54","modified_gmt":"2024-12-03T09:13:54","slug":"termes-et-conditions","status":"publish","type":"page","link":"https:\/\/www.skilife.ski\/fr\/teleskipass\/termes-et-conditions\/","title":{"rendered":"Termes et conditions"},"content":{"rendered":"<p>Toutes les informations concernant le service TELESKIPASS sont d\u00e9taill\u00e9es \u00e0 la page \u00ab&nbsp;CONTRAT&nbsp;\u00bb.<\/p>\n<p style=\"text-align: center;\">*****<\/p>\n<p>Les conditions \u00e0 remplir pour exploiter le service TELESKIPASS sont les suivantes:<\/p>\n<ul>\n<li>\u00eatre \u00e2g\u00e9 de 18 ans minimum&nbsp;;<\/li>\n<li>\u00eatre titulaire d\u2019une carte de cr\u00e9dit VISA \/ MASTERCARD \/ AMERICAN EXPRESS ;<\/li>\n<li>signer au pr\u00e9alable un contrat aupr\u00e8s des caisses de toute station de ski vald\u00f4taine (voir la page \u00ab&nbsp;CONTRAT&nbsp;\u00bb et la page \u00ab&nbsp;ENREGISTREMENT PREALABLE&nbsp;\u00bb). Par le contrat, vous convenez que tout montant d\u00fb sera pay\u00e9 par pr\u00e9l\u00e8vement automatique sur votre carte de cr\u00e9dit.<\/li>\n<\/ul>\n<p>Le souscripteur doit n\u00e9cessairement \u00eatre le titulaire de la carte de cr\u00e9dit concern\u00e9e (le mari ne peut pas indiquer la carte de cr\u00e9dit de sa femme et vice-versa) et il peut signer le contrat pour son propre compte ainsi que pour le compte de ses proches. Lors de la signature du contrat, une carte \u00e0 puce \u00e9lectronique vous sera remise (pour les \u00ab&nbsp;R\u00e9sidents vald\u00f4tains&nbsp;\u00bb ce sera la \u00ab&nbsp;Carte R\u00e9sident&nbsp;\u00bb). Strictement personnel et incessible, ce badge est automatiquement reconnu par le syst\u00e8me de contr\u00f4le d\u2019acc\u00e8s lors du passage du skieur aux bornes des remont\u00e9es m\u00e9caniques, lui permettant d\u2019y acc\u00e9der directement, tandis que le montant d\u00fb sera pay\u00e9 ensuite par pr\u00e9l\u00e8vement automatique sur sa carte de cr\u00e9dit.<\/p>\n<p>Les badges sont strictement personnels et INCESSIBLES&nbsp;: ils sont donc INUTILISABLES par toute personne autre que leurs titulaires.<\/p>\n<p>Le badge doit pouvoir \u00eatre pr\u00e9sent\u00e9 aux \u201cContr\u00f4leurs\u201d, surveillants de gare, conducteurs ou cabiniers des remont\u00e9es m\u00e9caniques qui sont en droit de vous le demander afin de v\u00e9rifier l\u2019identit\u00e9 du titulaire.<\/p>\n<p>Les violations du r\u00e8glement de la billetterie (voir REGLEMENT \u00ab&nbsp;SKIPASS VALLE D\u2019AOSTA&nbsp;\u00bb, affich\u00e9 aux abords des caisses de toute station de ski vald\u00f4taine et publi\u00e9 sur le site Internet www.skivallee.it \u00e0 la page FORFAITS SKI\/REGLEMENT) impliquent le retrait imm\u00e9diat et d\u00e9finitif de votre forfait, les sanctions applicables conform\u00e9ment \u00e0 la l\u00e9gislation italienne (en particulier \u00e0 la loi r\u00e9gionale de la Vall\u00e9e d\u2019Aoste n\u00b0 20 du 18 avril 2008), ainsi que l\u2019interruption du service li\u00e9 \u00e0 tout badge concern\u00e9 par le contrat (voir Art. 8 du CONTRAT).<\/p>\n","protected":false},"excerpt":{"rendered":"Toutes les informations concernant le service TELESKIPASS sont d\u00e9taill\u00e9es \u00e0 la page \u00ab&nbsp;CONTRAT&nbsp;\u00bb. ***** Les conditions \u00e0 remplir pour exploiter le service TELESKIPASS sont les suivantes: \u00eatre \u00e2g\u00e9 de 18 ans minimum&nbsp;; \u00eatre titulaire d\u2019une carte de cr\u00e9dit VISA \/ MASTERCARD \/ AMERICAN EXPRESS ; signer au pr\u00e9alable un contrat aupr\u00e8s des caisses de toute&#8230; <a class=\"view-article\" href=\"https:\/\/www.skilife.ski\/fr\/teleskipass\/termes-et-conditions\/\">Voir l&#8217;article<\/a>","protected":false},"author":5,"featured_media":0,"parent":10089,"menu_order":0,"comment_status":"closed","ping_status":"closed","template":"","meta":{"footnotes":""},"_links":{"self":[{"href":"https:\/\/www.skilife.ski\/fr\/wp-json\/wp\/v2\/pages\/10087"}],"collection":[{"href":"https:\/\/www.skilife.ski\/fr\/wp-json\/wp\/v2\/pages"}],"about":[{"href":"https:\/\/www.skilife.ski\/fr\/wp-json\/wp\/v2\/types\/page"}],"author":[{"embeddable":true,"href":"https:\/\/www.skilife.ski\/fr\/wp-json\/wp\/v2\/users\/5"}],"replies":[{"embeddable":true,"href":"https:\/\/www.skilife.ski\/fr\/wp-json\/wp\/v2\/comments?post=10087"}],"version-history":[{"count":2,"href":"https:\/\/www.skilife.ski\/fr\/wp-json\/wp\/v2\/pages\/10087\/revisions"}],"predecessor-version":[{"id":18582,"href":"https:\/\/www.skilife.ski\/fr\/wp-json\/wp\/v2\/pages\/10087\/revisions\/18582"}],"up":[{"embeddable":true,"href":"https:\/\/www.skilife.ski\/fr\/wp-json\/wp\/v2\/pages\/10089"}],"wp:attachment":[{"href":"https:\/\/www.skilife.ski\/fr\/wp-json\/wp\/v2\/media?parent=10087"}],"curies":[{"name":"wp","href":"https:\/\/api.w.org\/{rel}","templated":true}]}}