{"id":10115,"date":"2016-01-28T11:28:23","date_gmt":"2016-01-28T10:28:23","guid":{"rendered":"http:\/\/www.skivallee.it\/fr\/?page_id=10115"},"modified":"2024-09-05T10:55:54","modified_gmt":"2024-09-05T08:55:54","slug":"avantages-et-reductions","status":"publish","type":"page","link":"https:\/\/www.skilife.ski\/fr\/teleskipass\/avantages-et-reductions\/","title":{"rendered":"Avantages et r\u00e9ductions"},"content":{"rendered":"<p>Au-del\u00e0 de vous permettre d\u2019acc\u00e9der directement aux remont\u00e9es m\u00e9caniques et d\u2019\u00e9viter les queues aux caisses, le service TELESKIPASS vous offre les avantages suivants:<\/p>\n<ul>\n<li>5% DE REDUCTION<br \/>\nPour tout utilisateur qui ach\u00e8te un forfait \u00ab&nbsp;plein tarif&nbsp;\u00bb (en sont exclus les tarifs r\u00e9sident vald\u00f4tain, baby, junior et senior, ainsi que les forfaits \u00e0 tarif r\u00e9duit \u00e0 cause de la fermeture des remont\u00e9es m\u00e9caniques ou du vent) une r\u00e9duction de 5% sera appliqu\u00e9e sur tout forfait ski journ\u00e9e (ou demi-journ\u00e9e) suppl\u00e9mentaire qui sera exploit\u00e9, \u00e0 partir du quatri\u00e8me forfait ski journ\u00e9e (ou demi-journ\u00e9e).<\/li>\n<li>10% DE REDUCTION<br \/>\nLa r\u00e9duction offerte passe \u00e0 10% \u00e0 partir du huiti\u00e8me forfait ski journ\u00e9e (ou demi-journ\u00e9e).<\/li>\n<\/ul>\n<p>(Par ex: 3 forfaits matin\/apr\u00e8s-midi et 1 forfait journ\u00e9e = PAS DE r\u00e9duction)<\/p>\n<p>(Par ex: 4 forfaits matin\/apr\u00e8s-midi = 5% de r\u00e9duction)<\/p>\n<p>Les avantages pr\u00e9sent\u00e9s ci-dessus ne sont pas cumulatifs avec aucun des autres tarifs pr\u00e9f\u00e9rentiels d\u00e9j\u00e0 disponibles, tels que le tarif r\u00e9sident vald\u00f4tain, baby, junior et senior.<\/p>\n<p><strong>Des REDUCTIONS sont PREVUES<\/strong> pour les cat\u00e9gories suivantes&nbsp;:<\/p>\n<p><strong>BABY &lt; 8 ANS<\/strong> (enfants n\u00e9s apr\u00e8s le 31 octobre 2016).<\/p>\n<p style=\"padding-left: 30px;\">La gratuit\u00e9 pour les moins de 8 ans n\u2019est pratiqu\u00e9e que lorsque un adulte ach\u00e8te simultan\u00e9ment un forfait ski, l\u2019enfant figurant dans le m\u00eame contrat.<br \/>\nDans le cas contraire c\u2019est le tarif moins de 8 ans NON simultan\u00e9 qui est appliqu\u00e9. Il s\u2019agit n\u00e9anmoins d\u2019un tarif r\u00e9duit de 75%.<br \/>\nLorsqu\u2019un enfant mineur figurant dans le m\u00eame contrat skie avec un forfait junior, le tarif inf\u00e9rieur, c\u2019est-\u00e0-dire le tarif le plus avantageux pour le client (plein tarif pour le forfait junior et tarif gratuit pour le forfait baby) sera appliqu\u00e9 par le syst\u00e8me.<\/p>\n<p><strong>JUNIOR &lt; 16 ANS<\/strong> (enfants n\u00e9s apr\u00e8s le 31 octobre 2008).<\/p>\n<p><strong>JEUNES &lt; 24 ANS<\/strong> (enfants n\u00e9s apr\u00e8s le 31 octobre 2000).<\/p>\n<p><strong>SENIOR &gt; 65 ANS<\/strong> (seniors n\u00e9s avant le 31 mai 1960).<\/p>\n<p>Les tarifs sont publi\u00e9s par chaque domaine skiable.<\/p>\n","protected":false},"excerpt":{"rendered":"Au-del\u00e0 de vous permettre d\u2019acc\u00e9der directement aux remont\u00e9es m\u00e9caniques et d\u2019\u00e9viter les queues aux caisses, le service TELESKIPASS vous offre les avantages suivants: 5% DE REDUCTION Pour tout utilisateur qui ach\u00e8te un forfait \u00ab&nbsp;plein tarif&nbsp;\u00bb (en sont exclus les tarifs r\u00e9sident vald\u00f4tain, baby, junior et senior, ainsi que les forfaits \u00e0 tarif r\u00e9duit \u00e0 cause&#8230; <a class=\"view-article\" href=\"https:\/\/www.skilife.ski\/fr\/teleskipass\/avantages-et-reductions\/\">Voir l&#8217;article<\/a>","protected":false},"author":5,"featured_media":0,"parent":10089,"menu_order":0,"comment_status":"closed","ping_status":"closed","template":"","meta":{"footnotes":""},"_links":{"self":[{"href":"https:\/\/www.skilife.ski\/fr\/wp-json\/wp\/v2\/pages\/10115"}],"collection":[{"href":"https:\/\/www.skilife.ski\/fr\/wp-json\/wp\/v2\/pages"}],"about":[{"href":"https:\/\/www.skilife.ski\/fr\/wp-json\/wp\/v2\/types\/page"}],"author":[{"embeddable":true,"href":"https:\/\/www.skilife.ski\/fr\/wp-json\/wp\/v2\/users\/5"}],"replies":[{"embeddable":true,"href":"https:\/\/www.skilife.ski\/fr\/wp-json\/wp\/v2\/comments?post=10115"}],"version-history":[{"count":15,"href":"https:\/\/www.skilife.ski\/fr\/wp-json\/wp\/v2\/pages\/10115\/revisions"}],"predecessor-version":[{"id":18465,"href":"https:\/\/www.skilife.ski\/fr\/wp-json\/wp\/v2\/pages\/10115\/revisions\/18465"}],"up":[{"embeddable":true,"href":"https:\/\/www.skilife.ski\/fr\/wp-json\/wp\/v2\/pages\/10089"}],"wp:attachment":[{"href":"https:\/\/www.skilife.ski\/fr\/wp-json\/wp\/v2\/media?parent=10115"}],"curies":[{"name":"wp","href":"https:\/\/api.w.org\/{rel}","templated":true}]}}