{"id":10125,"date":"2016-01-28T11:32:53","date_gmt":"2016-01-28T10:32:53","guid":{"rendered":"http:\/\/www.skivallee.it\/fr\/?page_id=10125"},"modified":"2020-09-30T14:54:45","modified_gmt":"2020-09-30T12:54:45","slug":"assurance","status":"publish","type":"page","link":"https:\/\/www.skilife.ski\/fr\/teleskipass\/assurance\/","title":{"rendered":"Assurance"},"content":{"rendered":"<p>Les forfaits ski du client et de ses proches b\u00e9n\u00e9ficiaires du service TELESKIPASS peuvent inclure l\u2019ASSURANCE \u00ab&nbsp;Snowcare&nbsp;\u00bb.<\/p>\n<p>B\u00e9n\u00e9ficier ou pas de la couverture d\u2019assurance c\u2019est un choix effectu\u00e9 lors de la souscription du contrat, qui demeure toutefois valable pour chaque badge\/support pendant la dur\u00e9e du contrat m\u00eame, sans pr\u00e9judice de l\u2019Article 9, alin\u00e9a 6, y figurant (voir ci-dessous).<\/p>\n<p>Le co\u00fbt de l\u2019assurance optionnelle s\u2019av\u00e8re \u00eatre \u20ac 3,00 par jour pour chaque assur\u00e9 quel que soit le type de forfait ski utilis\u00e9 (journ\u00e9e ou demi-journ\u00e9e).<\/p>\n<p>Pour les proches relevant du tarif baby, le co\u00fbt de l\u2019assurance s\u2019av\u00e8re \u00eatre \u20ac 1,50 par jour.<\/p>\n<p>Conform\u00e9ment \u00e0 l\u2019Article 9 du contrat &#8211; RESILIATION ET RESOLUTION DU CONTRAT<\/p>\n<p>6. Le 15 septembre de chaque ann\u00e9e au plus tard, le client peut aussi notifier \u00e0 SKIPASS VALLE D&#8217;AOSTA (Pila spa), par lettre recommand\u00e9e ou, le cas \u00e9ch\u00e9ant, en utilisant la proc\u00e9dure en ligne sp\u00e9cialement pr\u00e9vue \u00e0 cet effet par SKIPASS VALLE D&#8217;AOSTA, son intention de souscrire la couverture d\u2019assurance, pour soi-m\u00eame ou au b\u00e9n\u00e9fice de tous ou certains de ses proches, si celle-ci n\u2019a pas \u00e9t\u00e9 choisie lors de la signature du contrat, ou bien son intention d\u2019y renoncer si celle-ci \u00e9tait initialement pr\u00e9vue. Apr\u00e8s cette date et en l\u2019absence d\u2019autres communications, les conditions contractuelles relatives \u00e0 la couverture d\u2019assurance peuvent \u00eatre modifi\u00e9s par le propri\u00e9taire aux guichets de la Vall\u00e9e d&#8217;Aoste ou par e-mail en \u00e9crivant \u00e0 <a href=\"mailto:info@skilife.ski\">info@skilife.ski<\/a>.<\/p>\n<p>Le client peut modifier l\u2019option concernant la couverture d\u2019assurance, comme expos\u00e9 ci-dessus, jusqu\u2019au 15 septembre AU PLUS TARD:<\/p>\n<p>&#8211; en adressant sa demande par lettre recommand\u00e9e \u00e0 SKIPASS VALLE D&#8217;AOSTA (Pila spa) (une copie de la lettre recommand\u00e9e est conserv\u00e9e par le client);<\/p>\n<p>&#8211; en utilisant la proc\u00e9dure en ligne sp\u00e9cialement pr\u00e9vue \u00e0 cet effet (voir ACCEDEZ A L&#8217;ESPACE CLIENTS\/Modification de l\u2019option ASSURANCE).<\/p>\n<p>REMARQUE:<\/p>\n<p>\u00c0 partir de la saison d&#8217;hiver 2015-2016 le service de premier secour sur les pistes de ski de la Vall\u00e9e d&#8217;Aoste est soumis \u00e0 un paiement de 200 \u20ac, couvrant partiellement les frais du service. Cette somme est cependant couverte par l&#8217;assurance \u00ab SNOWCARE \u00bb si activ\u00e9e pr\u00e9c\u00e9demment.<\/p>\n<p>En cas d\u2019accident, afin d\u2019exploiter le service de premiers secours au sein des centres de soins conventionn\u00e9s sans \u00eatre oblig\u00e9s de payer \u00e0 l\u2019avance les prestations, les titulaires du service TELESKIPASS comprenant l\u2019assurance sont tenus, sous leur propre responsabilit\u00e9, d\u2019informer les pisteurs secouristes, lors du sauvetage sur les pistes de ski, qu\u2019ils disposent de l\u2019assurance en signant une fiche d\u2019auto-d\u00e9claration sp\u00e9cifique.<\/p>\n<p>Dans le cas contraire, apr\u00e8s avoir pay\u00e9 les prestations re\u00e7ues, ils pourront envoyer une demande de remboursement \u00e0 leur compagnie d\u2019assurance.<\/p>\n","protected":false},"excerpt":{"rendered":"Les forfaits ski du client et de ses proches b\u00e9n\u00e9ficiaires du service TELESKIPASS peuvent inclure l\u2019ASSURANCE \u00ab&nbsp;Snowcare&nbsp;\u00bb. B\u00e9n\u00e9ficier ou pas de la couverture d\u2019assurance c\u2019est un choix effectu\u00e9 lors de la souscription du contrat, qui demeure toutefois valable pour chaque badge\/support pendant la dur\u00e9e du contrat m\u00eame, sans pr\u00e9judice de l\u2019Article 9, alin\u00e9a 6, y&#8230; <a class=\"view-article\" href=\"https:\/\/www.skilife.ski\/fr\/teleskipass\/assurance\/\">Voir l&#8217;article<\/a>","protected":false},"author":5,"featured_media":0,"parent":10089,"menu_order":0,"comment_status":"closed","ping_status":"closed","template":"","meta":{"footnotes":""},"_links":{"self":[{"href":"https:\/\/www.skilife.ski\/fr\/wp-json\/wp\/v2\/pages\/10125"}],"collection":[{"href":"https:\/\/www.skilife.ski\/fr\/wp-json\/wp\/v2\/pages"}],"about":[{"href":"https:\/\/www.skilife.ski\/fr\/wp-json\/wp\/v2\/types\/page"}],"author":[{"embeddable":true,"href":"https:\/\/www.skilife.ski\/fr\/wp-json\/wp\/v2\/users\/5"}],"replies":[{"embeddable":true,"href":"https:\/\/www.skilife.ski\/fr\/wp-json\/wp\/v2\/comments?post=10125"}],"version-history":[{"count":3,"href":"https:\/\/www.skilife.ski\/fr\/wp-json\/wp\/v2\/pages\/10125\/revisions"}],"predecessor-version":[{"id":16978,"href":"https:\/\/www.skilife.ski\/fr\/wp-json\/wp\/v2\/pages\/10125\/revisions\/16978"}],"up":[{"embeddable":true,"href":"https:\/\/www.skilife.ski\/fr\/wp-json\/wp\/v2\/pages\/10089"}],"wp:attachment":[{"href":"https:\/\/www.skilife.ski\/fr\/wp-json\/wp\/v2\/media?parent=10125"}],"curies":[{"name":"wp","href":"https:\/\/api.w.org\/{rel}","templated":true}]}}