{"id":10139,"date":"2016-01-28T11:39:14","date_gmt":"2016-01-28T10:39:14","guid":{"rendered":"http:\/\/www.skivallee.it\/fr\/?page_id=10139"},"modified":"2024-09-02T10:04:22","modified_gmt":"2024-09-02T08:04:22","slug":"types-de-forfaits-ski","status":"publish","type":"page","link":"https:\/\/www.skilife.ski\/fr\/teleskipass\/types-de-forfaits-ski\/","title":{"rendered":"Types de forfaits ski"},"content":{"rendered":"<p>Les tarifs des forfaits ski sont \u00e9tablis par chaque soci\u00e9t\u00e9 exploitant des domaines skiables. Ils sont affich\u00e9s aux abords des caisses ainsi que publi\u00e9s sur les brochures et les sites Internet concernant lesdites soci\u00e9t\u00e9s.<\/p>\n<p>Les forfaits ski sont factur\u00e9s au client et \u00e0 ses proches b\u00e9n\u00e9ficiaires du service TELESKIPASS \u00e0 raison de chaque journ\u00e9e d\u2019utilisation du service et, conform\u00e9ment \u00e0 l\u2019Article 4 \u00ab&nbsp;TARIFS&nbsp;\u00bb du contrat, \u00ab&nbsp;\u2026 associ\u00e9s exclusivement aux formules&nbsp;:<\/p>\n<p>\u02bd <strong>journ\u00e9e<\/strong> \u02bc, \u02bd <strong>apr\u00e8s-midi<\/strong> \u02bc ou \u02bd <strong>matin<\/strong> \u02bc (si disponible)&nbsp;\u00bb.<\/p>\n<p>Le service TELESKIPASS NE s\u2019applique PAS aux:<\/p>\n<ul>\n<li>All\u00e9es et retours (\u00e0 l\u2019exclusion du T\u00e9l\u00e9ph\u00e9rique Buisson-Chamois)<\/li>\n<li>Forfaits \u00e0 points<\/li>\n<li>Forfaits horaires (\u00e0 l\u2019exclusion de la station de ski de Courmayeur o\u00f9 seul le forfait 3\/4 H est disponible,<span>pas de forfaits matin\/apr\u00e8s-midi,<\/span>&nbsp;et de La Thuile qui ne dispose pas du forfait matin mais seulement du forfait 2\/3\/4 H)<\/li>\n<li>Forfaits \u00e0 tarif sp\u00e9cial ou promotionnel.<\/li>\n<\/ul>\n<p>Ceux qui souhaitent utiliser d\u2019autres types de forfaits (voir la liste susmentionn\u00e9e) peuvent acheter le titre de transport d\u00e9sir\u00e9 et mis \u00e0 disposition par les exploitants des stations de ski pour satisfaire les clients les plus exigeants, directement aux guichets de vente de la station de ski concern\u00e9e, en \u00e9vitant de passer les portillons avec le badge TELESKIPASS.<\/p>\n<p>Le passage aux portillons avec simultan\u00e9ment un forfait ski valable et le badge TELESKIPASS donnera lieu \u00e0 la facturation du service, comme pr\u00e9vu \u00e0 l\u2019Article 4 \u00ab&nbsp;TARIFS&nbsp;\u00bb, alin\u00e9a 3, du contrat.<\/p>\n<p>Les stations de ski veilleront aussi, le cas \u00e9ch\u00e9ant, \u00e0 informer les clients utilisateurs du service TELESKIPASS des promotions et des forfaits \u00e0 tarif sp\u00e9cial auxquels le service TELESKIPASS NE s\u2019applique PAS, en apposant les affiches informatives pr\u00e9vues \u00e0 cet effet aux bornes d\u2019acc\u00e8s.<\/p>\n<p>Les clients pourront visualiser un aper\u00e7u d\u00e9taill\u00e9 des paiements concernant les journ\u00e9es de ski consomm\u00e9es en acc\u00e9dant \u00e0 leur espace r\u00e9serv\u00e9 sur le site Internet www.skivallee.it \u00e0 la page TELESKIPASS\/ACCEDEZ A L&#8217;ESPACE CLIENTS\/RELEVE DES PAIEMENTS.<\/p>\n","protected":false},"excerpt":{"rendered":"Les tarifs des forfaits ski sont \u00e9tablis par chaque soci\u00e9t\u00e9 exploitant des domaines skiables. Ils sont affich\u00e9s aux abords des caisses ainsi que publi\u00e9s sur les brochures et les sites Internet concernant lesdites soci\u00e9t\u00e9s. Les forfaits ski sont factur\u00e9s au client et \u00e0 ses proches b\u00e9n\u00e9ficiaires du service TELESKIPASS \u00e0 raison de chaque journ\u00e9e d\u2019utilisation&#8230; <a class=\"view-article\" href=\"https:\/\/www.skilife.ski\/fr\/teleskipass\/types-de-forfaits-ski\/\">Voir l&#8217;article<\/a>","protected":false},"author":5,"featured_media":15835,"parent":10089,"menu_order":0,"comment_status":"closed","ping_status":"closed","template":"","meta":{"footnotes":""},"_links":{"self":[{"href":"https:\/\/www.skilife.ski\/fr\/wp-json\/wp\/v2\/pages\/10139"}],"collection":[{"href":"https:\/\/www.skilife.ski\/fr\/wp-json\/wp\/v2\/pages"}],"about":[{"href":"https:\/\/www.skilife.ski\/fr\/wp-json\/wp\/v2\/types\/page"}],"author":[{"embeddable":true,"href":"https:\/\/www.skilife.ski\/fr\/wp-json\/wp\/v2\/users\/5"}],"replies":[{"embeddable":true,"href":"https:\/\/www.skilife.ski\/fr\/wp-json\/wp\/v2\/comments?post=10139"}],"version-history":[{"count":4,"href":"https:\/\/www.skilife.ski\/fr\/wp-json\/wp\/v2\/pages\/10139\/revisions"}],"predecessor-version":[{"id":18463,"href":"https:\/\/www.skilife.ski\/fr\/wp-json\/wp\/v2\/pages\/10139\/revisions\/18463"}],"up":[{"embeddable":true,"href":"https:\/\/www.skilife.ski\/fr\/wp-json\/wp\/v2\/pages\/10089"}],"wp:featuredmedia":[{"embeddable":true,"href":"https:\/\/www.skilife.ski\/fr\/wp-json\/wp\/v2\/media\/15835"}],"wp:attachment":[{"href":"https:\/\/www.skilife.ski\/fr\/wp-json\/wp\/v2\/media?parent=10139"}],"curies":[{"name":"wp","href":"https:\/\/api.w.org\/{rel}","templated":true}]}}