{"id":10166,"date":"2016-01-28T12:04:01","date_gmt":"2016-01-28T11:04:01","guid":{"rendered":"http:\/\/www.skivallee.it\/fr\/?page_id=10166"},"modified":"2020-02-20T09:03:05","modified_gmt":"2020-02-20T08:03:05","slug":"ou-souscrire-et-activer-le-contrat","status":"publish","type":"page","link":"https:\/\/www.skilife.ski\/fr\/teleskipass\/ou-souscrire-et-activer-le-contrat\/","title":{"rendered":"O\u00f9 souscrire et activer le contrat"},"content":{"rendered":"<p>On peut souscrire le contrat \u00ab&nbsp;TELESKIPASS&nbsp;\u00bb aupr\u00e8s de:&nbsp;TOUT guichet de vente des stations de ski vald\u00f4taines&nbsp;d\u00e8s le mois d\u2019octobre&nbsp;(les conditions et les horaires d\u2019ouverture au public restent \u00e0&nbsp;la discr\u00e9tion de la soci\u00e9t\u00e9 de remont\u00e9es m\u00e9caniques).<\/p>\n<p>La dur\u00e9e de validit\u00e9 du contrat est ind\u00e9termin\u00e9e \u00e0 compter de la date de signature. Chaque Partie a le droit de r\u00e9silier le contrat dans le conditions pr\u00e9vues par l\u2019Article 9 y figurant (voir DEMANDE DE RESILIATION).<\/p>\n<p><strong>DOCUMENTS A PRESENTER:<\/strong><\/p>\n<p style=\"padding-left: 30px;\"><span style=\"text-decoration: underline;\"><em>Par le Souscripteur:<\/em><\/span><\/p>\n<ul>\n<li>Carte de Cr\u00e9dit (VISA\/MASTERCARD du r\u00e9seau CARTAS\u00ec)<\/li>\n<li>PIECE D\u2019IDENTITE en cours de validit\u00e9 avec photo r\u00e9cente ou photos num\u00e9rique<\/li>\n<li>NUMERO D\u2019IDENTIFICATION FISCALE.<\/li>\n<\/ul>\n<p>Le Souscripteur, n\u2019\u00e9tant pas n\u00e9cessairement un skieur, souscrit le contrat (cela ne peut se faire qu\u2019en se rendant personnellement aux guichets de vente des stations de ski vald\u00f4taines) en nous autorisant \u00e0 d\u00e9biter sa propre Carte de Cr\u00e9dit pour le r\u00e8glement des journ\u00e9es de ski consomm\u00e9es par ses proches\/amis.<\/p>\n<p><span style=\"text-decoration: underline;\"><em>Par les autres Utilisateurs en tant que \u00ab&nbsp;Proches&nbsp;\u00bb:<\/em><\/span><\/p>\n<ul>\n<li>PIECE D\u2019IDENTITE en cours de validit\u00e9<\/li>\n<li>PHOTO D\u2019IDENTITE r\u00e9cente et clairement visible.<\/li>\n<\/ul>\n<p>Les R\u00e9sidents vald\u00f4tains sont tenus de pr\u00e9senter aussi leur \u00ab&nbsp;Carte R\u00e9sident&nbsp;\u00bb valid\u00e9e pour la saison en cours (si celle-ci n\u2019a pas encore \u00e9t\u00e9 valid\u00e9e, ils sont tenus de pr\u00e9senter une preuve de r\u00e9sidence en Vall\u00e9e d\u2019Aoste en cours de validit\u00e9).<\/p>\n<p>Afin de faciliter les op\u00e9rations aux guichets de vente des forfaits, le client peut effectuer en ligne l\u2019enregistrement pr\u00e9alable de ses donn\u00e9es personnelles (\u00ab&nbsp;Donn\u00e9es du client&nbsp;\u00bb) et, le cas \u00e9ch\u00e9ant, des donn\u00e9es concernant ses proches (\u00ab&nbsp;Skieur \/ Ajouter skieur&nbsp;\u00bb).<\/p>\n<p>La finalisation du contrat aura lieu aux guichets de vente des forfaits (veuillez vous munir de votre num\u00e9ro de contrat ou vous identifier avec le nom utilis\u00e9 lors de l\u2019enregistrement pr\u00e9alable) o\u00f9 les badges de ski concern\u00e9s, strictement personnels et pourvus d\u2019une photo d\u2019identit\u00e9, seront d\u00e9livr\u00e9s au Souscripteur (si skieur) et aux Utilisateurs en tant que \u00ab&nbsp;Proches&nbsp;\u00bb figurant dans le contrat.<\/p>\n<p>La restitution des badges, strictement personnels et incessibles (voir page TERMES ET CONDITIONS), par le client sera obligatoire au moment de l\u2019envoi de la d\u00e9claration de r\u00e9siliation du contrat (voir DEMANDE DE RESILIATION).<\/p>\n<p>Le service \u00ab&nbsp;TELESKIPASS&nbsp;\u00bb \u00e9tant valable sur l\u2019ensemble de la Vall\u00e9e d\u2019Aoste, le client qui souscrit un contrat \u00ab&nbsp;TELESKIPASS&nbsp;\u00bb en tant que skieur, ou tout Utilisateur y figurant en tant que \u00ab&nbsp;Proche&nbsp;\u00bb, NE pourra PAS utiliser d\u2019autres titres de transport valables sur l\u2019ensemble du territoire vald\u00f4tain (tels que SAISON ou PLURI-JOURNEES) au cours de la m\u00eame saison d\u2019hiver.<\/p>\n<p>Toutefois, tout skieur souhaitant exploiter un titre de transport (saison ou pluri-journ\u00e9es) valable dans une seule station de ski est autoris\u00e9 \u00e0 utiliser le badge \u00ab&nbsp;TELESKIPASS&nbsp;\u00bb.<\/p>\n<p>Dans ce cas, le client veillera \u00e0 ne pas passer les portillons avec un double titre de transport car le co\u00fbt du service \u00ab&nbsp;TELESKIPASS&nbsp;\u00bb lui sera quand m\u00eame d\u00e9bit\u00e9 par le syst\u00e8me.<\/p>\n","protected":false},"excerpt":{"rendered":"On peut souscrire le contrat \u00ab&nbsp;TELESKIPASS&nbsp;\u00bb aupr\u00e8s de:&nbsp;TOUT guichet de vente des stations de ski vald\u00f4taines&nbsp;d\u00e8s le mois d\u2019octobre&nbsp;(les conditions et les horaires d\u2019ouverture au public restent \u00e0&nbsp;la discr\u00e9tion de la soci\u00e9t\u00e9 de remont\u00e9es m\u00e9caniques). La dur\u00e9e de validit\u00e9 du contrat est ind\u00e9termin\u00e9e \u00e0 compter de la date de signature. Chaque Partie a le droit&#8230; <a class=\"view-article\" href=\"https:\/\/www.skilife.ski\/fr\/teleskipass\/ou-souscrire-et-activer-le-contrat\/\">Voir l&#8217;article<\/a>","protected":false},"author":5,"featured_media":0,"parent":10089,"menu_order":0,"comment_status":"closed","ping_status":"closed","template":"","meta":{"footnotes":""},"_links":{"self":[{"href":"https:\/\/www.skilife.ski\/fr\/wp-json\/wp\/v2\/pages\/10166"}],"collection":[{"href":"https:\/\/www.skilife.ski\/fr\/wp-json\/wp\/v2\/pages"}],"about":[{"href":"https:\/\/www.skilife.ski\/fr\/wp-json\/wp\/v2\/types\/page"}],"author":[{"embeddable":true,"href":"https:\/\/www.skilife.ski\/fr\/wp-json\/wp\/v2\/users\/5"}],"replies":[{"embeddable":true,"href":"https:\/\/www.skilife.ski\/fr\/wp-json\/wp\/v2\/comments?post=10166"}],"version-history":[{"count":3,"href":"https:\/\/www.skilife.ski\/fr\/wp-json\/wp\/v2\/pages\/10166\/revisions"}],"predecessor-version":[{"id":16907,"href":"https:\/\/www.skilife.ski\/fr\/wp-json\/wp\/v2\/pages\/10166\/revisions\/16907"}],"up":[{"embeddable":true,"href":"https:\/\/www.skilife.ski\/fr\/wp-json\/wp\/v2\/pages\/10089"}],"wp:attachment":[{"href":"https:\/\/www.skilife.ski\/fr\/wp-json\/wp\/v2\/media?parent=10166"}],"curies":[{"name":"wp","href":"https:\/\/api.w.org\/{rel}","templated":true}]}}