{"id":10172,"date":"2016-01-28T12:09:12","date_gmt":"2016-01-28T11:09:12","guid":{"rendered":"http:\/\/www.skivallee.it\/fr\/?page_id=10172"},"modified":"2016-01-28T12:09:12","modified_gmt":"2016-01-28T11:09:12","slug":"frais-dactivation","status":"publish","type":"page","link":"https:\/\/www.skilife.ski\/fr\/teleskipass\/frais-dactivation\/","title":{"rendered":"Frais d\u2019activation"},"content":{"rendered":"<p>Lors de l\u2019activation du service \u00ab&nbsp;TELESKIPASS&nbsp;\u00bb la Carte de Cr\u00e9dit du client sera automatiquement d\u00e9bit\u00e9e des montants suivants&nbsp;:<\/p>\n<ul>\n<li>\u20ac 5,00 (TVA comprise) pour l&#8217;activation du contrat;<\/li>\n<li>\u20ac 5,00 (TVA comprise) pour l\u2019activation de chaque badge de ski li\u00e9 au contrat.<\/li>\n<\/ul>\n<p>En l\u2019absence d\u2019une r\u00e9siliation de la part du Souscripteur (voir DEMANDE DE RESILIATION), au plus tard le 15 septembre, \u00e0 compter de la saison d\u2019hiver suivante, les m\u00eames montants seront pr\u00e9lev\u00e9s annuellement par le syst\u00e8me dans les conditions et les d\u00e9lais pr\u00e9vus par le contrat.<\/p>\n<p>Le client sera \u00e9galement tenu de payer le montant du renouvellement annuel m\u00eame lorsqu\u2019il n\u2019utilise pas les badges \u00ab&nbsp;TELESKIPASS&nbsp;\u00bb durant toute la saison d\u2019hiver. Ce montant sera d\u00e9bit\u00e9 (si la Carte de Cr\u00e9dit est expir\u00e9e ou elle ne fonctionne pas) en y ajoutant le montant de la saison d\u2019hiver suivante.<\/p>\n","protected":false},"excerpt":{"rendered":"Lors de l\u2019activation du service \u00ab&nbsp;TELESKIPASS&nbsp;\u00bb la Carte de Cr\u00e9dit du client sera automatiquement d\u00e9bit\u00e9e des montants suivants&nbsp;: \u20ac 5,00 (TVA comprise) pour l&#8217;activation du contrat; \u20ac 5,00 (TVA comprise) pour l\u2019activation de chaque badge de ski li\u00e9 au contrat. En l\u2019absence d\u2019une r\u00e9siliation de la part du Souscripteur (voir DEMANDE DE RESILIATION), au plus&#8230; <a class=\"view-article\" href=\"https:\/\/www.skilife.ski\/fr\/teleskipass\/frais-dactivation\/\">Voir l&#8217;article<\/a>","protected":false},"author":5,"featured_media":0,"parent":10089,"menu_order":0,"comment_status":"closed","ping_status":"closed","template":"","meta":{"footnotes":""},"_links":{"self":[{"href":"https:\/\/www.skilife.ski\/fr\/wp-json\/wp\/v2\/pages\/10172"}],"collection":[{"href":"https:\/\/www.skilife.ski\/fr\/wp-json\/wp\/v2\/pages"}],"about":[{"href":"https:\/\/www.skilife.ski\/fr\/wp-json\/wp\/v2\/types\/page"}],"author":[{"embeddable":true,"href":"https:\/\/www.skilife.ski\/fr\/wp-json\/wp\/v2\/users\/5"}],"replies":[{"embeddable":true,"href":"https:\/\/www.skilife.ski\/fr\/wp-json\/wp\/v2\/comments?post=10172"}],"version-history":[{"count":1,"href":"https:\/\/www.skilife.ski\/fr\/wp-json\/wp\/v2\/pages\/10172\/revisions"}],"predecessor-version":[{"id":10173,"href":"https:\/\/www.skilife.ski\/fr\/wp-json\/wp\/v2\/pages\/10172\/revisions\/10173"}],"up":[{"embeddable":true,"href":"https:\/\/www.skilife.ski\/fr\/wp-json\/wp\/v2\/pages\/10089"}],"wp:attachment":[{"href":"https:\/\/www.skilife.ski\/fr\/wp-json\/wp\/v2\/media?parent=10172"}],"curies":[{"name":"wp","href":"https:\/\/api.w.org\/{rel}","templated":true}]}}