{"id":10182,"date":"2016-01-28T12:16:46","date_gmt":"2016-01-28T11:16:46","guid":{"rendered":"http:\/\/www.skivallee.it\/fr\/?page_id=10182"},"modified":"2019-10-24T14:27:28","modified_gmt":"2019-10-24T12:27:28","slug":"demande-de-resiliation","status":"publish","type":"page","link":"https:\/\/www.skilife.ski\/fr\/teleskipass\/demande-de-resiliation\/","title":{"rendered":"Demande de r\u00e9siliation"},"content":{"rendered":"<p>Ainsi qu\u2019il ressort de l\u2019Article 9 du contrat \u00ab&nbsp;RESILIATION ET RESOLUTION DU CONTRAT&nbsp;\u00bb, le client a la possibilit\u00e9 de r\u00e9silier le contrat en envoyant \u00e0 SKIPASS VALLE D\u2019AOSTA (Pila spa) une lettre recommand\u00e9e (ou par lettre remise en main propre aupr\u00e8s des guichets de vente des stations de ski vald\u00f4taines, <a href=\"http:\/\/www.skilife.ski\/wp-content\/uploads\/2019\/10\/TSKRichiesteRecessoAllFR.pdf\">voir formulaire ci-joint<\/a>) contenant la d\u00e9claration de r\u00e9siliation \u00e0 laquelle est jointe une copie de son document d\u2019identit\u00e9 et le(s) badge(s) de ski concern\u00e9s.<\/p>\n<p>L\u2019acceptation de la r\u00e9siliation est sujette au paiement de toutes les journ\u00e9es de ski consomm\u00e9es ainsi qu\u2019au r\u00e8glement du montant annuel (voir Frais d\u2019activation).<\/p>\n<p>Si le client r\u00e9silie le contrat, en son nom ou pour le compte de ses proches, avant le 15 septembre, il ne sera pas d\u00e9bit\u00e9 par SKIPASS VALLE D\u2019AOSTA (Pila spa) du montant annuel d\u00fb pour l\u2019utilisation du service.<\/p>\n<p>La r\u00e9siliation ayant lieu apr\u00e8s cette date, ledit montant sera donc d\u00e9bit\u00e9 au client.<\/p>\n","protected":false},"excerpt":{"rendered":"Ainsi qu\u2019il ressort de l\u2019Article 9 du contrat \u00ab&nbsp;RESILIATION ET RESOLUTION DU CONTRAT&nbsp;\u00bb, le client a la possibilit\u00e9 de r\u00e9silier le contrat en envoyant \u00e0 SKIPASS VALLE D\u2019AOSTA (Pila spa) une lettre recommand\u00e9e (ou par lettre remise en main propre aupr\u00e8s des guichets de vente des stations de ski vald\u00f4taines, voir formulaire ci-joint) contenant la&#8230; <a class=\"view-article\" href=\"https:\/\/www.skilife.ski\/fr\/teleskipass\/demande-de-resiliation\/\">Voir l&#8217;article<\/a>","protected":false},"author":5,"featured_media":0,"parent":10089,"menu_order":0,"comment_status":"closed","ping_status":"closed","template":"","meta":{"footnotes":""},"_links":{"self":[{"href":"https:\/\/www.skilife.ski\/fr\/wp-json\/wp\/v2\/pages\/10182"}],"collection":[{"href":"https:\/\/www.skilife.ski\/fr\/wp-json\/wp\/v2\/pages"}],"about":[{"href":"https:\/\/www.skilife.ski\/fr\/wp-json\/wp\/v2\/types\/page"}],"author":[{"embeddable":true,"href":"https:\/\/www.skilife.ski\/fr\/wp-json\/wp\/v2\/users\/5"}],"replies":[{"embeddable":true,"href":"https:\/\/www.skilife.ski\/fr\/wp-json\/wp\/v2\/comments?post=10182"}],"version-history":[{"count":3,"href":"https:\/\/www.skilife.ski\/fr\/wp-json\/wp\/v2\/pages\/10182\/revisions"}],"predecessor-version":[{"id":16561,"href":"https:\/\/www.skilife.ski\/fr\/wp-json\/wp\/v2\/pages\/10182\/revisions\/16561"}],"up":[{"embeddable":true,"href":"https:\/\/www.skilife.ski\/fr\/wp-json\/wp\/v2\/pages\/10089"}],"wp:attachment":[{"href":"https:\/\/www.skilife.ski\/fr\/wp-json\/wp\/v2\/media?parent=10182"}],"curies":[{"name":"wp","href":"https:\/\/api.w.org\/{rel}","templated":true}]}}