{"id":10220,"date":"2016-01-28T14:37:01","date_gmt":"2016-01-28T13:37:01","guid":{"rendered":"http:\/\/www.skivallee.it\/fr\/?page_id=10220"},"modified":"2019-03-14T09:52:24","modified_gmt":"2019-03-14T08:52:24","slug":"blocage-des-badges","status":"publish","type":"page","link":"https:\/\/www.skilife.ski\/fr\/teleskipass\/blocage-des-badges\/","title":{"rendered":"Blocage des badges"},"content":{"rendered":"<p>PERTE\/VOL du(des) badge(s) de ski<\/p>\n<p>Lorsque vous constatez la perte ou le vol de votre(vos) badge(s) de ski, il est possible de le(s) bloquer dans l\u2019Espace Clients de ce site Internet (<a href=\"http:\/\/www.skilife.ski\/fr\/teleskipass\/espace-clients\/\">BLOCAGE DES BADGES<\/a>) (voir Article 7 du contrat).<\/p>\n<p>Pour que le service soit r\u00e9activ\u00e9, le client est tenu de se rendre aux guichets de vente des stations de ski vald\u00f4taines muni des documents suivants&nbsp;:<\/p>\n<ol>\n<li>En cas de perte&nbsp;: d\u00e9claration tenant lieu d\u2019acte de notori\u00e9t\u00e9 (<img decoding=\"async\" src=\"http:\/\/www.skilife.ski\/wp-content\/uploads\/2015\/12\/pdf.gif\" alt=\"\">&nbsp;<a href=\"http:\/\/www.skilife.ski\/wp-content\/uploads\/2015\/12\/TSKDichSostAttoNotFR.pdf\">voir la d\u00e9claration tenant lieu d\u2019acte de notori\u00e9t\u00e9 ci-jointe<\/a> ) d\u00fbment remplie, pi\u00e8ce et photo d\u2019identit\u00e9&nbsp;;<\/li>\n<li>En cas de vol&nbsp;: d\u00e9claration de vol formul\u00e9e aupr\u00e8s des autorit\u00e9s comp\u00e9tentes, pi\u00e8ce et photo d\u2019identit\u00e9.<\/li>\n<\/ol>\n<p>Pour chaque badge de ski perdu\/vol\u00e9, un duplicata vous sera alors d\u00e9livr\u00e9 par les guichets des remont\u00e9es m\u00e9caniques moyennant le paiement de \u20ac 13,00 \u00e0 titre de remboursement des frais de secr\u00e9tariat et de r\u00e9\u00e9dition (les cas \u00e9ch\u00e9ant, un r\u00e9c\u00e9piss\u00e9 de paiement en bonne et due forme vous sera remis).<\/p>\n","protected":false},"excerpt":{"rendered":"PERTE\/VOL du(des) badge(s) de ski Lorsque vous constatez la perte ou le vol de votre(vos) badge(s) de ski, il est possible de le(s) bloquer dans l\u2019Espace Clients de ce site Internet (BLOCAGE DES BADGES) (voir Article 7 du contrat). Pour que le service soit r\u00e9activ\u00e9, le client est tenu de se rendre aux guichets de&#8230; <a class=\"view-article\" href=\"https:\/\/www.skilife.ski\/fr\/teleskipass\/blocage-des-badges\/\">Voir l&#8217;article<\/a>","protected":false},"author":5,"featured_media":0,"parent":10089,"menu_order":0,"comment_status":"closed","ping_status":"closed","template":"","meta":{"footnotes":""},"_links":{"self":[{"href":"https:\/\/www.skilife.ski\/fr\/wp-json\/wp\/v2\/pages\/10220"}],"collection":[{"href":"https:\/\/www.skilife.ski\/fr\/wp-json\/wp\/v2\/pages"}],"about":[{"href":"https:\/\/www.skilife.ski\/fr\/wp-json\/wp\/v2\/types\/page"}],"author":[{"embeddable":true,"href":"https:\/\/www.skilife.ski\/fr\/wp-json\/wp\/v2\/users\/5"}],"replies":[{"embeddable":true,"href":"https:\/\/www.skilife.ski\/fr\/wp-json\/wp\/v2\/comments?post=10220"}],"version-history":[{"count":5,"href":"https:\/\/www.skilife.ski\/fr\/wp-json\/wp\/v2\/pages\/10220\/revisions"}],"predecessor-version":[{"id":16289,"href":"https:\/\/www.skilife.ski\/fr\/wp-json\/wp\/v2\/pages\/10220\/revisions\/16289"}],"up":[{"embeddable":true,"href":"https:\/\/www.skilife.ski\/fr\/wp-json\/wp\/v2\/pages\/10089"}],"wp:attachment":[{"href":"https:\/\/www.skilife.ski\/fr\/wp-json\/wp\/v2\/media?parent=10220"}],"curies":[{"name":"wp","href":"https:\/\/api.w.org\/{rel}","templated":true}]}}