{"id":10252,"date":"2016-01-28T16:56:21","date_gmt":"2016-01-28T15:56:21","guid":{"rendered":"http:\/\/www.skivallee.it\/fr\/?page_id=10252"},"modified":"2016-01-28T16:56:21","modified_gmt":"2016-01-28T15:56:21","slug":"pour-tout-savoir","status":"publish","type":"page","link":"https:\/\/www.skilife.ski\/fr\/teleskipass\/pour-tout-savoir\/","title":{"rendered":"Pour tout savoir"},"content":{"rendered":"<p>D\u00e8s le mois de mai jusqu\u2019\u00e0 la fin du mois de septembre,&nbsp;le service \u00ab&nbsp;TELESKIPASS&nbsp;\u00bb&nbsp;n\u2019est pas utilisable&nbsp;sur les remont\u00e9es m\u00e9caniques vald\u00f4taines&nbsp;ouvertes pendant la saison d\u2019\u00e9t\u00e9.<\/p>\n<p style=\"text-align: center;\">************************************<\/p>\n<p>Au cours de la p\u00e9riode estivale (d\u00e8s le d\u00e9but du mois de mai jusqu\u2019au 15 septembre), il est possible d\u2019effectuer, aux guichets des remont\u00e9es m\u00e9caniques, les op\u00e9rations suivantes:<\/p>\n<ul>\n<li>mise \u00e0 jour des donn\u00e9es de la Carte de Cr\u00e9dit (expir\u00e9e ou remplac\u00e9e entre-temps);<\/li>\n<li>paiement au comptant des montants dus (qu\u2019il s\u2019agisse des journ\u00e9es de ski consomm\u00e9es ou du prix annuel) pour lesquels un r\u00e9c\u00e9piss\u00e9 vous sera d\u00e9livr\u00e9 par la soci\u00e9t\u00e9 de remont\u00e9es m\u00e9caniques concern\u00e9e;<\/li>\n<li>d\u00e9claration de r\u00e9siliation du contrat (dans les conditions pr\u00e9vues par l\u2019Art. 9). Voir aussi DEMANDE DE RESILIATION.<\/li>\n<\/ul>\n<p>Jusqu\u2019au 30 juin les clients, dans leur espace r\u00e9serv\u00e9 (TELESKIPASS\/ACCEDEZ A L\u2019ESPACE CLIENTS), peuvent visualiser en ligne le relev\u00e9 des paiements concernant les journ\u00e9es de ski consomm\u00e9es.<\/p>\n<p>D\u00e8s le d\u00e9but du mois de juillet, les clients ont la possibilit\u00e9 de modifier en ligne l\u2019option concernant la couverture d\u2019assurance pour la prochaine saison d\u2019hiver.<\/p>\n<p>Toute demande de r\u00e9siliation doit parvenir le 15 septembre AU PLUS TARD \u00e0 :<\/p>\n<p style=\"text-align: center;\">PILA SPA &#8211; SKIPASS VALLE D\u2019AOSTA &#8211; Loc. Pont Suaz, 4 &#8211; 11100 AOSTA (AO) &#8211; ITALIE<\/p>\n<p>ou \u00eatre pr\u00e9sent\u00e9e aux guichets des remont\u00e9es m\u00e9caniques dans les conditions pr\u00e9vues par l\u2019Art. 9 du contrat.<\/p>\n<p>(Voir aussi <a href=\"http:\/\/www.skivallee.it\/fr\/teleskipass\/demande-de-resiliation\/\">DEMANDE DE RESILIATION<\/a>)<\/p>\n<p>D\u00e8s le d\u00e9but du mois de mai jusqu\u2019\u00e0 l\u2019ouverture de la saison de ski d&#8217;hiver,&nbsp;LES OPERATIONS SUIVANTES NE PEUVENT PAS ETRE EFFECTUEES sur le syst\u00e8me:<\/p>\n<ol>\n<li>enregistrement d\u2019utilisateurs en tant que \u00ab&nbsp;Proches&nbsp;\u00bb<\/li>\n<li>activation du service\/badge<\/li>\n<li>remplacement du badge<\/li>\n<li>perte du badge<\/li>\n<li>blocage\/d\u00e9blocage du badge<\/li>\n<li>signer un nouveau contrat<\/li>\n<\/ol>\n","protected":false},"excerpt":{"rendered":"D\u00e8s le mois de mai jusqu\u2019\u00e0 la fin du mois de septembre,&nbsp;le service \u00ab&nbsp;TELESKIPASS&nbsp;\u00bb&nbsp;n\u2019est pas utilisable&nbsp;sur les remont\u00e9es m\u00e9caniques vald\u00f4taines&nbsp;ouvertes pendant la saison d\u2019\u00e9t\u00e9. ************************************ Au cours de la p\u00e9riode estivale (d\u00e8s le d\u00e9but du mois de mai jusqu\u2019au 15 septembre), il est possible d\u2019effectuer, aux guichets des remont\u00e9es m\u00e9caniques, les op\u00e9rations suivantes: mise \u00e0&#8230; <a class=\"view-article\" href=\"https:\/\/www.skilife.ski\/fr\/teleskipass\/pour-tout-savoir\/\">Voir l&#8217;article<\/a>","protected":false},"author":5,"featured_media":0,"parent":10089,"menu_order":0,"comment_status":"closed","ping_status":"closed","template":"","meta":{"footnotes":""},"_links":{"self":[{"href":"https:\/\/www.skilife.ski\/fr\/wp-json\/wp\/v2\/pages\/10252"}],"collection":[{"href":"https:\/\/www.skilife.ski\/fr\/wp-json\/wp\/v2\/pages"}],"about":[{"href":"https:\/\/www.skilife.ski\/fr\/wp-json\/wp\/v2\/types\/page"}],"author":[{"embeddable":true,"href":"https:\/\/www.skilife.ski\/fr\/wp-json\/wp\/v2\/users\/5"}],"replies":[{"embeddable":true,"href":"https:\/\/www.skilife.ski\/fr\/wp-json\/wp\/v2\/comments?post=10252"}],"version-history":[{"count":1,"href":"https:\/\/www.skilife.ski\/fr\/wp-json\/wp\/v2\/pages\/10252\/revisions"}],"predecessor-version":[{"id":10253,"href":"https:\/\/www.skilife.ski\/fr\/wp-json\/wp\/v2\/pages\/10252\/revisions\/10253"}],"up":[{"embeddable":true,"href":"https:\/\/www.skilife.ski\/fr\/wp-json\/wp\/v2\/pages\/10089"}],"wp:attachment":[{"href":"https:\/\/www.skilife.ski\/fr\/wp-json\/wp\/v2\/media?parent=10252"}],"curies":[{"name":"wp","href":"https:\/\/api.w.org\/{rel}","templated":true}]}}