{"id":10559,"date":"2016-01-30T08:22:48","date_gmt":"2016-01-30T07:22:48","guid":{"rendered":"http:\/\/www.skivallee.it\/fr\/?page_id=10559"},"modified":"2018-01-08T11:11:17","modified_gmt":"2018-01-08T10:11:17","slug":"safe-ski-project","status":"publish","type":"page","link":"https:\/\/www.skilife.ski\/fr\/safe-ski-project\/","title":{"rendered":"Safe Ski Project"},"content":{"rendered":"<p><img loading=\"lazy\" decoding=\"async\" class=\"xs-width-full alignnone wp-image-12384 size-full\" src=\"\/wp-content\/uploads\/2016\/10\/Safe-ski-Project.jpg\" alt=\"safe-ski-project\" width=\"1026\" height=\"548\" srcset=\"https:\/\/www.skilife.ski\/wp-content\/uploads\/2016\/10\/Safe-ski-Project.jpg 1026w, https:\/\/www.skilife.ski\/wp-content\/uploads\/2016\/10\/Safe-ski-Project-180x96.jpg 180w, https:\/\/www.skilife.ski\/wp-content\/uploads\/2016\/10\/Safe-ski-Project-250x134.jpg 250w, https:\/\/www.skilife.ski\/wp-content\/uploads\/2016\/10\/Safe-ski-Project-768x410.jpg 768w, https:\/\/www.skilife.ski\/wp-content\/uploads\/2016\/10\/Safe-ski-Project-700x374.jpg 700w, https:\/\/www.skilife.ski\/wp-content\/uploads\/2016\/10\/Safe-ski-Project-120x64.jpg 120w, https:\/\/www.skilife.ski\/wp-content\/uploads\/2016\/10\/Safe-ski-Project-300x160.jpg 300w, https:\/\/www.skilife.ski\/wp-content\/uploads\/2016\/10\/Safe-ski-Project-600x320.jpg 600w\" sizes=\"(max-width: 1026px) 100vw, 1026px\" \/><\/p>\n<p>Cher skieur,<\/p>\n<p>Merci d&#8217;avoir choisi notre station de ski e nos tr\u00e8s belles montagnes.<\/p>\n<p>Les principaux acteurs du ski en Vall\u00e9e d\u2019Aoste ont investi temps et efforts pour mettre en \u0153uvre le \u00ab&nbsp;Safe Ski Project \u2013 Valle\u00e9 d\u2019Aoste&nbsp;\u00bb.<\/p>\n<p>Il s&#8217;agit d&#8217;un projet n\u00e9 en 2014 qui veut contribuer \u00e0 d\u00e9velopper une prise de conscience collective qui soit de plus en plus inform\u00e9e et respectueuse de la Montagne et du Ski , pour le bien des tous les skieurs.<\/p>\n<p>Aux caisses des remont\u00e9es m\u00e9caniques, dans les \u00e9coles de ski et les restaurants sur les pistes, on peut trouver notre Vad\u00e9m\u00e9cum illustr\u00e9 avec 12 r\u00e8gles de conduite et aussi mat\u00e9riel informatif.<\/p>\n<p>Nous vous invitons \u00e0 lire et partager ces simples r\u00e8gles avec votre famille et vos amis, afin de skier en toute s\u00e9curit\u00e9, en piste et hors-piste aussi.<\/p>\n<p>Nous vous rappelons aussi que porter le casque c\u2019est obligatoire pour les mineurs de 14 ans et on recommande aussi la coque de protection dorsale.<\/p>\n<p>Rejoignez-nous dans ce projet&nbsp;: aidez-nous \u00e0 partager la bonne culture de ski et du divertissement en s\u00e9curit\u00e9.<\/p>\n<p>Bonne journ\u00e9e de ski&nbsp;!<\/p>\n<hr>\n<p>&nbsp;<\/p>\n<h3>R\u00e8gles de comportement \u00e0 respecter par les usagers des pistes de ski m\u00eame afin d\u2019\u00e9viter des cons\u00e9quences d\u2019ordre civil et p\u00e9nal.<\/h3>\n<ul>\n<li><strong>Respect d\u2019autrui<\/strong>: tout skieur doit garder un comportement qui ne mette pas autrui en danger ou qui puisse lui porter pr\u00e9judice.<\/li>\n<li><strong>Ma\u00eetrise de la vitesse<\/strong>: tout skieur doit adapter sa vitesse \u00e0 ses capacit\u00e9s personnelles ainsi qu\u2019aux conditions climatiques.<\/li>\n<li><strong>Choix de la direction<\/strong>: le skieur en amont qui, gr\u00e2ce \u00e0 sa position dominante, a la possibilit\u00e9 de choisir son parcours, se doit de garder une trajectoire qui \u00e9vite tout danger de collision avec le skieur en aval.<\/li>\n<li><strong>Trajectoires et priorit\u00e9s<\/strong>: le skieur doit faire attention aux trajectoires des autres skieurs, en fonction de l\u2019\u00e9quipement utilis\u00e9: skis, monoski, t\u00e9l\u00e9mark, carving. En outre en pr\u00e9sence d\u2019engins m\u00e9caniques le skieur doit leur donner la priorit\u00e9.<\/li>\n<li><strong>D\u00e9passement<\/strong>&nbsp;: le d\u00e9passement peut s\u2019effectuer, \u00e0 condition qu\u2019il y ait suffisamment de place et de visibilit\u00e9, par l\u2019amont ou par l\u2019aval, par la droite ou par la gauche, mais toujours de mani\u00e8re assez large afin d\u2019\u00e9viter d\u2019entraver le skieur d\u00e9pass\u00e9.<\/li>\n<li><strong>Espace minimum pour le d\u00e9passement en bord de piste<\/strong>: il est bonne r\u00e8gle que le skieur ne vire pas sur le bord de la piste, mais laisse toujours une marge suffisante pour favoriser son d\u00e9passement.<\/li>\n<li><strong>Travers\u00e9e et croisement<\/strong>: le skieur qui s\u2019engage sur une piste ou qui traverse un terrain d\u2019exercice, doit s\u2019assurer, \u00e0 travers un contr\u00f4le visuel en amont et en aval, de pouvoir s\u2019engager sans danger pour lui-m\u00eame ou pour autrui. La m\u00eame conduite doit \u00eatre tenue apr\u00e8s tout stationnement.<\/li>\n<li><strong>Stationnement<\/strong>: au cas o\u00f9 un stationnement serait n\u00e9cessaire, le skieur doit se placer sur le bord de la piste. Il est interdit de s\u2019arr\u00eater dans les passages \u00e9troits ou sans visibilit\u00e9.<\/li>\n<li><strong>Descente et remont\u00e9e \u00e0 pied<\/strong>: il est interdit de parcourir \u00e0 pied les pistes de ski, sauf en cas d\u2019urgence. Dans ces cas le skieur qui descend la piste sans skis doit le faire sur les bords. La remont\u00e9e des pistes est interdite, toutefois elle peut \u00eatre autoris\u00e9e par l\u2019exploitant seulement sur les bords.<\/li>\n<li><strong>Respect des dispositions<\/strong>: le skieur doit respecter les obligations et les interdictions pr\u00e9vues par le balisage ainsi que, pour les mineurs de 14 ans, l\u2019obligation de porter un casque de protection conforme \u00e0 la r\u00e8glementation du secteur (sauf pour ceux qui poss\u00e8dent un titre de transport achet\u00e9 \u00e0 l\u2019\u00e9tranger).<\/li>\n<li><strong>En cas d\u2019accident<\/strong>: tout skieur doit pr\u00eater secours en cas d\u2019accident.<\/li>\n<li><strong>Identification<\/strong>: tout skieur t\u00e9moin ou partie responsable d\u2019un accident est tenu de faire conna\u00eetre son identit\u00e9.<\/li>\n<\/ul>\n<p>La violation de ces dispositions est passible d\u2019une sanction administrative \u00e0 travers le paiement d\u2019une somme d\u2019argent (\u20ac 50,00 \u2013 \u20ac&nbsp;300,00).<\/p>\n<p>La surveillance du respect de ces dispositions et l\u2019infliction des sanctions relatives est du ressort des forces de l\u2019ordre, des corps de police locaux et du Corpo Forestale (Administration des for\u00eats) de la Vall\u00e9e d\u2019Aoste&nbsp;; Loi R\u00e9gionale 24\/2007).<\/p>\n<p>Des r\u00e8gles de conduite suppl\u00e9mentaires sont pr\u00e9vues par la Loi Nationale 363-2003, la loi r\u00e9gionale n. 2-1992, la r\u00e8glementation r\u00e9gionale n. 2-1996, la loi r\u00e9gionale n. 27\/2004.<\/p>\n<p>On vous invite donc \u00e0 Vous assumer Vos responsabilit\u00e9s et on Vous prie de skier avec prudence, surveillant toujours votre vitesse.<\/p>\n<p><img loading=\"lazy\" decoding=\"async\" class=\"alignnone wp-image-8723\" src=\"http:\/\/www.skivallee.it\/wp-content\/uploads\/2015\/12\/pdf.gif\" alt=\"pdf\" width=\"16\" height=\"16\"> <a href=\"http:\/\/www.skivallee.it\/wp-content\/uploads\/2015\/11\/Safe-Ski-piegh.pdf\">t\u00e9l\u00e9chargez ici le d\u00e9pliant &#8220;Safe Ski Project&#8221;<\/a><\/p>\n","protected":false},"excerpt":{"rendered":"Cher skieur, Merci d&#8217;avoir choisi notre station de ski e nos tr\u00e8s belles montagnes. Les principaux acteurs du ski en Vall\u00e9e d\u2019Aoste ont investi temps et efforts pour mettre en \u0153uvre le \u00ab&nbsp;Safe Ski Project \u2013 Valle\u00e9 d\u2019Aoste&nbsp;\u00bb. Il s&#8217;agit d&#8217;un projet n\u00e9 en 2014 qui veut contribuer \u00e0 d\u00e9velopper une prise de conscience collective&#8230; <a class=\"view-article\" href=\"https:\/\/www.skilife.ski\/fr\/safe-ski-project\/\">Voir l&#8217;article<\/a>","protected":false},"author":5,"featured_media":15818,"parent":0,"menu_order":0,"comment_status":"closed","ping_status":"closed","template":"","meta":{"footnotes":""},"_links":{"self":[{"href":"https:\/\/www.skilife.ski\/fr\/wp-json\/wp\/v2\/pages\/10559"}],"collection":[{"href":"https:\/\/www.skilife.ski\/fr\/wp-json\/wp\/v2\/pages"}],"about":[{"href":"https:\/\/www.skilife.ski\/fr\/wp-json\/wp\/v2\/types\/page"}],"author":[{"embeddable":true,"href":"https:\/\/www.skilife.ski\/fr\/wp-json\/wp\/v2\/users\/5"}],"replies":[{"embeddable":true,"href":"https:\/\/www.skilife.ski\/fr\/wp-json\/wp\/v2\/comments?post=10559"}],"version-history":[{"count":5,"href":"https:\/\/www.skilife.ski\/fr\/wp-json\/wp\/v2\/pages\/10559\/revisions"}],"predecessor-version":[{"id":13967,"href":"https:\/\/www.skilife.ski\/fr\/wp-json\/wp\/v2\/pages\/10559\/revisions\/13967"}],"wp:featuredmedia":[{"embeddable":true,"href":"https:\/\/www.skilife.ski\/fr\/wp-json\/wp\/v2\/media\/15818"}],"wp:attachment":[{"href":"https:\/\/www.skilife.ski\/fr\/wp-json\/wp\/v2\/media?parent=10559"}],"curies":[{"name":"wp","href":"https:\/\/api.w.org\/{rel}","templated":true}]}}