{"id":10574,"date":"2016-06-21T08:00:38","date_gmt":"2016-06-21T06:00:38","guid":{"rendered":"http:\/\/www.skivallee.it\/fr\/?page_id=10574"},"modified":"2023-11-06T08:36:11","modified_gmt":"2023-11-06T07:36:11","slug":"facilitations","status":"publish","type":"page","link":"https:\/\/www.skilife.ski\/fr\/promo\/facilitations\/","title":{"rendered":"Facilitations"},"content":{"rendered":"<p><span>Sur tous les forfaits ski&nbsp;\u00e0 validit\u00e9 r\u00e9gionale et forfait ski de station s&#8217;appliquent les avantages suivants :<\/span><\/p>\n<h3>Enfants&nbsp;&lt; 8 ans<\/h3>\n<p>Les enfants nos apr\u00e8s le 31\/10\/2015 peuvent <span>obtenir un forfait ski gratuit si&nbsp;un adulte ou un jeune &lt; 18 ans ach\u00e8te dans le m\u00eame contexte un forfait analogue.<\/span><\/p>\n<h3>Junior &lt; 14 ans<\/h3>\n<p>Les juniors n\u00e9s apr\u00e8s le 31\/10\/2009 ont<span>&nbsp;un rabais de 30 % sur le plein tarif.<\/span><\/p>\n<h3>Jeunes &lt; 18 ans<\/h3>\n<p>Les jeunes nos apr\u00e8s le 31\/10\/2005 ont un rabais de 12 % sur le plein tarif.<\/p>\n<h3>Senior &gt; 65 anni<\/h3>\n<p>Les seniors n\u00e9s avant le 31\/05\/1959 ont un rabais de 12 % sur le plein tarif.<\/p>\n<h3>Groupes<\/h3>\n<p><span>Tarifs r\u00e9duits pour les groupes de minimum 25 personnes.<\/span><\/p>\n<p><span>Toutes les r\u00e9ductions&nbsp;sont reconnues directement aux caisses des domaine skiables, sur pr\u00e9sentation d&#8217;une pi\u00e8ce d&#8217;identit\u00e9 et en pr\u00e9sence de l&#8217;int\u00e9ress\u00e9.<\/span><\/p>\n","protected":false},"excerpt":{"rendered":"Sur tous les forfaits ski&nbsp;\u00e0 validit\u00e9 r\u00e9gionale et forfait ski de station s&#8217;appliquent les avantages suivants : Enfants&nbsp;&lt; 8 ans Les enfants nos apr\u00e8s le 31\/10\/2015 peuvent obtenir un forfait ski gratuit si&nbsp;un adulte ou un jeune &lt; 18 ans ach\u00e8te dans le m\u00eame contexte un forfait analogue. Junior &lt; 14 ans Les juniors n\u00e9s&#8230; <a class=\"view-article\" href=\"https:\/\/www.skilife.ski\/fr\/promo\/facilitations\/\">Voir l&#8217;article<\/a>","protected":false},"author":5,"featured_media":0,"parent":10566,"menu_order":0,"comment_status":"closed","ping_status":"closed","template":"","meta":{"footnotes":""},"_links":{"self":[{"href":"https:\/\/www.skilife.ski\/fr\/wp-json\/wp\/v2\/pages\/10574"}],"collection":[{"href":"https:\/\/www.skilife.ski\/fr\/wp-json\/wp\/v2\/pages"}],"about":[{"href":"https:\/\/www.skilife.ski\/fr\/wp-json\/wp\/v2\/types\/page"}],"author":[{"embeddable":true,"href":"https:\/\/www.skilife.ski\/fr\/wp-json\/wp\/v2\/users\/5"}],"replies":[{"embeddable":true,"href":"https:\/\/www.skilife.ski\/fr\/wp-json\/wp\/v2\/comments?post=10574"}],"version-history":[{"count":4,"href":"https:\/\/www.skilife.ski\/fr\/wp-json\/wp\/v2\/pages\/10574\/revisions"}],"predecessor-version":[{"id":18090,"href":"https:\/\/www.skilife.ski\/fr\/wp-json\/wp\/v2\/pages\/10574\/revisions\/18090"}],"up":[{"embeddable":true,"href":"https:\/\/www.skilife.ski\/fr\/wp-json\/wp\/v2\/pages\/10566"}],"wp:attachment":[{"href":"https:\/\/www.skilife.ski\/fr\/wp-json\/wp\/v2\/media?parent=10574"}],"curies":[{"name":"wp","href":"https:\/\/api.w.org\/{rel}","templated":true}]}}