{"id":10803,"date":"2016-01-31T13:54:45","date_gmt":"2016-01-31T12:54:45","guid":{"rendered":"http:\/\/www.skivallee.it\/fr\/?page_id=10803"},"modified":"2018-01-04T16:03:11","modified_gmt":"2018-01-04T15:03:11","slug":"vallee-daoste-piste-remontee-mecanique","status":"publish","type":"page","link":"https:\/\/www.skilife.ski\/fr\/vallee-daoste-piste-remontee-mecanique\/","title":{"rendered":"Vall\u00e9e d&#8217;Aoste piste et remont\u00e9e m\u00e9canique"},"content":{"rendered":"","protected":false},"excerpt":{"rendered":"","protected":false},"author":4,"featured_media":15763,"parent":0,"menu_order":0,"comment_status":"closed","ping_status":"closed","template":"list.php","meta":{"footnotes":""},"_links":{"self":[{"href":"https:\/\/www.skilife.ski\/fr\/wp-json\/wp\/v2\/pages\/10803"}],"collection":[{"href":"https:\/\/www.skilife.ski\/fr\/wp-json\/wp\/v2\/pages"}],"about":[{"href":"https:\/\/www.skilife.ski\/fr\/wp-json\/wp\/v2\/types\/page"}],"author":[{"embeddable":true,"href":"https:\/\/www.skilife.ski\/fr\/wp-json\/wp\/v2\/users\/4"}],"replies":[{"embeddable":true,"href":"https:\/\/www.skilife.ski\/fr\/wp-json\/wp\/v2\/comments?post=10803"}],"version-history":[{"count":2,"href":"https:\/\/www.skilife.ski\/fr\/wp-json\/wp\/v2\/pages\/10803\/revisions"}],"predecessor-version":[{"id":10805,"href":"https:\/\/www.skilife.ski\/fr\/wp-json\/wp\/v2\/pages\/10803\/revisions\/10805"}],"wp:featuredmedia":[{"embeddable":true,"href":"https:\/\/www.skilife.ski\/fr\/wp-json\/wp\/v2\/media\/15763"}],"wp:attachment":[{"href":"https:\/\/www.skilife.ski\/fr\/wp-json\/wp\/v2\/media?parent=10803"}],"curies":[{"name":"wp","href":"https:\/\/api.w.org\/{rel}","templated":true}]}}