{"id":11585,"date":"2016-02-09T13:56:24","date_gmt":"2016-02-09T12:56:24","guid":{"rendered":"http:\/\/www.skivallee.it\/fr\/?page_id=11585"},"modified":"2016-12-02T15:21:57","modified_gmt":"2016-12-02T14:21:57","slug":"enti-e-associazioni","status":"publish","type":"page","link":"https:\/\/www.skilife.ski\/fr\/enti-e-associazioni\/","title":{"rendered":"Organisations et Associations"},"content":{"rendered":"<h4 id=\"subtitle\">Informations utiles pour d\u00e9couvrir la Vall\u00e9e d&#8217;Aoste.<\/h4>\n<p>Nous vous proposons ci-dessous une s\u00e9lection des organisations et associations, avec des liens vers les pages web, utiles pour faciliter la connaissance et le contact avec les principaux &#8220;acteurs de la neige&#8221; de la Vall\u00e9e d&#8217;Aoste.<br \/>\n[vc_row][vc_column width=&#8221;1\/2&#8243;][vc_column_text]<\/p>\n<ul>\n<li><a href=\"http:\/\/www.regione.vda.it\/default_f.asp\" target=\"_blank\">Site officiel de la R\u00e9gion Autonome Vall\u00e9e d&#8217;Aoste<\/a><\/li>\n<\/ul>\n<hr>\n<ul>\n<li><a href=\"http:\/\/www.lovevda.it\/fr\" target=\"_blank\">Site ufficiel du tourisme en Vall\u00e9e d&#8217;Aoste<\/a><\/li>\n<\/ul>\n<div class=\"blocco\">\n<p>Offices du Tourisme de zone:<\/p>\n<ul>\n<li style=\"line-height: 1.2em;\"><a href=\"http:\/\/www.lovevda.it\/fr\/banca-dati\/4\/uffici-regionali-del-turismo\/aosta\/ufficio-del-turismo-aosta\/2326\" target=\"_blank\">Aoste et environs<\/a><\/li>\n<li style=\"line-height: 1.2em;\"><a href=\"http:\/\/www.lovevda.it\/fr\/banca-dati\/4\/uffici-regionali-del-turismo\/cogne\/ufficio-del-turismo-cogne\/1810\" target=\"_blank\">Gran-Paradis<\/a><\/li>\n<li style=\"list-style: none; line-height: 1.2em;\">Grand Saint Bernard:\n<ul style=\"margin-left: 0.5em; margin-top: 0; margin-bottom: 0;\">\n<li style=\"line-height: 1.2em;\"><a href=\"http:\/\/www.lovevda.it\/fr\/banca-dati\/4\/uffici-regionali-del-turismo\/etroubles\/ufficio-del-turismo-etroubles\/2295\" target=\"_blank\">Etroubles<\/a><\/li>\n<li style=\"line-height: 1.2em;\"><a href=\"http:\/\/www.lovevda.it\/fr\/banca-dati\/4\/uffici-regionali-del-turismo\/valpelline\/ufficio-del-turismo-valpelline\/2308\" target=\"_blank\">Valpelline<\/a><\/li>\n<\/ul>\n<\/li>\n<li style=\"list-style: none; line-height: 1.2em;\">Mont Blanc:\n<ul style=\"margin-left: 0.5em; margin-top: 0; margin-bottom: 0;\">\n<li style=\"line-height: 1.2em;\"><a href=\"http:\/\/www.lovevda.it\/fr\/banca-dati\/4\/uffici-regionali-del-turismo\/courmayeur\/ufficio-del-turismo-courmayeur\/1635\" target=\"_blank\">Courmayeur<\/a><\/li>\n<li style=\"line-height: 1.2em;\"><a href=\"http:\/\/www.lovevda.it\/fr\/banca-dati\/4\/uffici-regionali-del-turismo\/la-thuile\/ufficio-del-turismo-la-thuile\/1780\" target=\"_blank\">La Thuile<\/a><\/li>\n<\/ul>\n<\/li>\n<li style=\"list-style: none; line-height: 1.2em;\">Mont Cervin:\n<ul style=\"margin-left: 0.5em; margin-top: 0; margin-bottom: 0;\">\n<li style=\"line-height: 1.2em;\"><a href=\"http:\/\/www.lovevda.it\/fr\/banca-dati\/4\/uffici-regionali-del-turismo\/antey-saint-andre\/ufficio-del-turismo-antey-saint-andre\/2576\" target=\"_blank\">Antey Saint Andr\u00e9<\/a><\/li>\n<li style=\"line-height: 1.2em;\"><a href=\"http:\/\/www.lovevda.it\/fr\/banca-dati\/4\/uffici-regionali-del-turismo\/breuil-cervinia\/ufficio-del-turismo-breuil-cervinia\/1792\" target=\"_blank\">Breuil-Cervinia<\/a><\/li>\n<li style=\"line-height: 1.2em;\"><a href=\"http:\/\/www.lovevda.it\/fr\/banca-dati\/4\/uffici-regionali-del-turismo\/valtournenche\/ufficio-del-turismo-valtournenche\/1593\" target=\"_blank\">Valtournenche<\/a><\/li>\n<\/ul>\n<\/li>\n<li style=\"list-style: none; line-height: 1.2em;\">Mont Rose:\n<ul style=\"margin-left: 0.5em; margin-top: 0; margin-bottom: 0;\">\n<li style=\"line-height: 1.2em;\"><a href=\"http:\/\/www.lovevda.it\/fr\/banca-dati\/4\/uffici-regionali-del-turismo\/champoluc-ayas-antagnod\/ufficio-del-turismo-ayas-champoluc\/2180\" target=\"_blank\">Ayas Champoluc<\/a><\/li>\n<li style=\"line-height: 1.2em;\"><a href=\"http:\/\/www.lovevda.it\/fr\/banca-dati\/4\/uffici-regionali-del-turismo\/brusson\/ufficio-del-turismo-brusson\/1673\" target=\"_blank\">Brusson<\/a><\/li>\n<li style=\"line-height: 1.2em;\"><a href=\"http:\/\/www.lovevda.it\/fr\/banca-dati\/4\/uffici-regionali-del-turismo\/gressoney-la-trinite\/ufficio-del-turismo-gressoney-la-trinite\/1767\" target=\"_blank\">Gressoney La Trinit\u00e9<\/a><\/li>\n<li style=\"line-height: 1.2em;\"><a href=\"http:\/\/www.lovevda.it\/fr\/banca-dati\/4\/uffici-regionali-del-turismo\/gressoney-saint-jean\/ufficio-del-turismo-gressoney-saint-jean\/1756\" target=\"_blank\">Gressoney Saint Jean<\/a><\/li>\n<\/ul>\n<\/li>\n<li style=\"list-style: none; line-height: 1.2em;\">Vall\u00e9 Centrale:\n<ul style=\"margin-left: 0.5em; margin-top: 0; margin-bottom: 0;\">\n<li style=\"line-height: 1.2em;\"><a href=\"http:\/\/www.lovevda.it\/fr\/banca-dati\/4\/uffici-regionali-del-turismo\/pont-saint-martin\/ufficio-del-turismo-pont-saint-martin\/1612\" target=\"_blank\">Pont Saint Martin<\/a><\/li>\n<li style=\"line-height: 1.2em;\"><a href=\"http:\/\/www.lovevda.it\/fr\/banca-dati\/4\/uffici-regionali-del-turismo\/saint-vincent\/ufficio-del-turismo-saint-vincent\/2149\" target=\"_blank\">Saint Vincent<\/a><\/li>\n<li style=\"line-height: 1.2em;\"><a href=\"http:\/\/www.lovevda.it\/fr\/banca-dati\/4\/uffici-regionali-del-turismo\/champorcher\/ufficio-del-turismo-di-champorcher\/6543\" target=\"_blank\">Champorcher<\/a><\/li>\n<\/ul>\n<\/li>\n<\/ul>\n<\/div>\n<hr>\n<ul>\n<li><a href=\"http:\/\/www.adava.it\/index.asp?index.asp?pag=home&amp;lang=_fr\" target=\"_blank\">ADAVA &#8211; Association des H\u00f4tels de la Vall\u00e9e d&#8217;Aoste<\/a><\/li>\n<\/ul>\n<hr>\n<p>[\/vc_column_text][\/vc_column][vc_column width=&#8221;1\/2&#8243;][vc_column_text]<\/p>\n<ul>\n<li><a href=\"http:\/\/www.asiva.it\" target=\"_blank\">Association des sports d&#8217;hiver de la Vall\u00e9e d&#8217;Aoste<\/a><\/li>\n<\/ul>\n<hr>\n<ul>\n<li><a href=\"http:\/\/www.maestridisci.com\" target=\"_blank\">Association des Moniteurs de ski de la Vall\u00e9e d&#8217;Aoste<\/a><\/li>\n<\/ul>\n<div class=\"blocco\">\n<p><span>Les \u00e9coles de ski de la Vall\u00e9e d&#8217;Aoste:<\/span><\/p>\n<ul>\n<li style=\"line-height: 1.2em;\"><a href=\"http:\/\/www.maestridisci.com\/scuole-di-sci\/antagnod\/\" target=\"_blank\">Antagnod<\/a><\/li>\n<li style=\"line-height: 1.2em;\"><a href=\"http:\/\/www.maestridisci.com\/scuole-di-sci\/brusson-palasinaz\/\">Brusson Palasinaz<\/a><\/li>\n<li style=\"line-height: 1.2em;\"><a href=\"http:\/\/www.maestridisci.com\/scuole-di-sci\/chamois-2500\/\" target=\"_blank\">Chamois 2500<\/a><\/li>\n<li style=\"line-height: 1.2em;\"><a href=\"http:\/\/www.maestridisci.com\/scuole-di-sci\/champoluc\/\" target=\"_blank\">Champoluc<\/a><\/li>\n<li style=\"line-height: 1.2em;\"><a href=\"http:\/\/www.maestridisci.com\/scuole-di-sci\/champorcher\/\" target=\"_blank\">Champorcher<\/a><\/li>\n<li style=\"line-height: 1.2em;\"><a href=\"http:\/\/www.maestridisci.com\/scuole-di-sci\/col-de-joux\/\" target=\"_blank\">Col de Joux<\/a><\/li>\n<li style=\"line-height: 1.2em;\"><a href=\"http:\/\/www.maestridisci.com\/scuole-di-sci\/courmayeur\/\" target=\"_blank\">Coumayeur<\/a><\/li>\n<li style=\"line-height: 1.2em;\"><a href=\"http:\/\/www.maestridisci.com\/scuole-di-sci\/del-breuil\/\" target=\"_blank\">Del Breuil<\/a><\/li>\n<li style=\"line-height: 1.2em;\"><a href=\"http:\/\/www.maestridisci.com\/scuole-di-sci\/cervino\/\" target=\"_blank\">Del Cervino<\/a><\/li>\n<li style=\"line-height: 1.2em;\"><a href=\"http:\/\/www.maestridisci.com\/scuole-di-sci\/evolution-pila\/\" target=\"_blank\">Evolution Pila<\/a><\/li>\n<li style=\"line-height: 1.2em;\"><a href=\"http:\/\/www.maestridisci.com\/scuole-di-sci\/gran-paradiso\/\" target=\"_blank\">Gran Paradiso<\/a><\/li>\n<li style=\"line-height: 1.2em;\"><a href=\"http:\/\/www.maestridisci.com\/scuole-di-sci\/gran-san-bernardo\/\" target=\"_blank\">Gran San Bernardo<\/a><\/li>\n<li style=\"line-height: 1.2em;\"><a href=\"http:\/\/www.maestridisci.com\/scuole-di-sci\/gressoney-monte-rosa\/\">Gressoney &#8211; Monte Rosa<\/a><\/li>\n<li style=\"line-height: 1.2em;\"><a href=\"http:\/\/www.maestridisci.com\/scuole-di-sci\/gressoney-saint-jean\/\" target=\"_blank\">Gressoney Saint Jean<\/a><\/li>\n<li style=\"line-height: 1.2em;\"><a href=\"http:\/\/www.maestridisci.com\/scuole-di-sci\/la-thuile\/\" target=\"_blank\">La Thuile<\/a><\/li>\n<li style=\"line-height: 1.2em;\"><a href=\"http:\/\/www.maestridisci.com\/scuole-di-sci\/matterhorn-cervinia\/\" target=\"_blank\">Matterhorn &#8211; Cervinia<\/a><\/li>\n<li style=\"line-height: 1.2em;\"><a href=\"http:\/\/www.maestridisci.com\/scuole-di-sci\/monte-bianco\/\" target=\"_blank\">Monte Bianco<\/a><\/li>\n<li style=\"line-height: 1.2em;\"><a href=\"http:\/\/www.maestridisci.com\/scuole-di-sci\/pila\/\">Pila<\/a><\/li>\n<li style=\"line-height: 1.2em;\"><a href=\"http:\/\/www.maestridisci.com\/scuole-di-sci\/punta-tzan\/\" target=\"_blank\">Punta Tzan<\/a><\/li>\n<li style=\"line-height: 1.2em;\"><a href=\"http:\/\/www.maestridisci.com\/scuole-di-sci\/ride-em-ski-school-breuil-cervinia\/\" target=\"_blank\">Ride&#8217;em Ski School &#8211; Breuil &#8211; Cervinia<\/a><\/li>\n<li style=\"line-height: 1.2em;\"><a href=\"http:\/\/www.maestridisci.com\/scuole-di-sci\/torgnon\/\" target=\"_blank\">Torgnon<\/a><\/li>\n<li style=\"line-height: 1.2em;\"><a href=\"http:\/\/www.maestridisci.com\/scuole-di-sci\/val-di-rhmes\/\" target=\"_blank\">Val di Rh\u00eames<\/a><\/li>\n<li style=\"line-height: 1.2em;\"><a href=\"http:\/\/www.maestridisci.com\/scuole-di-sci\/valtournenche\/\" target=\"_blank\">Valtournenche<\/a><\/li>\n<\/ul>\n<\/div>\n<hr>\n<p>[\/vc_column_text][\/vc_column][\/vc_row]<\/p>\n<p>&nbsp;<\/p>\n","protected":false},"excerpt":{"rendered":"Informations utiles pour d\u00e9couvrir la Vall\u00e9e d&#8217;Aoste. Nous vous proposons ci-dessous une s\u00e9lection des organisations et associations, avec des liens vers les pages web, utiles pour faciliter la connaissance et le contact avec les principaux &#8220;acteurs de la neige&#8221; de la Vall\u00e9e d&#8217;Aoste. [vc_row][vc_column width=&#8221;1\/2&#8243;][vc_column_text] Site officiel de la R\u00e9gion Autonome Vall\u00e9e d&#8217;Aoste Site ufficiel&#8230; <a class=\"view-article\" href=\"https:\/\/www.skilife.ski\/fr\/enti-e-associazioni\/\">Voir l&#8217;article<\/a>","protected":false},"author":5,"featured_media":12708,"parent":0,"menu_order":0,"comment_status":"closed","ping_status":"closed","template":"","meta":{"footnotes":""},"_links":{"self":[{"href":"https:\/\/www.skilife.ski\/fr\/wp-json\/wp\/v2\/pages\/11585"}],"collection":[{"href":"https:\/\/www.skilife.ski\/fr\/wp-json\/wp\/v2\/pages"}],"about":[{"href":"https:\/\/www.skilife.ski\/fr\/wp-json\/wp\/v2\/types\/page"}],"author":[{"embeddable":true,"href":"https:\/\/www.skilife.ski\/fr\/wp-json\/wp\/v2\/users\/5"}],"replies":[{"embeddable":true,"href":"https:\/\/www.skilife.ski\/fr\/wp-json\/wp\/v2\/comments?post=11585"}],"version-history":[{"count":5,"href":"https:\/\/www.skilife.ski\/fr\/wp-json\/wp\/v2\/pages\/11585\/revisions"}],"predecessor-version":[{"id":14765,"href":"https:\/\/www.skilife.ski\/fr\/wp-json\/wp\/v2\/pages\/11585\/revisions\/14765"}],"wp:featuredmedia":[{"embeddable":true,"href":"https:\/\/www.skilife.ski\/fr\/wp-json\/wp\/v2\/media\/12708"}],"wp:attachment":[{"href":"https:\/\/www.skilife.ski\/fr\/wp-json\/wp\/v2\/media?parent=11585"}],"curies":[{"name":"wp","href":"https:\/\/api.w.org\/{rel}","templated":true}]}}