{"id":11891,"date":"2016-09-13T08:39:03","date_gmt":"2016-09-13T06:39:03","guid":{"rendered":"http:\/\/www.skilife.ski\/fr\/?page_id=11891"},"modified":"2025-10-23T09:54:01","modified_gmt":"2025-10-23T07:54:01","slug":"homepage-francais","status":"publish","type":"page","link":"https:\/\/www.skilife.ski\/fr\/","title":{"rendered":"Skier en Vall\u00e9e d\u2019Aoste."},"content":{"rendered":"<h1 class=\"js-homepage-animate-title homepage-animate-title\" style=\"font-size: 2.5em; padding-top: 10px;\">SKIER DANS LES MONTAGNES DE LA VALL\u00c9E D\u2019AOSTE.<\/h1>\n<div class=\"js-homepage-animate-line homepage-animate-line\" style=\"margin-top: -7px;\">&nbsp;<\/div>\n<p class=\"js-homepage-animate-text homepage-animate-text\" style=\"font-size: 1.2em; margin-top: 15px; line-height: 1.2em;\">La saison hivernale 2025\/2026 d\u00e9bute \u00e0 Cervinia, \u00e0 partir du 25 octobre 2025.<\/p>\n<p><a class=\"js-homepage-animate-button homepage-animate-button\" href=\"https:\/\/www.skilife.ski\/fr\/vallee-daoste\/saison-hiver-2025-2026\/\">D\u00e9couvrez les nouveaut\u00e9s<\/a><\/p>\n","protected":false},"excerpt":{"rendered":"SKIER DANS LES MONTAGNES DE LA VALL\u00c9E D\u2019AOSTE. &nbsp; La saison hivernale 2025\/2026 d\u00e9bute \u00e0 Cervinia, \u00e0 partir du 25 octobre 2025. D\u00e9couvrez les nouveaut\u00e9s","protected":false},"author":4,"featured_media":0,"parent":0,"menu_order":0,"comment_status":"closed","ping_status":"closed","template":"homepage.php","meta":{"footnotes":""},"_links":{"self":[{"href":"https:\/\/www.skilife.ski\/fr\/wp-json\/wp\/v2\/pages\/11891"}],"collection":[{"href":"https:\/\/www.skilife.ski\/fr\/wp-json\/wp\/v2\/pages"}],"about":[{"href":"https:\/\/www.skilife.ski\/fr\/wp-json\/wp\/v2\/types\/page"}],"author":[{"embeddable":true,"href":"https:\/\/www.skilife.ski\/fr\/wp-json\/wp\/v2\/users\/4"}],"replies":[{"embeddable":true,"href":"https:\/\/www.skilife.ski\/fr\/wp-json\/wp\/v2\/comments?post=11891"}],"version-history":[{"count":30,"href":"https:\/\/www.skilife.ski\/fr\/wp-json\/wp\/v2\/pages\/11891\/revisions"}],"predecessor-version":[{"id":18863,"href":"https:\/\/www.skilife.ski\/fr\/wp-json\/wp\/v2\/pages\/11891\/revisions\/18863"}],"wp:attachment":[{"href":"https:\/\/www.skilife.ski\/fr\/wp-json\/wp\/v2\/media?parent=11891"}],"curies":[{"name":"wp","href":"https:\/\/api.w.org\/{rel}","templated":true}]}}