{"id":12453,"date":"2016-10-08T11:28:50","date_gmt":"2016-10-08T09:28:50","guid":{"rendered":"http:\/\/www.skilife.ski\/fr\/?page_id=12453"},"modified":"2016-10-28T11:35:26","modified_gmt":"2016-10-28T09:35:26","slug":"boutique","status":"publish","type":"page","link":"https:\/\/www.skilife.ski\/fr\/boutique\/","title":{"rendered":"Achat en ligne"},"content":{"rendered":"<h4 id=\"subtitle\">Achetez votre forfait-ski \u00e0 validit\u00e9 Vall\u00e9e d&#8217;Aoste ou internationale comfortablement \u00e0 la maison.<\/h4>\n<p>Dans ces pages vous pouvez acheter les&nbsp;forfaits-ski r\u00e9gionaux Vall\u00e9e d&#8217;Aoste ou internationaux qui vous permettent de skier dans toutes les stations de ski avec un seul abonnement. Vous recevrez le forfait saison directement \u00e0 votre domicile ou vous pouvez choisir dans quelle station de ski retirer votre forfait-ski plusieurs jours.<\/p>\n<p>S\u00e9lectionnez le produit que vous d\u00e9sirez, consultez toutes les informations pertinentes, et achetez en toute s\u00e9curit\u00e9 par carte de cr\u00e9dit ou virement bancaire \u00e0 plein tarif ou \u00e0 prix r\u00e9duit.<\/p>\n","protected":false},"excerpt":{"rendered":"Achetez votre forfait-ski \u00e0 validit\u00e9 Vall\u00e9e d&#8217;Aoste ou internationale comfortablement \u00e0 la maison. Dans ces pages vous pouvez acheter les&nbsp;forfaits-ski r\u00e9gionaux Vall\u00e9e d&#8217;Aoste ou internationaux qui vous permettent de skier dans toutes les stations de ski avec un seul abonnement. Vous recevrez le forfait saison directement \u00e0 votre domicile ou vous pouvez choisir dans quelle&#8230; <a class=\"view-article\" href=\"https:\/\/www.skilife.ski\/fr\/boutique\/\">Voir l&#8217;article<\/a>","protected":false},"author":4,"featured_media":14431,"parent":0,"menu_order":0,"comment_status":"closed","ping_status":"closed","template":"","meta":{"footnotes":""},"_links":{"self":[{"href":"https:\/\/www.skilife.ski\/fr\/wp-json\/wp\/v2\/pages\/12453"}],"collection":[{"href":"https:\/\/www.skilife.ski\/fr\/wp-json\/wp\/v2\/pages"}],"about":[{"href":"https:\/\/www.skilife.ski\/fr\/wp-json\/wp\/v2\/types\/page"}],"author":[{"embeddable":true,"href":"https:\/\/www.skilife.ski\/fr\/wp-json\/wp\/v2\/users\/4"}],"replies":[{"embeddable":true,"href":"https:\/\/www.skilife.ski\/fr\/wp-json\/wp\/v2\/comments?post=12453"}],"version-history":[{"count":5,"href":"https:\/\/www.skilife.ski\/fr\/wp-json\/wp\/v2\/pages\/12453\/revisions"}],"predecessor-version":[{"id":14423,"href":"https:\/\/www.skilife.ski\/fr\/wp-json\/wp\/v2\/pages\/12453\/revisions\/14423"}],"wp:featuredmedia":[{"embeddable":true,"href":"https:\/\/www.skilife.ski\/fr\/wp-json\/wp\/v2\/media\/14431"}],"wp:attachment":[{"href":"https:\/\/www.skilife.ski\/fr\/wp-json\/wp\/v2\/media?parent=12453"}],"curies":[{"name":"wp","href":"https:\/\/api.w.org\/{rel}","templated":true}]}}