{"id":13758,"date":"2016-10-03T14:09:18","date_gmt":"2016-10-03T12:09:18","guid":{"rendered":"http:\/\/www.skilife.ski\/fr\/le-montagne-incantate-le-cime-piu-alte-deuropa-la-valle-daosta\/"},"modified":"2016-10-21T11:07:58","modified_gmt":"2016-10-21T09:07:58","slug":"skier-en-vallee-daoste","status":"publish","type":"page","link":"https:\/\/www.skilife.ski\/fr\/skier-en-vallee-daoste\/","title":{"rendered":"#skier en Vall\u00e9e d\u2019Aoste."},"content":{"rendered":"<h4 id=\"subtitle\">Une descente depuis les plus hautes cimes enchanteresses d\u2019Europe.<\/h4>\n<p><img loading=\"lazy\" decoding=\"async\" width=\"1026\" height=\"640\" class=\"alignnone size-full wp-image-14120\" src=\"\/wp-content\/uploads\/2016\/10\/Box-skilife-HP-interna-1.jpg\" alt=\"SkiLife - comment ne perdre un seul cm. de neige\" srcset=\"https:\/\/www.skilife.ski\/wp-content\/uploads\/2016\/10\/Box-skilife-HP-interna-1.jpg 1026w, https:\/\/www.skilife.ski\/wp-content\/uploads\/2016\/10\/Box-skilife-HP-interna-1-180x112.jpg 180w, https:\/\/www.skilife.ski\/wp-content\/uploads\/2016\/10\/Box-skilife-HP-interna-1-250x156.jpg 250w, https:\/\/www.skilife.ski\/wp-content\/uploads\/2016\/10\/Box-skilife-HP-interna-1-768x479.jpg 768w, https:\/\/www.skilife.ski\/wp-content\/uploads\/2016\/10\/Box-skilife-HP-interna-1-700x437.jpg 700w, https:\/\/www.skilife.ski\/wp-content\/uploads\/2016\/10\/Box-skilife-HP-interna-1-120x75.jpg 120w, https:\/\/www.skilife.ski\/wp-content\/uploads\/2016\/10\/Box-skilife-HP-interna-1-300x187.jpg 300w, https:\/\/www.skilife.ski\/wp-content\/uploads\/2016\/10\/Box-skilife-HP-interna-1-600x374.jpg 600w\" sizes=\"(max-width: 1026px) 100vw, 1026px\" \/><br \/>\n&nbsp;<\/p>\n<p>Seulement 3.260 km2, mais la plus petite r\u00e9gion italienne y concentre tout ce que l\u2019on peut souhaiter en fait de montagne.<\/p>\n<p>La Vall\u00e9e d\u2019Aoste abrite de nombreuses stations de ski, tr\u00e8s diff\u00e9rentes les unes des autres&nbsp;:<\/p>\n<p>Il existe deux grands domaines skiables internationaux&nbsp;: si l\u2019on souhaite passer une journ\u00e9e sur les neiges de Zermatt, l\u2019on peut utiliser les remont\u00e9es et diff\u00e9rents raccordements qui, sans interruption, permettent de rejoindre la Suisse depuis <a href=\"http:\/\/www.skilife.ski\/fr\/cervinia\/\">Breuil-Cervinia Valtournenche<\/a>, tandis qu\u2019\u00e0 <a href=\"http:\/\/www.skilife.ski\/fr\/la-thuile\/\">La Thuile<\/a> il suffit de monter au sommet du Col du Petit-Saint-Bernard pour se retrouver en France, sur les pentes de La Rosi\u00e8re, situ\u00e9es entre les deux pays. Quant aux 3 vall\u00e9es du domaine skiable de Monterosa Ski (Gressoney, Ayas et Champoluc), elles sont reli\u00e9es, au-del\u00e0 de la fronti\u00e8re r\u00e9gionale, \u00e0 <a href=\"http:\/\/www.skilife.ski\/fr\/alagna-valsesia\/\">Alagna Valsesia<\/a>, dans le Pi\u00e9mont.<\/p>\n<p>\u00c0 cela s\u2019ajoutent les stations de <a href=\"http:\/\/www.skilife.ski\/fr\/courmayeur\/\">Courmayeur<\/a>, au pied du Mont-Blanc, et de <a href=\"http:\/\/www.skilife.ski\/fr\/pila\/\">Pila<\/a>, la montagne d\u2019Aoste, reli\u00e9e par une t\u00e9l\u00e9cabine au chef-lieu r\u00e9gional&nbsp;; <a href=\"http:\/\/www.skilife.ski\/fr\/torgnon\/\">Torgnon<\/a>, <a href=\"http:\/\/www.skilife.ski\/fr\/champorcher\/\">Champorcher<\/a> et <a href=\"http:\/\/www.skilife.ski\/fr\/crevacol\/\">Cr\u00e9vacol<\/a> sont, comme d\u2019autres localit\u00e9s, tr\u00e8s adapt\u00e9es \u00e0 des vacances en famille.<\/p>\n<p>Ainsi avons-nous un nombre total de <strong>23 stations<\/strong>, <strong>800 kilom\u00e8tres<\/strong> de pistes,<strong> 160 remont\u00e9es m\u00e9caniques<\/strong> et <strong>10 parcs de neige<\/strong>, pour lesquels il est possible de se procurer un forfait \u00e9lectronique international unique, qui permet d\u2019acc\u00e9der directement \u00e0 toutes les remont\u00e9es m\u00e9caniques.<\/p>\n<p>En navigant \u00e0 l\u2019int\u00e9rieur du site, vous pourrez d\u00e9couvrir o\u00f9 se trouvent les stations de ski, comment vous y rendre et surtout laquelle de leurs offres est susceptible de r\u00e9pondre \u00e0 vos exigences.<\/p>\n<p>Par ailleurs, vous n\u2019\u00eates pas oblig\u00e9 de vous limiter \u00e0 un seul domaine&nbsp;: le <strong>Skipass Vall\u00e9e d\u2019Aoste<\/strong> vous offre la possibilit\u00e9 d\u2019acc\u00e9der \u00e0 toutes les pistes de la r\u00e9gion avec un seul billet. Un vrai ski-safari pour d\u00e9couvrir les Alpes vald\u00f4taines skis aux pieds.<\/p>\n<p>&nbsp;<\/p>\n","protected":false},"excerpt":{"rendered":"Une descente depuis les plus hautes cimes enchanteresses d\u2019Europe. &nbsp; Seulement 3.260 km2, mais la plus petite r\u00e9gion italienne y concentre tout ce que l\u2019on peut souhaiter en fait de montagne. La Vall\u00e9e d\u2019Aoste abrite de nombreuses stations de ski, tr\u00e8s diff\u00e9rentes les unes des autres&nbsp;: Il existe deux grands domaines skiables internationaux&nbsp;: si l\u2019on&#8230; <a class=\"view-article\" href=\"https:\/\/www.skilife.ski\/fr\/skier-en-vallee-daoste\/\">Voir l&#8217;article<\/a>","protected":false},"author":5,"featured_media":12981,"parent":0,"menu_order":0,"comment_status":"closed","ping_status":"closed","template":"","meta":{"footnotes":""},"_links":{"self":[{"href":"https:\/\/www.skilife.ski\/fr\/wp-json\/wp\/v2\/pages\/13758"}],"collection":[{"href":"https:\/\/www.skilife.ski\/fr\/wp-json\/wp\/v2\/pages"}],"about":[{"href":"https:\/\/www.skilife.ski\/fr\/wp-json\/wp\/v2\/types\/page"}],"author":[{"embeddable":true,"href":"https:\/\/www.skilife.ski\/fr\/wp-json\/wp\/v2\/users\/5"}],"replies":[{"embeddable":true,"href":"https:\/\/www.skilife.ski\/fr\/wp-json\/wp\/v2\/comments?post=13758"}],"version-history":[{"count":3,"href":"https:\/\/www.skilife.ski\/fr\/wp-json\/wp\/v2\/pages\/13758\/revisions"}],"predecessor-version":[{"id":14123,"href":"https:\/\/www.skilife.ski\/fr\/wp-json\/wp\/v2\/pages\/13758\/revisions\/14123"}],"wp:featuredmedia":[{"embeddable":true,"href":"https:\/\/www.skilife.ski\/fr\/wp-json\/wp\/v2\/media\/12981"}],"wp:attachment":[{"href":"https:\/\/www.skilife.ski\/fr\/wp-json\/wp\/v2\/media?parent=13758"}],"curies":[{"name":"wp","href":"https:\/\/api.w.org\/{rel}","templated":true}]}}