{"id":14877,"date":"2016-12-21T15:18:47","date_gmt":"2016-12-21T14:18:47","guid":{"rendered":"http:\/\/www.skilife.ski\/fr\/?page_id=14877"},"modified":"2016-12-21T15:18:47","modified_gmt":"2016-12-21T14:18:47","slug":"skilife-app","status":"publish","type":"page","link":"https:\/\/www.skilife.ski\/fr\/privacy\/skilife-app\/","title":{"rendered":"Skilife App"},"content":{"rendered":"<p>Art. 13 dlgs 196\/2003. L&#8217;app Skilife est un service qui vous permet, en se connectant \u00e0 Internet, de v\u00e9rifier la performance et les d\u00e9bits du Teleskipass, en v\u00e9rifiant les parcous effectu\u00e9s chaque jour du skipass. Ce parcours est obtenu en traitant les passages enr\u00e9gistr\u00e9s aux tourniquets, vu que les supports o\u00f9 viennent charg\u00e9s les documents utilisent la technologie RFID (RADIO FREQUENCY IDENTIFICATION). Grace \u00e0 cette technologie il est possible d&#8217;enr\u00e9gistrer les passages aux r\u00e9mont\u00e9es m\u00e9caniques, parmi des syst\u00e8mes connect\u00e9s, sans aucune intervention du skieur. Ce service peut etre activ\u00e9 sur demande du propri\u00e9taire du Skipass en saisissant le num\u00e9ro identificatif du Skipass. Il est pr\u00e9cis\u00e9 que le Skipass est personnel et non transmissible et on suppose qui soit le propri\u00e9taire \u00e0 l&#8217;utiliser, ou quelqu&#8217;un d&#8217;autre authoris\u00e9 \u00e0 faire la meme chose. Les soci\u00e9t\u00e9s \u00e9mettrices ne sont pas responsables pour des diff\u00e9rentes ou frauduleuses utilisations du Skipass. Les donn\u00e9es personnelles trait\u00e9es (donn\u00e9es d&#8217;identification et donn\u00e9es des passages aux tourniquets) avec le but de fournir le service demand\u00e9, sont collect\u00e9es au moment de l&#8217;achat ou avec l&#8217;ulilisation du Skipass. Ces donn\u00e9es sont trait\u00e9es par des syst\u00e8mes t\u00e9l\u00e9matiques et informatiques par le personnel charg\u00e9. Ces donn\u00e9es peuvent \u00e9ventuellement etre communiqu\u00e9s, en ex\u00e9cution d&#8217;une obligation de loi et sans pr\u00e9judice des droits du titulaire pr\u00e9vus \u00e0 l&#8217;art. 7 de la loi 196\/2003, qui pourront s&#8217;exercer dans chaque moment en s&#8217;adressant aux soci\u00e9t\u00e9s \u00e9mettrices.&#8221;<\/p>\n","protected":false},"excerpt":{"rendered":"Art. 13 dlgs 196\/2003. L&#8217;app Skilife est un service qui vous permet, en se connectant \u00e0 Internet, de v\u00e9rifier la performance et les d\u00e9bits du Teleskipass, en v\u00e9rifiant les parcous effectu\u00e9s chaque jour du skipass. Ce parcours est obtenu en traitant les passages enr\u00e9gistr\u00e9s aux tourniquets, vu que les supports o\u00f9 viennent charg\u00e9s les documents&#8230; <a class=\"view-article\" href=\"https:\/\/www.skilife.ski\/fr\/privacy\/skilife-app\/\">Voir l&#8217;article<\/a>","protected":false},"author":5,"featured_media":0,"parent":11483,"menu_order":0,"comment_status":"closed","ping_status":"closed","template":"","meta":{"footnotes":""},"_links":{"self":[{"href":"https:\/\/www.skilife.ski\/fr\/wp-json\/wp\/v2\/pages\/14877"}],"collection":[{"href":"https:\/\/www.skilife.ski\/fr\/wp-json\/wp\/v2\/pages"}],"about":[{"href":"https:\/\/www.skilife.ski\/fr\/wp-json\/wp\/v2\/types\/page"}],"author":[{"embeddable":true,"href":"https:\/\/www.skilife.ski\/fr\/wp-json\/wp\/v2\/users\/5"}],"replies":[{"embeddable":true,"href":"https:\/\/www.skilife.ski\/fr\/wp-json\/wp\/v2\/comments?post=14877"}],"version-history":[{"count":1,"href":"https:\/\/www.skilife.ski\/fr\/wp-json\/wp\/v2\/pages\/14877\/revisions"}],"predecessor-version":[{"id":14878,"href":"https:\/\/www.skilife.ski\/fr\/wp-json\/wp\/v2\/pages\/14877\/revisions\/14878"}],"up":[{"embeddable":true,"href":"https:\/\/www.skilife.ski\/fr\/wp-json\/wp\/v2\/pages\/11483"}],"wp:attachment":[{"href":"https:\/\/www.skilife.ski\/fr\/wp-json\/wp\/v2\/media?parent=14877"}],"curies":[{"name":"wp","href":"https:\/\/api.w.org\/{rel}","templated":true}]}}