{"id":15283,"date":"2017-09-29T09:51:21","date_gmt":"2017-09-29T07:51:21","guid":{"rendered":"http:\/\/www.skilife.ski\/fr\/vallee-daoste\/inizia-la-prevendita-dello-skipass-regionale\/"},"modified":"2024-10-15T17:05:16","modified_gmt":"2024-10-15T15:05:16","slug":"la-pre-vente-du-forfait-de-ski-regional-commence-2","status":"publish","type":"page","link":"https:\/\/www.skilife.ski\/fr\/vallee-daoste\/la-pre-vente-du-forfait-de-ski-regional-commence-2\/","title":{"rendered":"La pr\u00e9-vente du forfait de ski saisonnier r\u00e9gional est commenc\u00e9e"},"content":{"rendered":"<h4 id=\"subtitle\">Dans les principales stations de ski ou en ligne<\/h4>\n<p><img loading=\"lazy\" decoding=\"async\" width=\"1813\" height=\"810\" class=\"alignnone size-full wp-image-14927\" src=\"http:\/\/www.skilife.ski\/wp-content\/uploads\/2017\/01\/Foto-gennaio-02-01.jpg\" alt=\"foto-gennaio-02-01\" srcset=\"https:\/\/www.skilife.ski\/wp-content\/uploads\/2017\/01\/Foto-gennaio-02-01.jpg 1813w, https:\/\/www.skilife.ski\/wp-content\/uploads\/2017\/01\/Foto-gennaio-02-01-180x80.jpg 180w, https:\/\/www.skilife.ski\/wp-content\/uploads\/2017\/01\/Foto-gennaio-02-01-250x112.jpg 250w, https:\/\/www.skilife.ski\/wp-content\/uploads\/2017\/01\/Foto-gennaio-02-01-768x343.jpg 768w, https:\/\/www.skilife.ski\/wp-content\/uploads\/2017\/01\/Foto-gennaio-02-01-700x313.jpg 700w, https:\/\/www.skilife.ski\/wp-content\/uploads\/2017\/01\/Foto-gennaio-02-01-120x54.jpg 120w, https:\/\/www.skilife.ski\/wp-content\/uploads\/2017\/01\/Foto-gennaio-02-01-300x134.jpg 300w, https:\/\/www.skilife.ski\/wp-content\/uploads\/2017\/01\/Foto-gennaio-02-01-600x268.jpg 600w\" sizes=\"(max-width: 1813px) 100vw, 1813px\" \/><\/p>\n<article class=\"novita\">\n<div class=\"fra_container\">\n<p>Il est d\u00e9sormais possible d&#8217;acheter le skipass saisonnier r\u00e9gional <a href=\"https:\/\/www.skilife.ski\/acquista-online\/\">en ligne<\/a> ou aupr\u00e8s des points de vente suivants :<\/p>\n<ul>\n<li style=\"font-weight: 400;\"><strong><span>Pila&nbsp;<\/span><\/strong><span>\u2013 Billetterie d&#8217;Aoste (d\u00e9part de la t\u00e9l\u00e9cabine Aoste-Pila) &#8211;&nbsp;<\/span><span>du lundi au samedi de 8h00 \u00e0 12h30 et de 14h30 \u00e0 18h00.<\/span><\/li>\n<li style=\"font-weight: 400;\"><strong>Cervino Ski Paradise <\/strong>\u2013 billetterie centrale \u00e0 partir du <strong>25 octobre<\/strong> de 08h00 <span> \u00e0 12h30 et de 13h45 \u00e0 16h30<\/span><\/li>\n<li style=\"font-weight: 400;\"><strong>Courmayeur Mont Blanc Funivie<\/strong> \u2013 du lundi au vendredi de 8h30 \u00e0 12h30 et de 14h00 \u00e0 17h00. \u00c0 partir du 1er novembre, tous les jours de 8h30 \u00e0 12h30 et de 14h00 \u00e0 17h30<\/li>\n<li style=\"font-weight: 400;\"><strong>Skyway Monte Bianco <\/strong>&#8211; tous les jours de 8h00 \u00e0 15h00 sauf pendant la p\u00e9riode du 4 au 22 novembre 2025.<\/li>\n<li style=\"font-weight: 400;\"><strong>Monterosa &#8211; <\/strong>Billetteries de Champoluc, Staffal et Champorcher \u2013 du lundi au vendredi de 9h00 \u00e0 12h00 et de 13h00 \u00e0 16h30. 1-2-3 novembre 2024 : Staffal de 09h00 \u00e0 16h30, Champoluc et Champorcher <span>de 9h00 \u00e0 12h00 et de 13h00 \u00e0 17h00.<\/span><\/li>\n<li style=\"font-weight: 400;\"><strong>La Thuile \u2013 \u00e0 partir du 21 octobre <\/strong>aux bureaux administratifs \u2013 de 9h00 \u00e0 12h00 et de 14h00 \u00e0 16h30. En novembre 01\/11 et tous les week-ends au Point Giallo Blu de 09h00 \u00e0 13h00<\/li>\n<li><b class=\"\"><span class=\"\">Le guichet de Banca Sella <\/span><\/b><span class=\"\">avec la possibilit\u00e9 de payer en 6 mensualit\u00e9s sans int\u00e9r\u00eats (jusqu&#8217;au 30 novembre)<\/span><\/li>\n<\/ul>\n<p>Pour plus d&#8217;informations sur les conditions et les tarifs, vous pouvez appeler les bureaux de Skipass Vall\u00e9e d&#8217;Aoste :<br \/>\nT. 0165 238871 du lundi au vendredi de 8h00 \u00e0 12h30 et de 14h00 \u00e0 17h30.<\/p>\n<\/div>\n<\/article>\n","protected":false},"excerpt":{"rendered":"Dans les principales stations de ski ou en ligne Il est d\u00e9sormais possible d&#8217;acheter le skipass saisonnier r\u00e9gional en ligne ou aupr\u00e8s des points de vente suivants : Pila&nbsp;\u2013 Billetterie d&#8217;Aoste (d\u00e9part de la t\u00e9l\u00e9cabine Aoste-Pila) &#8211;&nbsp;du lundi au samedi de 8h00 \u00e0 12h30 et de 14h30 \u00e0 18h00. Cervino Ski Paradise \u2013 billetterie centrale&#8230; <a class=\"view-article\" href=\"https:\/\/www.skilife.ski\/fr\/vallee-daoste\/la-pre-vente-du-forfait-de-ski-regional-commence-2\/\">Voir l&#8217;article<\/a>","protected":false},"author":5,"featured_media":12981,"parent":8649,"menu_order":0,"comment_status":"closed","ping_status":"closed","template":"","meta":{"footnotes":""},"_links":{"self":[{"href":"https:\/\/www.skilife.ski\/fr\/wp-json\/wp\/v2\/pages\/15283"}],"collection":[{"href":"https:\/\/www.skilife.ski\/fr\/wp-json\/wp\/v2\/pages"}],"about":[{"href":"https:\/\/www.skilife.ski\/fr\/wp-json\/wp\/v2\/types\/page"}],"author":[{"embeddable":true,"href":"https:\/\/www.skilife.ski\/fr\/wp-json\/wp\/v2\/users\/5"}],"replies":[{"embeddable":true,"href":"https:\/\/www.skilife.ski\/fr\/wp-json\/wp\/v2\/comments?post=15283"}],"version-history":[{"count":10,"href":"https:\/\/www.skilife.ski\/fr\/wp-json\/wp\/v2\/pages\/15283\/revisions"}],"predecessor-version":[{"id":18537,"href":"https:\/\/www.skilife.ski\/fr\/wp-json\/wp\/v2\/pages\/15283\/revisions\/18537"}],"up":[{"embeddable":true,"href":"https:\/\/www.skilife.ski\/fr\/wp-json\/wp\/v2\/pages\/8649"}],"wp:featuredmedia":[{"embeddable":true,"href":"https:\/\/www.skilife.ski\/fr\/wp-json\/wp\/v2\/media\/12981"}],"wp:attachment":[{"href":"https:\/\/www.skilife.ski\/fr\/wp-json\/wp\/v2\/media?parent=15283"}],"curies":[{"name":"wp","href":"https:\/\/api.w.org\/{rel}","templated":true}]}}