{"id":17374,"date":"2021-12-21T09:16:05","date_gmt":"2021-12-21T08:16:05","guid":{"rendered":"https:\/\/www.skilife.ski\/teleskipass-3\/"},"modified":"2021-12-21T09:16:05","modified_gmt":"2021-12-21T08:16:05","slug":"teleskipass-3","status":"publish","type":"page","link":"https:\/\/www.skilife.ski\/fr\/teleskipass-3\/","title":{"rendered":"TeleSkipass -COPY"},"content":{"rendered":"<h4 id=\"subtitle\">Avec le service Teleskipass vous oubliez les files d&#8217;attente \u00e0 la billetterie.<\/h4>\n<p><img loading=\"lazy\" decoding=\"async\" src=\"\/wp-content\/uploads\/2015\/12\/teleskipasslungo4.gif\" alt=\" \" width=\"455\" height=\"150\" border=\"0\"><\/p>\n<p>Valable dans tous le domaines de ski de la Vall\u00e9e d&#8217;Aoste, le Teleskipass est un service permettant aux skieurs d\u2019acc\u00e9der directement aux remont\u00e9es m\u00e9caniques de tout domaine skiable vald\u00f4tain sans passer au pr\u00e9alable aux caisses pour acheter le forfait ski d\u00e9sir\u00e9 et en enregistrer le tarif sur leur badge de ski.<\/p>\n<p>La journ\u00e9e de ski \u00e9coul\u00e9e, la carte de cr\u00e9dit de tout utilisateur du service sera automatiquement d\u00e9bit\u00e9e du montant d\u00fb en relation avec:<\/p>\n<ul>\n<li>le type de forfait ski exploit\u00e9 (journ\u00e9e ou demi-journ\u00e9e)<\/li>\n<li>tarif appliqu\u00e9 par la station de ski concern\u00e9e<\/li>\n<li>le tarif dont le skieur peut \u00e9videmment profiter (baby, junior, jeune, adulte ou senior),&nbsp;selon les tarifs appliqu\u00e9s par les stations de ski.<\/li>\n<\/ul>\n<p>Utilisez le liens dans cette page pour toute information et pour l&#8217;acc\u00e8s \u00e0 l&#8217;espace client.<\/p>\n<div align=\"center\">\n<table style=\"margin-bottom: 0.7em;\" width=\"100%\" cellspacing=\"0\" cellpadding=\"0\">\n<tbody>\n<tr>\n<td style=\"border: 1px solid; border-color: #55C2E4; border-radius: 0.5em 0.5em 0em 0em; background-color: #55c2e4;\" align=\"left\">\n<p style=\"font-size: 1.4em; font-weight: bold; color: #fff; margin-top: 0.5em; margin-bottom: 0.5em; padding-left: 2em;\">INFORMATIONS G\u00c9N\u00c9RALES<\/p>\n<\/td>\n<\/tr>\n<tr>\n<td style=\"border: 1px solid; border-color: #55C2E4; padding: 0.7em 1em 0.7em 1em;\" align=\"center\">\n<ul style=\"display: block; min-width: 20em; float: left; text-align: left; margin-left: 2em;\">\n<li><a href=\"\/fr\/teleskipass\/le-tsk-cest-quoi\/\">Le Teleskipass, c&#8217;est quoi?<\/a><\/li>\n<li><a href=\"\/fr\/teleskipass\/termes-et-conditions\/\">Termes et Conditions<\/a><\/li>\n<li><a href=\"\/fr\/teleskipass\/avantages-et-reductions\/\">Avantages et r\u00e9ductions<\/a><\/li>\n<\/ul>\n<ul style=\"display: block; min-width: 20em; float: left; text-align: left; margin-left: 2em;\">\n<li><a href=\"\/fr\/teleskipass\/assurance\/\">Assurance<\/a><\/li>\n<li><a href=\"\/fr\/teleskipass\/types-de-forfaits-ski\/\">Types de forfaits ski<\/a><\/li>\n<li><a href=\"\/fr\/teleskipass\/contact\/\">Contact<\/a><\/li>\n<\/ul>\n<\/td>\n<\/tr>\n<\/tbody>\n<\/table>\n<table style=\"margin-bottom: 0.7em;\" width=\"100%\" cellspacing=\"0\" cellpadding=\"0\">\n<tbody>\n<tr>\n<td style=\"border: 1px solid; border-color: #55C2E4; border-radius: 0.5em 0.5em 0em 0em; background-color: #55c2e4;\" align=\"left\">\n<p style=\"font-size: 1.4em; font-weight: bold; color: #fff; margin-top: 0.5em; margin-bottom: 0.5em; padding-left: 2em;\">CONTRAT<\/p>\n<\/td>\n<\/tr>\n<tr>\n<td style=\"border: 1px solid; border-color: #55C2E4; padding: 0.7em 1em 0.7em 1em;\" align=\"center\">\n<ul style=\"display: block; min-width: 20em; float: left; text-align: left; margin-left: 2em;\">\n<li><a href=\"https:\/\/www.skilife.ski\/wp-content\/uploads\/2021\/09\/Contratto-Teleskipass-non-residente-v2021.pdf\">Non-r\u00e9sidents<\/a><\/li>\n<li><a href=\"https:\/\/www.skilife.ski\/wp-content\/uploads\/2021\/09\/Contratto-Teleskipass-Residente-v2021.pdf\">R\u00e9sidents vald\u00f4tains<\/a><\/li>\n<li><a href=\"\/fr\/teleskipass\/enregistrement-prealable\/\">Enregistrement pr\u00e9alable<\/a><\/li>\n<\/ul>\n<ul style=\"display: block; min-width: 20em; float: left; text-align: left; margin-left: 2em;\">\n<li><a href=\"\/fr\/teleskipass\/ou-souscrire-et-activer-le-contrat\/\">O\u00f9 activer le contrat<\/a><\/li>\n<li><a href=\"\/fr\/teleskipass\/frais-dactivation\/\">Frais d&#8217;activation<\/a><\/li>\n<li><a href=\"\/fr\/teleskipass\/demande-de-resiliation\/\">Demande de r\u00e9siliation<\/a><\/li>\n<\/ul>\n<\/td>\n<\/tr>\n<\/tbody>\n<\/table>\n<table style=\"margin-bottom: 0.7em;\" width=\"100%\" cellspacing=\"0\" cellpadding=\"0\">\n<tbody>\n<tr>\n<td style=\"border: 1px solid; border-color: #55C2E4; border-radius: 0.5em 0.5em 0em 0em; background-color: #55c2e4;\" align=\"left\">\n<p style=\"font-size: 1.4em; font-weight: bold; color: #fff; margin-top: 0.5em; margin-bottom: 0.5em; padding-left: 2em;\">ACC\u00c8S ESPACE CLIENTS<\/p>\n<\/td>\n<\/tr>\n<tr>\n<td style=\"border: 1px solid; border-color: #55C2E4; padding: 0.7em 1em 0.7em 1em;\" align=\"center\">\n<ul style=\"display: block; min-width: 20em; float: left; text-align: left; margin-left: 2em;\">\n<li><a href=\"\/fr\/teleskipass\/espace-clients\/\">Modification de l&#8217;option assurance<\/a><\/li>\n<li><a href=\"\/fr\/teleskipass\/blocage-des-badges\/\">Blocage des badges<\/a><\/li>\n<li><a href=\"\/fr\/teleskipass\/espace-clients\/\">Modification des donn\u00e9es personnelles<\/a><\/li>\n<\/ul>\n<ul style=\"display: block; min-width: 20em; float: left; text-align: left; margin-left: 2em;\">\n<li><a href=\"http:\/\/www.skilife.ski\/fr\/teleskipass\/espace-clients\/\">Mise \u00e0 jour donn\u00e9es carte de cr\u00e9dit<\/a><\/li>\n<li><a href=\"\/fr\/teleskipass\/espace-clients\/\">Relev\u00e9 des paiements<\/a><\/li>\n<\/ul>\n<\/td>\n<\/tr>\n<\/tbody>\n<\/table>\n<table style=\"margin-bottom: 0.7em;\" width=\"100%\" cellspacing=\"0\" cellpadding=\"0\">\n<tbody>\n<tr>\n<td style=\"border: 1px solid; border-color: #55C2E4; border-radius: 0.5em 0.5em 0em 0em; background-color: #55c2e4;\" align=\"left\">\n<p style=\"font-size: 1.4em; font-weight: bold; color: #fff; margin-top: 0.5em; margin-bottom: 0.5em; padding-left: 2em;\">TELESKIPASS \u00c9T\u00c9<\/p>\n<\/td>\n<\/tr>\n<tr>\n<td style=\"border: 1px solid; border-color: #55C2E4; padding: 0.7em 1em 0.7em 1em;\" align=\"center\">\n<ul style=\"display: block; min-width: 20em; float: left; text-align: left; margin-left: 2em;\">\n<li><a href=\"\/fr\/teleskipass\/pour-tout-savoir\/\">Pour tout savoir<\/a><\/li>\n<\/ul>\n<\/td>\n<\/tr>\n<\/tbody>\n<\/table>\n<\/div>\n","protected":false},"excerpt":{"rendered":"Avec le service Teleskipass vous oubliez les files d&#8217;attente \u00e0 la billetterie. Valable dans tous le domaines de ski de la Vall\u00e9e d&#8217;Aoste, le Teleskipass est un service permettant aux skieurs d\u2019acc\u00e9der directement aux remont\u00e9es m\u00e9caniques de tout domaine skiable vald\u00f4tain sans passer au pr\u00e9alable aux caisses pour acheter le forfait ski d\u00e9sir\u00e9 et en&#8230; <a class=\"view-article\" href=\"https:\/\/www.skilife.ski\/fr\/teleskipass-3\/\">Voir l&#8217;article<\/a>","protected":false},"author":5,"featured_media":15835,"parent":0,"menu_order":0,"comment_status":"closed","ping_status":"closed","template":"","meta":{"footnotes":""},"_links":{"self":[{"href":"https:\/\/www.skilife.ski\/fr\/wp-json\/wp\/v2\/pages\/17374"}],"collection":[{"href":"https:\/\/www.skilife.ski\/fr\/wp-json\/wp\/v2\/pages"}],"about":[{"href":"https:\/\/www.skilife.ski\/fr\/wp-json\/wp\/v2\/types\/page"}],"author":[{"embeddable":true,"href":"https:\/\/www.skilife.ski\/fr\/wp-json\/wp\/v2\/users\/5"}],"replies":[{"embeddable":true,"href":"https:\/\/www.skilife.ski\/fr\/wp-json\/wp\/v2\/comments?post=17374"}],"version-history":[{"count":0,"href":"https:\/\/www.skilife.ski\/fr\/wp-json\/wp\/v2\/pages\/17374\/revisions"}],"wp:featuredmedia":[{"embeddable":true,"href":"https:\/\/www.skilife.ski\/fr\/wp-json\/wp\/v2\/media\/15835"}],"wp:attachment":[{"href":"https:\/\/www.skilife.ski\/fr\/wp-json\/wp\/v2\/media?parent=17374"}],"curies":[{"name":"wp","href":"https:\/\/api.w.org\/{rel}","templated":true}]}}