{"id":17542,"date":"2022-03-13T10:13:52","date_gmt":"2022-03-13T09:13:52","guid":{"rendered":"https:\/\/www.skilife.ski\/fiera-santorso-2022\/"},"modified":"2022-03-24T16:58:17","modified_gmt":"2022-03-24T15:58:17","slug":"foire-saintours-2022","status":"publish","type":"page","link":"https:\/\/www.skilife.ski\/fr\/foire-saintours-2022\/","title":{"rendered":"La Foire de Saint-Ours au printemps et avec les skis"},"content":{"rendered":"<p>[vc_row][vc_column][vc_column_text]Les visiteurs de la Foire de Saint-Ours (2-3 avril 2022) ont une raison de plus de participer \u00e0 l&#8217;\u00e9v\u00e9nement mill\u00e9naire de l&#8217;artisanat vald\u00f4tain: l&#8217;opportunit\u00e9 de profiter du ski de printemps en Vall\u00e9e d&#8217;Aoste ou d&#8217;une ascension au Skyway Mont Blanc \u00e0 un tarif promotionnel d\u00e9di\u00e9.<\/p>\n<p>Aux points d&#8217;information de la Foire, il est possible de retirer un code promotionnel pour l&#8217;achat en ligne d&#8217;un forfait-ski journ\u00e9e valable dans un domaine skiable de la Vall\u00e9e d&#8217;Aoste de votre choix ou pour une ascension au Skyway Monte Bianco, du 2 avril au 1er mai 2022 (conditions d&#8217;ouverture et d&#8217;enneigement le permettant) au tarif promotionnel de 30,00 \u20ac<\/p>\n<p>Avez-vous d\u00e9j\u00e0 r\u00e9cup\u00e9r\u00e9 votre code promotionnel ?<\/p>\n<p>Choisissez la station o\u00f9 vous souhaitez l&#8217;utiliser ci-dessous, entrez-le dans le champ appropri\u00e9 et acc\u00e9dez \u00e0 la promotion.<\/p>\n<p>Bonne journ\u00e9e sous la neige du printemps.[\/vc_column_text][\/vc_column][\/vc_row][vc_row][vc_column width=&#8221;1\/2&#8243;][vc_btn title=&#8221;CERVINIA&#8221; style=&#8221;custom&#8221; custom_background=&#8221;#0084be&#8221; custom_text=&#8221;#ffffff&#8221; size=&#8221;lg&#8221; align=&#8221;center&#8221; i_icon_fontawesome=&#8221;fa fa-shopping-cart&#8221; button_block=&#8221;true&#8221; add_icon=&#8221;true&#8221; link=&#8221;url:https%3A%2F%2Fcervino.skiperformance.com%2Ffr%2Fstore%23%2Ffr%2Fbuy%3Fis_promo%3D1||target:%20_blank|&#8221;][\/vc_column][vc_column width=&#8221;1\/2&#8243;][vc_btn title=&#8221;COURMAYEUR&#8221; style=&#8221;custom&#8221; custom_background=&#8221;#0084be&#8221; custom_text=&#8221;#fcfcfc&#8221; size=&#8221;lg&#8221; align=&#8221;center&#8221; i_icon_fontawesome=&#8221;fa fa-shopping-cart&#8221; button_block=&#8221;true&#8221; add_icon=&#8221;true&#8221; link=&#8221;url:https%3A%2F%2Fcourmayeurmontblanc.skiperformance.com%2Ffr%2Fstore%23%2Ffr%2Fbuy%3Fis_promo%3D1||target:%20_blank|&#8221;][\/vc_column][\/vc_row][vc_row][vc_column width=&#8221;1\/2&#8243;][vc_btn title=&#8221;SKYWAY MONTE BIANCO&#8221; style=&#8221;custom&#8221; custom_background=&#8221;#0084be&#8221; custom_text=&#8221;#fcfcfc&#8221; size=&#8221;lg&#8221; align=&#8221;center&#8221; i_icon_fontawesome=&#8221;fa fa-shopping-cart&#8221; button_block=&#8221;true&#8221; add_icon=&#8221;true&#8221; link=&#8221;url:https%3A%2F%2Fmontebianco.skiperformance.com%2Ffr%2Fstore%23%2Ffr%2Fbuy%3Fis_promo%3D1||target:%20_blank|&#8221;][\/vc_column][vc_column width=&#8221;1\/2&#8243;][vc_btn title=&#8221;LA THUILE &#8211; LA ROSIERE&#8221; style=&#8221;custom&#8221; custom_background=&#8221;#0084be&#8221; custom_text=&#8221;#fcfcfc&#8221; size=&#8221;lg&#8221; align=&#8221;center&#8221; i_icon_fontawesome=&#8221;fa fa-shopping-cart&#8221; button_block=&#8221;true&#8221; add_icon=&#8221;true&#8221; link=&#8221;url:https%3A%2F%2Flathuile.skiperformance.com%2Ffr%2Fstore%23%2Ffr%2Fbuy%3Fis_promo%3D1||target:%20_blank|&#8221;][\/vc_column][\/vc_row][vc_row][vc_column width=&#8221;1\/2&#8243;][vc_btn title=&#8221;PILA&#8221; style=&#8221;custom&#8221; custom_background=&#8221;#0084be&#8221; custom_text=&#8221;#ffffff&#8221; size=&#8221;lg&#8221; align=&#8221;center&#8221; i_icon_fontawesome=&#8221;fa fa-shopping-cart&#8221; button_block=&#8221;true&#8221; add_icon=&#8221;true&#8221; link=&#8221;url:https%3A%2F%2Fpila.skiperformance.com%2Ffr%2Fstore%23%2Ffr%2Fbuy%3Fis_promo%3D1||target:%20_blank|&#8221;][\/vc_column][vc_column width=&#8221;1\/2&#8243;][vc_btn title=&#8221;MONTEROSA SKI&#8221; style=&#8221;custom&#8221; custom_background=&#8221;#0084be&#8221; custom_text=&#8221;#fcfcfc&#8221; size=&#8221;lg&#8221; align=&#8221;center&#8221; i_icon_fontawesome=&#8221;fa fa-shopping-cart&#8221; button_block=&#8221;true&#8221; add_icon=&#8221;true&#8221; link=&#8221;url:https%3A%2F%2Fmonterosa.skiperformance.com%2Ffr%2Fstore%23%2Ffr%2Fbuy%3Fis_promo%3D1||target:%20_blank|&#8221;][\/vc_column][\/vc_row]<\/p>\n","protected":false},"excerpt":{"rendered":"[vc_row][vc_column][vc_column_text]Les visiteurs de la Foire de Saint-Ours (2-3 avril 2022) ont une raison de plus de participer \u00e0 l&#8217;\u00e9v\u00e9nement mill\u00e9naire de l&#8217;artisanat vald\u00f4tain: l&#8217;opportunit\u00e9 de profiter du ski de printemps en Vall\u00e9e d&#8217;Aoste ou d&#8217;une ascension au Skyway Mont Blanc \u00e0 un tarif promotionnel d\u00e9di\u00e9. Aux points d&#8217;information de la Foire, il est possible de&#8230; <a class=\"view-article\" href=\"https:\/\/www.skilife.ski\/fr\/foire-saintours-2022\/\">Voir l&#8217;article<\/a>","protected":false},"author":5,"featured_media":0,"parent":0,"menu_order":0,"comment_status":"closed","ping_status":"closed","template":"","meta":{"footnotes":""},"_links":{"self":[{"href":"https:\/\/www.skilife.ski\/fr\/wp-json\/wp\/v2\/pages\/17542"}],"collection":[{"href":"https:\/\/www.skilife.ski\/fr\/wp-json\/wp\/v2\/pages"}],"about":[{"href":"https:\/\/www.skilife.ski\/fr\/wp-json\/wp\/v2\/types\/page"}],"author":[{"embeddable":true,"href":"https:\/\/www.skilife.ski\/fr\/wp-json\/wp\/v2\/users\/5"}],"replies":[{"embeddable":true,"href":"https:\/\/www.skilife.ski\/fr\/wp-json\/wp\/v2\/comments?post=17542"}],"version-history":[{"count":4,"href":"https:\/\/www.skilife.ski\/fr\/wp-json\/wp\/v2\/pages\/17542\/revisions"}],"predecessor-version":[{"id":17552,"href":"https:\/\/www.skilife.ski\/fr\/wp-json\/wp\/v2\/pages\/17542\/revisions\/17552"}],"wp:attachment":[{"href":"https:\/\/www.skilife.ski\/fr\/wp-json\/wp\/v2\/media?parent=17542"}],"curies":[{"name":"wp","href":"https:\/\/api.w.org\/{rel}","templated":true}]}}