{"id":17808,"date":"2022-11-09T21:22:35","date_gmt":"2022-11-09T20:22:35","guid":{"rendered":"https:\/\/www.skilife.ski\/promo-sci-piccoli-borghi\/"},"modified":"2024-02-01T16:41:10","modified_gmt":"2024-02-01T15:41:10","slug":"promo-ski-petits-bourgs-2","status":"publish","type":"page","link":"https:\/\/www.skilife.ski\/fr\/promo-ski-petits-bourgs-2\/","title":{"rendered":"D\u00e9couvrez la magie des petits bourgs et la promotion du ski en Vall\u00e9e d&#8217;Aoste \u00e0 un prix sp\u00e9cial"},"content":{"rendered":"<p>[vc_row][vc_column][vc_single_image image=&#8221;18442&#8243; img_size=&#8221;full&#8221; alignment=&#8221;center&#8221;][\/vc_column][\/vc_row][vc_row][vc_column][vc_btn title=&#8221;Acheter en ligne&#8221; style=&#8221;custom&#8221; custom_background=&#8221;#55c2e4&#8243; custom_text=&#8221;#ffffff&#8221; align=&#8221;center&#8221; css=&#8221;.vc_custom_1702922696879{margin-top: -12% !important;}&#8221; link=&#8221;url:https%3A%2F%2Fskilife.skiperformance.com%2Ffr%2Fstore%23%2Ffr%2Fbuy%3Fskugroup_id%3D4119|||&#8221; el_class=&#8221;button_custom&#8221;][\/vc_column][\/vc_row][vc_row full_height=&#8221;yes&#8221; content_placement=&#8221;middle&#8221;][vc_column width=&#8221;1\/2&#8243; css=&#8221;.vc_custom_1702904200354{margin-top: 10% !important;margin-bottom: 10% !important;}&#8221;][vc_custom_heading text=&#8221;Qu\u2019est-ce que le Magic Skipass&#8221; font_container=&#8221;tag:h1|font_size:1.8rem|text_align:left|color:%2355c2e4&#8243; google_fonts=&#8221;font_family:Oxygen%3A300%2Cregular%2C700|font_style:700%20bold%20regular%3A700%3Anormal&#8221; css=&#8221;.vc_custom_1702905412602{margin-bottom: 2rem !important;}&#8221;][vc_column_text el_class=&#8221;normal_par&#8221;]<\/p>\n<p class=\"vc_custom_heading vc_custom_1702905301641\">Magic Skipass est la promotion con\u00e7ue pour encourager la d\u00e9couverte d\u2019<strong>itin\u00e9raires insolites o\u00f9 vivre votre passion pour la neige<\/strong>, 11 magnifiques villages o\u00f9 vous pourrez essayer le ski et savourer les traditions les plus vraies et les plus profondes, contrecarrant le co\u00fbt de la vie \u00e9lev\u00e9.<\/p>\n<p class=\"vc_custom_heading\">Des exp\u00e9riences incontournables pour profiter de quelques jours loin du chaos, des rythmes fr\u00e9n\u00e9tiques des villes et d\u00e9couvrir la beaut\u00e9 du ski au milieu de la nature la plus pure et la plus merveilleuse de la Vall\u00e9e d\u2019Aoste.<\/p>\n<p>[\/vc_column_text][vc_btn title=&#8221;Acheter en ligne&#8221; style=&#8221;custom&#8221; custom_background=&#8221;#55c2e4&#8243; custom_text=&#8221;#ffffff&#8221; align=&#8221;left&#8221; link=&#8221;url:https%3A%2F%2Fskilife.skiperformance.com%2Ffr%2Fstore%23%2Ffr%2Fbuy%3Fskugroup_id%3D4119|||&#8221; el_class=&#8221;button_custom&#8221; css=&#8221;.vc_custom_1702925591359{margin-top: -5% !important;}&#8221;][\/vc_column][vc_column width=&#8221;1\/2&#8243;][vc_single_image image=&#8221;18286&#8243; img_size=&#8221;full&#8221; alignment=&#8221;right&#8221;][\/vc_column][\/vc_row][vc_row full_height=&#8221;yes&#8221; content_placement=&#8221;middle&#8221;][vc_column width=&#8221;1\/2&#8243; css=&#8221;.vc_custom_1702904200354{margin-top: 10% !important;margin-bottom: 10% !important;}&#8221;][vc_single_image image=&#8221;18267&#8243; img_size=&#8221;full&#8221;][\/vc_column][vc_column width=&#8221;1\/2&#8243;][vc_custom_heading text=&#8221;Et ce n&#8217;est pas tout!&#8221; font_container=&#8221;tag:h1|font_size:1.8rem|text_align:left|color:%2355c2e4&#8243; google_fonts=&#8221;font_family:Oxygen%3A300%2Cregular%2C700|font_style:700%20bold%20regular%3A700%3Anormal&#8221; css=&#8221;.vc_custom_1702920702061{margin-bottom: 2rem !important;}&#8221;][vc_column_text el_class=&#8221;normal_par&#8221;]Avec Magic Skipass, vous pouvez \u00e9galement profiter d&#8217;une heure de cours de ski ou de snowboard, dans les Ecoles de Ski disponibles dans les petits domaines participant \u00e0 l&#8217;initiative.<\/p>\n<p><a href=\"https:\/\/magic-skipass.skilife.ski\/Skilife_MagicSkipass_23-24.pdf\" download=\"\/downloads\/Skilife_MagicSkipass_23-24.pdf\">T\u00e9l\u00e9chargez le d\u00e9pliant<\/a><span>&nbsp;<\/span>de la promotion avec la liste et les contacts des \u00e9coles de ski participant \u00e0 la promotion<br \/>\n<small style=\"line-height: 0;\">Vous pourrez profiter de l&#8217;heure de cours pour toute la saison 2023\/2024 \u00e0 l&#8217;exception des week-ends et de la p\u00e9riode du 24\/12 au 01\/07 et du 12\/02 au 16\/02.<\/small><\/p>\n<p data-astro-cid-j7pv25f6=\"\">En s\u00e9journant dans l&#8217;un des<span>&nbsp;<\/span><a href=\"https:\/\/magic-skipass.skilife.ski\/adesioni-promo-piccole-stazioni-sciicchie-9ott2023.pdf\" target=\"_blank\" rel=\"noopener\">h\u00f4tels compris dans la promotion<\/a><span> <\/span>, max <span> &nbsp;<\/span><b>2 enfants*<\/b><span>&nbsp;<\/span>(jusqu&#8217;\u00e0 18 ans) b\u00e9n\u00e9ficient d&#8217;une nuit gratuite avec petit-d\u00e9jeuner s&#8217;ils s\u00e9journent dans la chambre de leurs parents, titulaires du forfait-ski promotionnel.<\/p>\n<p><b data-astro-cid-j7pv25f6=\"\">Chaque forfait-ski Magic Skipass achet\u00e9 par un adulte donne droit \u00e0 une nuit gratuite pour 1 ou deux enfants jusqu&#8217;\u00e0 18 ans, dans la chambre avec les parents.<\/b><\/p>\n<div class=\"exemples\">\n<p><b>Quelques exemples&nbsp;:<\/b><\/p>\n<ul>\n<li>2 parents (2 forfaits-ski) + 1\/2 enfant(s) : les adultes paient plein tarif et le(s) enfant(s) s\u00e9journent gratuitement pour deux nuits<\/li>\n<li>2 parents (1 forfaits-ski) + 1\/2 enfant(s) : les adultes paient plein tarif et le(s) enfant(s) s\u00e9journe(nt) gratuitement une nuit<\/li>\n<li>1 parent (1 forfaits-ski) + 1\/2 enfant(s) : l&#8217;adulte paie le plein tarif de la chambre double et le(s) enfant(s) s\u00e9journe(nt) gratuitement pour une nuit<\/li>\n<\/ul>\n<p><b>N.B.&nbsp;:<\/b><span>&nbsp;<\/span>L&#8217;entr\u00e9e gratuite \u00e0 l&#8217;h\u00f4tel est combin\u00e9e exclusivement avec un forfaits-ski adulte. Le forfaits-ski pour les enfants de 14 \u00e0 18 ans ne donne pas droit \u00e0 une entr\u00e9e gratuite.<\/p>\n<\/div>\n<p>[\/vc_column_text][\/vc_column][\/vc_row][vc_row][vc_column][vc_custom_heading text=&#8221;Comment profiter de la promotion&#8221; font_container=&#8221;tag:h1|text_align:center|color:%2355c2e4&#8243; google_fonts=&#8221;font_family:Oxygen%3A300%2Cregular%2C700|font_style:700%20bold%20regular%3A700%3Anormal&#8221;][\/vc_column][\/vc_row][vc_row equal_height=&#8221;yes&#8221; content_placement=&#8221;middle&#8221; parallax=&#8221;content-moving&#8221; parallax_image=&#8221;18298&#8243;][vc_column width=&#8221;1\/3&#8243;][vc_single_image image=&#8221;17892&#8243; alignment=&#8221;center&#8221;][vc_column_text]<\/p>\n<h1 style=\"text-align: center; font-family: Oxygen; font-size: 2rem;\"><span style=\"color: #ffffff;\">Acheter<\/span><\/h1>\n<p style=\"text-align: center; font-family: Oxygen; font-size: 1.4rem;\"><span style=\"color: #ffffff;\">le Magic Skipass en ligne ou aux caisses des domaines skiables participant \u00e0 l&#8217;initiative.<\/span><\/p>\n<p>[\/vc_column_text][\/vc_column][vc_column width=&#8221;1\/3&#8243;][vc_single_image image=&#8221;17889&#8243; alignment=&#8221;center&#8221;][vc_column_text]<\/p>\n<h1 style=\"text-align: center; font-family: Oxygen; font-size: 2rem;\"><span style=\"color: #ffffff;\">Collecter<\/span><\/h1>\n<p style=\"text-align: center; font-family: Oxygen; font-size: 1.4rem;\"><span style=\"color: #ffffff;\">le Magic Skipass dans l&#8217;une des billetteries des domaines skiables participant \u00e0 l&#8217;initiative.<\/span><\/p>\n<p>[\/vc_column_text][\/vc_column][vc_column width=&#8221;1\/3&#8243;][vc_single_image image=&#8221;17886&#8243; alignment=&#8221;center&#8221;][vc_column_text]<\/p>\n<h1 style=\"text-align: center; font-family: Oxygen; font-size: 2rem;\"><span style=\"color: #ffffff;\">D\u00e9couvrez<\/span><\/h1>\n<p style=\"text-align: center; font-family: Oxygen; font-size: 1.4rem;\"><span style=\"color: #ffffff;\">la beaut\u00e9 du ski sur les pistes de la Vall\u00e9e d&#8217;Aoste pendant 3 jours maximum dans la m\u00eame station de ski.<\/span><\/p>\n<p>[\/vc_column_text][\/vc_column][\/vc_row][vc_row][vc_column][vc_btn title=&#8221;Acheter en ligne&#8221; style=&#8221;custom&#8221; custom_background=&#8221;#55c2e4&#8243; custom_text=&#8221;#ffffff&#8221; align=&#8221;center&#8221; link=&#8221;url:https%3A%2F%2Fskilife.skiperformance.com%2Ffr%2Fstore%23%2Ffr%2Fbuy%3Fskugroup_id%3D4119|||&#8221; el_class=&#8221;button_custom&#8221; css=&#8221;.vc_custom_1702925695492{margin-top: -2% !important;}&#8221;][\/vc_column][\/vc_row][vc_row css=&#8221;.vc_custom_1702972650431{margin-top: 10% !important;}&#8221;][vc_column width=&#8221;1\/2&#8243;][vc_single_image image=&#8221;18322&#8243; img_size=&#8221;full&#8221;][\/vc_column][vc_column width=&#8221;1\/2&#8243;][vc_custom_heading text=&#8221;Un prix imbattable&#8221; font_container=&#8221;tag:h1|font_size:1.8rem|text_align:left|color:%2355c2e4&#8243; google_fonts=&#8221;font_family:Oxygen%3A300%2Cregular%2C700|font_style:700%20bold%20regular%3A700%3Anormal&#8221;][vc_column_text el_class=&#8221;normal_par&#8221;]1 forfait-ski nominal plusieurs-jours** pour 6 jours de ski \u00e0 utiliser librement dans les petits domaines skiables de la Vall\u00e9e d&#8217;Aoste pour seulement 100 \u20ac pour les adultes, gratuit pour les enfants jusqu&#8217;\u00e0 8 ans (\u00e0 l&#8217;achat d&#8217;un forfait de ski adulte) et 80 \u20ac pour les enfants de moins de 14 ans.<\/p>\n<p>Le forfait de ski peut \u00eatre utilis\u00e9 pendant trois jours maximum dans la m\u00eame station de ski<\/p>\n<p><em>**Le forfait de ski peut \u00eatre utilis\u00e9 pour un maximum de 3 jours de ski sur un m\u00eame petit domaine.<\/em><br \/>\n<em>Moins de 14 ans : n\u00e9 apr\u00e8s le 31\/10\/2029. <\/em><br \/>\n<em>Moins de 8 ans : n\u00e9 apr\u00e8s le 31\/10\/2015.<\/em>[\/vc_column_text][\/vc_column][\/vc_row][vc_row css=&#8221;.vc_custom_1702972588501{margin-top: 10% !important;}&#8221;][vc_column][vc_single_image image=&#8221;18332&#8243; img_size=&#8221;full&#8221; alignment=&#8221;center&#8221;][\/vc_column][\/vc_row][vc_row css=&#8221;.vc_custom_1702972603934{margin-top: 10% !important;padding-right: 10% !important;padding-left: 10% !important;}&#8221;][vc_column][vc_custom_heading text=&#8221;Laissez-vous inspirer par les petits bourgs&#8221; font_container=&#8221;tag:h1|font_size:1.8rem|text_align:left|color:%2355c2e4&#8243; google_fonts=&#8221;font_family:Oxygen%3A300%2Cregular%2C700|font_style:700%20bold%20regular%3A700%3Anormal&#8221; css=&#8221;.vc_custom_1702971365690{margin-bottom: 2rem !important;}&#8221;][vc_column_text el_class=&#8221;normal_par&#8221;]<\/p>\n<p class=\"vc_custom_heading vc_custom_1702905301641\">Voici les petits villages o\u00f9 vous pourrez savourer la magie et la tradition de la Vall\u00e9e d&#8217;Aoste avec Magic Skipass :<\/p>\n<p class=\"vc_custom_heading\"><strong>Antagnod, Brusson, Chamois, Champorcher, Cogne, Cr\u00e9vacol, Gressoney-Saint-Jean, La Magdeleine, Ollomont, Rh\u00eames-Notre-Dame, Valgrisenche<\/strong><\/p>\n<p>[\/vc_column_text][\/vc_column][\/vc_row][vc_row][vc_column width=&#8221;1\/3&#8243;][vc_raw_html]JTNDZGl2JTIwc3R5bGUlM0QlMjJ3aWR0aCUzQTMwMHB4JTNCJTIwaGVpZ2h0JTNBNTAwcHglM0IlMjBiYWNrZ3JvdW5kLWltYWdlJTNBJTIwdXJsJTI4JTI3aHR0cHMlM0ElMkYlMkZ3d3cuc2tpbGlmZS5za2klMkZ3cC1jb250ZW50JTJGdXBsb2FkcyUyRjIwMjMlMkYxMiUyRmFudGFnbm9kLWUxNzAyOTcyOTUwOTM1LmpwZyUyNyUyOSUzQiUyMiUzRSUzQ2RpdiUyMHN0eWxlJTNEJTIycGFkZGluZy10b3AlM0ElMjAxMjAlMjUlM0IlMjBwYWRkaW5nLWxlZnQlM0ElMjAyJTI1JTNCJTIwcGFkZGluZy1yaWdodCUzQSUyMDIlMjUlM0IlMjIlM0UlM0NzcGFuJTIwc3R5bGUlM0QlMjJjb2xvciUzQSUyMHdoaXRlJTNCJTIwJTIyJTNFJTNDYiUzRU1hZ2lxdWUlMjBwb3VyJTNBJTNDJTJGYiUzRSUyMHNraSUyMGFscGluaXNtZSUyQyUyMEJhYnklMjBTbm93cGFyayUyQyUyMG11cyVDMyVBOWUlMjBkJTI3QXJ0JTIwU2FjciVDMyVBOSUyQyUyMHZ1ZXMlMjBpbXByZW5hYmxlcyUyQyUyMGIlQzMlQTJ0aW1lbnRzJTIwdHlwaXF1ZXMlM0MlMkZzcGFuJTNFJTBBJTIwJTIwJTIwJTIwJTIwJTIwJTIwJTIwJTNDJTJGZGl2JTNFJTIwJTNDJTJGZGl2JTNF[\/vc_raw_html][\/vc_column][vc_column width=&#8221;1\/3&#8243;][vc_raw_html]JTNDZGl2JTIwc3R5bGUlM0QlMjJ3aWR0aCUzQTMwMHB4JTNCJTIwaGVpZ2h0JTNBNTAwcHglM0IlMjBiYWNrZ3JvdW5kLWltYWdlJTNBJTIwdXJsJTI4JTI3aHR0cHMlM0ElMkYlMkZ3d3cuc2tpbGlmZS5za2klMkZ3cC1jb250ZW50JTJGdXBsb2FkcyUyRjIwMjMlMkYxMiUyRmJydXNzb24tZTE3MDI5NzYwNDYxMjEuanBnJTI3JTI5JTNCJTIyJTNFJTNDZGl2JTIwc3R5bGUlM0QlMjJwYWRkaW5nLXRvcCUzQSUyMDEyMCUyNSUzQiUyMHBhZGRpbmctbGVmdCUzQSUyMDIlMjUlM0IlMjBwYWRkaW5nLXJpZ2h0JTNBJTIwMiUyNSUzQiUyMiUzRSUzQ3NwYW4lMjBzdHlsZSUzRCUyMmNvbG9yJTNBJTIwd2hpdGUlM0IlMjAlMjIlM0UlM0NiJTNFTWFnaXF1ZSUyMHBvdXIlM0ElM0MlMkZiJTNFJTIwc2tpJTIwYWxwaW5pc21lJTJDJTIwc2tpJTIwbm9yZGlxdWUlMkMlMjBCYWJ5JTIwU25vd3BhcmslMkMlMjBwYXRpbmFnZSUyMHN1ciUyMGdsYWNlJTJDJTIwTWluZXMlMjBkJTI3T3IlMkMlMjBDaCVDMyVBMnRlYXUlMjBkZSUyMEdyYWluZXMlMkMlMjBWaXNpdGUlMjBkZSUyMGxhJTIwRnJvbWFnZXJpZSUyMEhhdXQlMjBWYWwlMjBkJTI3QXlhcyUzQyUyRnNwYW4lM0UlMEElMjAlMjAlMjAlMjAlMjAlMjAlMjAlMjAlM0MlMkZkaXYlM0UlMjAlM0MlMkZkaXYlM0U=[\/vc_raw_html][\/vc_column][vc_column width=&#8221;1\/3&#8243;][vc_raw_html]JTNDZGl2JTIwc3R5bGUlM0QlMjJ3aWR0aCUzQTMwMHB4JTNCJTIwaGVpZ2h0JTNBNTAwcHglM0IlMjBiYWNrZ3JvdW5kLWltYWdlJTNBJTIwdXJsJTI4JTI3aHR0cHMlM0ElMkYlMkZ3d3cuc2tpbGlmZS5za2klMkZ3cC1jb250ZW50JTJGdXBsb2FkcyUyRjIwMjMlMkYxMiUyRmNoYW1vaXMtZTE3MDI5NzY1OTA3MjguanBnJTI3JTI5JTNCJTIyJTNFJTNDZGl2JTIwc3R5bGUlM0QlMjJwYWRkaW5nLXRvcCUzQSUyMDEyMCUyNSUzQiUyMHBhZGRpbmctbGVmdCUzQSUyMDIlMjUlM0IlMjBwYWRkaW5nLXJpZ2h0JTNBJTIwMiUyNSUzQiUyMiUzRSUzQ3NwYW4lMjBzdHlsZSUzRCUyMmNvbG9yJTNBJTIwd2hpdGUlM0IlMjAlMjIlM0UlM0NiJTNFTWFnaXF1ZSUyMHBvdXIlM0ElM0MlMkZiJTNFJTIwdG91cmlzbWUlMjBkdXJhYmxlJTJDJTIwdHJhZGl0aW9uJTJDJTIwYXJjaGl0ZWN0dXJlJTIwdHJhZGl0aW9ubmVsbGUlMkMlMjBza2ktYWxwaW5pc21lJTJDJTIwc25vd2JvYXJkJTJDJTIwcGFyYyUyMHBvdXIlMjBlbmZhbnRzJTJDJTIwcmFxdWV0dGVzJTJDJTIwc2VudGllcnMlMjBwYW5vcmFtaXF1ZXMlM0MlMkZzcGFuJTNFJTBBJTIwJTIwJTIwJTIwJTIwJTIwJTIwJTIwJTNDJTJGZGl2JTNFJTIwJTNDJTJGZGl2JTNF[\/vc_raw_html][\/vc_column][\/vc_row][vc_row][vc_column width=&#8221;1\/3&#8243;][vc_raw_html]JTNDZGl2JTIwc3R5bGUlM0QlMjJ3aWR0aCUzQTMwMHB4JTNCJTIwaGVpZ2h0JTNBNTAwcHglM0IlMjBiYWNrZ3JvdW5kLWltYWdlJTNBJTIwdXJsJTI4JTI3aHR0cHMlM0ElMkYlMkZ3d3cuc2tpbGlmZS5za2klMkZ3cC1jb250ZW50JTJGdXBsb2FkcyUyRjIwMjMlMkYxMiUyRmNoYW1wb3JjaGVyLWUxNzAyOTc2OTEwODY0LmpwZyUyNyUyOSUzQiUyMiUzRSUzQ2RpdiUyMHN0eWxlJTNEJTIycGFkZGluZy10b3AlM0ElMjAxMjAlMjUlM0IlMjBwYWRkaW5nLWxlZnQlM0ElMjAyJTI1JTNCJTIwcGFkZGluZy1yaWdodCUzQSUyMDIlMjUlM0IlMjIlM0UlM0NzcGFuJTIwc3R5bGUlM0QlMjJjb2xvciUzQSUyMHdoaXRlJTNCJTIwJTIyJTNFJTNDYiUzRU1hZ2lxdWUlMjBwb3VyJTNBJTNDJTJGYiUzRSUyMHNraSUyQyUyMHNub3dib2FyZCUyQyUyMHBpc3RlcyUyMHBhbm9yYW1pcXVlcyUyQyUyMHNraSUyMGFscGluaXNtZSUyQyUyMHNraSUyMG5vcmRpcXVlJTJDJTIwcmFxdWV0dGVzJTJDJTIwcmFxdWV0dGVzJTJDJTIwQmFieSUyMHNub3dwYXJrJTIwYXZlYyUyMHN0cnVjdHVyZXMlMjBnb25mbGFibGVzJTIwZXQlMjB0YXBpcyUyMGRlJTIwY291cnNlJTJDJTIwUGFyYyUyME5hdHVyZWwlMjBkdSUyME1vbnQlMjBBdmljJTJDJTIwRWNvbXVzJUMzJUE5ZSUyMGR1JTIwQ2hhbnZyZSUyQyUyMGhpc3RvaXJlJTIwbSVDMyVBOWRpJUMzJUE5dmFsZSUzQyUyRnNwYW4lM0UlMEElMjAlMjAlMjAlMjAlMjAlMjAlMjAlMjAlM0MlMkZkaXYlM0UlMjAlM0MlMkZkaXYlM0U=[\/vc_raw_html][\/vc_column][vc_column width=&#8221;1\/3&#8243;][vc_raw_html]JTNDZGl2JTIwc3R5bGUlM0QlMjJ3aWR0aCUzQTMwMHB4JTNCJTIwaGVpZ2h0JTNBNTAwcHglM0IlMjBiYWNrZ3JvdW5kLWltYWdlJTNBJTIwdXJsJTI4JTI3aHR0cHMlM0ElMkYlMkZ3d3cuc2tpbGlmZS5za2klMkZ3cC1jb250ZW50JTJGdXBsb2FkcyUyRjIwMjMlMkYxMiUyRmNvZ25lLWUxNzAyOTc3NzM1ODQ2LmpwZyUyNyUyOSUzQiUyMiUzRSUzQ2RpdiUyMHN0eWxlJTNEJTIycGFkZGluZy10b3AlM0ElMjAxMjAlMjUlM0IlMjBwYWRkaW5nLWxlZnQlM0ElMjAyJTI1JTNCJTIwcGFkZGluZy1yaWdodCUzQSUyMDIlMjUlM0IlMjIlM0UlM0NzcGFuJTIwc3R5bGUlM0QlMjJjb2xvciUzQSUyMHdoaXRlJTNCJTIwJTIyJTNFJTNDYiUzRU1hZ2lxdWUlMjBwb3VyJTNBJTNDJTJGYiUzRSUyMHRvdXJpc21lJTIwZHVyYWJsZSUyQyUyMHRyYWRpdGlvbiUyMGV0JTIwY3VsdHVyZSUyMGRlJTIwbGElMjBWYWxsJUMzJUE5ZSUyQyUyMHNraSUyMGFscGluJTIwZXQlMjBzbm93Ym9hcmQlMkMlMjBjcmFtcG9ubmFnZSUyQyUyMHJhcXVldHRlcyUyQyUyMHNub3dwYXJrJTIwcG91ciUyMGVuZmFudHMlMkMlMjBwaXN0ZSUyMGRlJTIwYm9ic2xlaWdoJTIwZXQlMjBzbm93JTIwdHViaW5nJTJDJTIwYmFieSUyMHBlbnRlJTJDJTIwTXVzJUMzJUE5ZSUyMGR1JTIwUGFyYyUyME1pbmllciUyQyUyMHRyYSVDMyVBRW5lYXUlMjB0aXIlQzMlQTklMjBwYXIlMjBkZXMlMjBjaGV2YXV4JTJDJTIwcGF0aW5vaXJlJTNDJTJGc3BhbiUzRSUwQSUyMCUyMCUyMCUyMCUyMCUyMCUyMCUyMCUzQyUyRmRpdiUzRSUyMCUzQyUyRmRpdiUzRQ==[\/vc_raw_html][\/vc_column][vc_column width=&#8221;1\/3&#8243;][vc_raw_html]JTNDZGl2JTIwc3R5bGUlM0QlMjJ3aWR0aCUzQTMwMHB4JTNCJTIwaGVpZ2h0JTNBNTAwcHglM0IlMjBiYWNrZ3JvdW5kLWltYWdlJTNBJTIwdXJsJTI4JTI3aHR0cHMlM0ElMkYlMkZ3d3cuc2tpbGlmZS5za2klMkZ3cC1jb250ZW50JTJGdXBsb2FkcyUyRjIwMjMlMkYxMiUyRmNyZXZhY29sLWUxNzAyOTkxMDY3OTUwLmpwZyUyNyUyOSUzQiUyMiUzRSUzQ2RpdiUyMHN0eWxlJTNEJTIycGFkZGluZy10b3AlM0ElMjAxMjAlMjUlM0IlMjBwYWRkaW5nLWxlZnQlM0ElMjAyJTI1JTNCJTIwcGFkZGluZy1yaWdodCUzQSUyMDIlMjUlM0IlMjIlM0UlM0NzcGFuJTIwc3R5bGUlM0QlMjJjb2xvciUzQSUyMHdoaXRlJTNCJTIwJTIyJTNFJTNDYiUzRU1hZ2lxdWUlMjBwb3VyJTNBJTNDJTJGYiUzRSUyMHNraSUyMGV0JTIwc25vd2JvYXJkJTJDJTIwc2tpYWxwJTJDJTIwcGlzdGUlMjBkZSUyMG5laWdlJTIwcG91ciUyMG1vdG9zJTIwZXQlMjB2b2l0dXJlcyUyQyUyMHJhcXVldHRlcyUyQyUyMGFpcmUlMjBkZSUyMGpldXglMjBwb3VyJTIwZW5mYW50cyUyQyUyMHNvbGFyaXVtJTIwZCUyN2FsdGl0dWRlJTJDJTIwc25vd3BhcmslMjAlQzMlQTlxdWlwJUMzJUE5JTIwZGUlMjBzbm93dHViaW5nJTJDJTIwYWlyYm9hcmQlMkMlMjBza2klMjBmb3glMkMlMjBsdWdlcyUyQyUyMGJvYnNsZWlnaCUzQyUyRnNwYW4lM0UlMEElMjAlMjAlMjAlMjAlMjAlMjAlMjAlMjAlM0MlMkZkaXYlM0UlMjAlM0MlMkZkaXYlM0U=[\/vc_raw_html][\/vc_column][\/vc_row][vc_row][vc_column width=&#8221;1\/3&#8243;][vc_raw_html]JTNDZGl2JTIwc3R5bGUlM0QlMjJ3aWR0aCUzQTMwMHB4JTNCJTIwaGVpZ2h0JTNBNTAwcHglM0IlMjBiYWNrZ3JvdW5kLWltYWdlJTNBJTIwdXJsJTI4JTI3aHR0cHMlM0ElMkYlMkZ3d3cuc2tpbGlmZS5za2klMkZ3cC1jb250ZW50JTJGdXBsb2FkcyUyRjIwMjMlMkYxMiUyRmdyZXNzb25leS1zYWludC1qZWFuLWUxNzAyOTkxMzQxMjUwLmpwZyUyNyUyOSUzQiUyMiUzRSUzQ2RpdiUyMHN0eWxlJTNEJTIycGFkZGluZy10b3AlM0ElMjAxMjAlMjUlM0IlMjBwYWRkaW5nLWxlZnQlM0ElMjAyJTI1JTNCJTIwcGFkZGluZy1yaWdodCUzQSUyMDIlMjUlM0IlMjIlM0UlM0NzcGFuJTIwc3R5bGUlM0QlMjJjb2xvciUzQSUyMHdoaXRlJTNCJTIwJTIyJTNFJTNDYiUzRU1hZ2lxdWUlMjBwb3VyJTNBJTNDJTJGYiUzRSUyMEN1bHR1cmUlMkMlMjBoaXN0b2lyZSUyMGV0JTIwdHJhZGl0aW9ucyUyMFZhbHNlciUyQyUyMHNraS1hbHBpbmlzbWUlMkMlMjBza2klMjBub3JkaXF1ZSUyQyUyMHNraSUyMG5vY3R1cm5lJTJDJTIwYmFieSUyMHNub3dwYXJrJTIwZGUlMjBXZWlzc21hdHRlbiUyQyUyMGNoJUMzJUEydGVhdSUyMGRlJTIwU2F2b2llJTJDJTIwbXVzJUMzJUE5ZSUyMGR1JTIwdHIlQzMlQTlzb3IlMkMlMjB2aWxsYWdlJTIwVmFsc2VyJTJDJTIwcGF0aW5vaXJlJTIwc3VyJTIwdW4lMjBsYWMlMjBnZWwlQzMlQTklM0MlMkZzcGFuJTNFJTBBJTIwJTIwJTIwJTIwJTIwJTIwJTIwJTIwJTNDJTJGZGl2JTNFJTIwJTNDJTJGZGl2JTNF[\/vc_raw_html][\/vc_column][vc_column width=&#8221;1\/3&#8243;][vc_raw_html]JTNDZGl2JTIwc3R5bGUlM0QlMjJ3aWR0aCUzQTMwMHB4JTNCJTIwaGVpZ2h0JTNBNTAwcHglM0IlMjBiYWNrZ3JvdW5kLWltYWdlJTNBJTIwdXJsJTI4JTI3aHR0cHMlM0ElMkYlMkZ3d3cuc2tpbGlmZS5za2klMkZ3cC1jb250ZW50JTJGdXBsb2FkcyUyRjIwMjMlMkYxMiUyRmxhLW1hZ2RlbGVpbmUtZTE3MDI5OTE1MjczMzUuanBnJTI3JTI5JTNCJTIyJTNFJTNDZGl2JTIwc3R5bGUlM0QlMjJwYWRkaW5nLXRvcCUzQSUyMDEyMCUyNSUzQiUyMHBhZGRpbmctbGVmdCUzQSUyMDIlMjUlM0IlMjBwYWRkaW5nLXJpZ2h0JTNBJTIwMiUyNSUzQiUyMiUzRSUzQ3NwYW4lMjBzdHlsZSUzRCUyMmNvbG9yJTNBJTIwd2hpdGUlM0IlMjAlMjIlM0UlM0NiJTNFTWFnaXF1ZSUyMHBvdXIlM0ElM0MlMkZiJTNFJTIwZCVDMyVBOWJ1dGFudHMlMkMlMjBkJUMzJUE5dGVudGUlMkMlMjBza2klMjBhbHBpbmlzbWUlMkMlMjBzbm93cGFyayUyMHBvdXIlMjBlbmZhbnRzJTJDJTIwQmlnJTIwQmVuY2glMkMlMjBtb3VsaW5zJTIwZXQlMjBmb3VycyUyQyUyMGFyY2hpdGVjdHVyZSUyMGhpc3RvcmlxdWUlM0MlMkZzcGFuJTNFJTBBJTIwJTIwJTIwJTIwJTIwJTIwJTIwJTIwJTNDJTJGZGl2JTNFJTIwJTNDJTJGZGl2JTNF[\/vc_raw_html][\/vc_column][vc_column width=&#8221;1\/3&#8243;][vc_raw_html]JTNDZGl2JTIwc3R5bGUlM0QlMjJ3aWR0aCUzQTMwMHB4JTNCJTIwaGVpZ2h0JTNBNTAwcHglM0IlMjBiYWNrZ3JvdW5kLWltYWdlJTNBJTIwdXJsJTI4JTI3aHR0cHMlM0ElMkYlMkZ3d3cuc2tpbGlmZS5za2klMkZ3cC1jb250ZW50JTJGdXBsb2FkcyUyRjIwMjMlMkYxMiUyRm9sbG9tb250LWUxNzAyOTkxNjkwNTk4LmpwZyUyNyUyOSUzQiUyMiUzRSUzQ2RpdiUyMHN0eWxlJTNEJTIycGFkZGluZy10b3AlM0ElMjAxMjAlMjUlM0IlMjBwYWRkaW5nLWxlZnQlM0ElMjAyJTI1JTNCJTIwcGFkZGluZy1yaWdodCUzQSUyMDIlMjUlM0IlMjIlM0UlM0NzcGFuJTIwc3R5bGUlM0QlMjJjb2xvciUzQSUyMHdoaXRlJTNCJTIwJTIyJTNFJTNDYiUzRU1hZ2lxdWUlMjBwb3VyJTNBJTNDJTJGYiUzRSUyMHNraSUyQyUyMHNub3dib2FyZCUyQyUyMGJhYnklMjBzbm93cGFyayUyMGF2ZWMlMjBib2JzbGVpZ2glMjBldCUyMHN0cnVjdHVyZXMlMjBnb25mbGFibGVzJTJDJTIwY2hhcm1hbnQlMjB2aWxsYWdlJTJDJTIwc2tpJTIwZGUlMjBmb25kJTJDJTIwc2tpLWFscGluaXNtZSUyQyUyMHZ1ZXMlMjBzdWdnZXN0aXZlcyUzQyUyRnNwYW4lM0UlMEElMjAlMjAlMjAlMjAlMjAlMjAlMjAlMjAlM0MlMkZkaXYlM0UlMjAlM0MlMkZkaXYlM0U=[\/vc_raw_html][\/vc_column][\/vc_row][vc_row][vc_column width=&#8221;1\/3&#8243;][vc_raw_html]JTNDZGl2JTIwc3R5bGUlM0QlMjJ3aWR0aCUzQTMwMHB4JTNCJTIwaGVpZ2h0JTNBNTAwcHglM0IlMjBiYWNrZ3JvdW5kLWltYWdlJTNBJTIwdXJsJTI4JTI3aHR0cHMlM0ElMkYlMkZ3d3cuc2tpbGlmZS5za2klMkZ3cC1jb250ZW50JTJGdXBsb2FkcyUyRjIwMjMlMkYxMiUyRnJoZW1lcy1ub3RyZS1kYW1lLWUxNzAyOTkxODMzNjMyLmpwZyUyNyUyOSUzQiUyMiUzRSUzQ2RpdiUyMHN0eWxlJTNEJTIycGFkZGluZy10b3AlM0ElMjAxMjAlMjUlM0IlMjBwYWRkaW5nLWxlZnQlM0ElMjAyJTI1JTNCJTIwcGFkZGluZy1yaWdodCUzQSUyMDIlMjUlM0IlMjIlM0UlM0NzcGFuJTIwc3R5bGUlM0QlMjJjb2xvciUzQSUyMHdoaXRlJTNCJTIwJTIyJTNFJTNDYiUzRU1hZ2lxdWUlMjBwb3VyJTNBJTNDJTJGYiUzRSUyMHNraSUyQyUyMHNub3dib2FyZCUyQyUyMHNraSUyMGFscGluaXNtZSUyQyUyMHNraSUyMG5vcmRpcXVlJTJDJTIwYmFwdCVDMyVBQW1lJTIwZGUlMjBza2klMkMlMjBiYWJ5JTIwc25vd3BhcmslMkMlMjBwYW5vcmFtYXMlMjBzdWdnZXN0aWZzJTJDJTIwcGFyYyUyMG5hdGlvbmFsJTIwZHUlMjBHcmFuZCUyMFBhcmFkaXMlMkMlMjBuYXR1cmUlMjBpbnRhY3RlJTJDJTIwc25vd3BhcmslMjBzdXBlciUyMCVDMyVBOXF1aXAlQzMlQTklMkMlMjByYXF1ZXR0ZXMlMkMlMjBwYWluJTIwbm9pciUyQyUyMGNhc2NhZGVzJTIwZGUlMjBnbGFjZSUzQyUyRnNwYW4lM0UlMEElMjAlMjAlMjAlMjAlMjAlMjAlMjAlMjAlM0MlMkZkaXYlM0UlMjAlM0MlMkZkaXYlM0U=[\/vc_raw_html][\/vc_column][vc_column width=&#8221;1\/3&#8243;][vc_raw_html]JTNDZGl2JTIwc3R5bGUlM0QlMjJ3aWR0aCUzQTMwMHB4JTNCJTIwaGVpZ2h0JTNBNTAwcHglM0IlMjBiYWNrZ3JvdW5kLWltYWdlJTNBJTIwdXJsJTI4JTI3aHR0cHMlM0ElMkYlMkZ3d3cuc2tpbGlmZS5za2klMkZ3cC1jb250ZW50JTJGdXBsb2FkcyUyRjIwMjMlMkYxMiUyRnZhbGdyaXNlbmNoZS1lMTcwMjk5MTk5NjY5OS5qcGclMjclMjklM0IlMjIlM0UlM0NkaXYlMjBzdHlsZSUzRCUyMnBhZGRpbmctdG9wJTNBJTIwMTIwJTI1JTNCJTIwcGFkZGluZy1sZWZ0JTNBJTIwMiUyNSUzQiUyMHBhZGRpbmctcmlnaHQlM0ElMjAyJTI1JTNCJTIyJTNFJTNDc3BhbiUyMHN0eWxlJTNEJTIyY29sb3IlM0ElMjB3aGl0ZSUzQiUyMCUyMiUzRSUzQ2IlM0VNYWdpcXVlJTIwcG91ciUzQSUzQyUyRmIlM0UlMjBza2klMkMlMjBzbm93Ym9hcmQlMkMlMjBza2ktYWxwaW5pc21lJTJDJTIwaW5pdGlhdGlvbiUyMGF1JTIwc2tpJTJDJTIwc2tpJTIwZGUlMjBmb25kJTJDJTIwc25vd3BhcmslMkMlMjByYXF1ZXR0ZXMlMkMlMjBwYW5vcmFtYXMlMjBzdWdnZXN0aWZzJTJDJTIwZ2xhY2llcnMlMkMlMjBoJUMzJUE5bGlza2klMjBldCUyMHNraS1hbHBpbmlzbWUlMkMlMjB0aXNzYWdlJTIwZGUlMjBkcmFwcyUyQyUyMGNvb3AlQzMlQTlyYXRpdmUlMjAlMjJMZXMlMjBUaXNzZXJhbmRzJTIyJTNDJTJGc3BhbiUzRSUwQSUyMCUyMCUyMCUyMCUyMCUyMCUyMCUyMCUzQyUyRmRpdiUzRSUyMCUzQyUyRmRpdiUzRQ==[\/vc_raw_html][\/vc_column][\/vc_row]<\/p>\n","protected":false},"excerpt":{"rendered":"[vc_row][vc_column][vc_single_image image=&#8221;18442&#8243; img_size=&#8221;full&#8221; alignment=&#8221;center&#8221;][\/vc_column][\/vc_row][vc_row][vc_column][vc_btn title=&#8221;Acheter en ligne&#8221; style=&#8221;custom&#8221; custom_background=&#8221;#55c2e4&#8243; custom_text=&#8221;#ffffff&#8221; align=&#8221;center&#8221; css=&#8221;.vc_custom_1702922696879{margin-top: -12% !important;}&#8221; link=&#8221;url:https%3A%2F%2Fskilife.skiperformance.com%2Ffr%2Fstore%23%2Ffr%2Fbuy%3Fskugroup_id%3D4119|||&#8221; el_class=&#8221;button_custom&#8221;][\/vc_column][\/vc_row][vc_row full_height=&#8221;yes&#8221; content_placement=&#8221;middle&#8221;][vc_column width=&#8221;1\/2&#8243; css=&#8221;.vc_custom_1702904200354{margin-top: 10% !important;margin-bottom: 10% !important;}&#8221;][vc_custom_heading text=&#8221;Qu\u2019est-ce que le Magic Skipass&#8221; font_container=&#8221;tag:h1|font_size:1.8rem|text_align:left|color:%2355c2e4&#8243; google_fonts=&#8221;font_family:Oxygen%3A300%2Cregular%2C700|font_style:700%20bold%20regular%3A700%3Anormal&#8221; css=&#8221;.vc_custom_1702905412602{margin-bottom: 2rem !important;}&#8221;][vc_column_text el_class=&#8221;normal_par&#8221;] Magic Skipass est la promotion con\u00e7ue pour encourager la d\u00e9couverte d\u2019itin\u00e9raires insolites o\u00f9 vivre votre passion pour la neige, 11&#8230; <a class=\"view-article\" href=\"https:\/\/www.skilife.ski\/fr\/promo-ski-petits-bourgs-2\/\">Voir l&#8217;article<\/a>","protected":false},"author":5,"featured_media":17738,"parent":0,"menu_order":0,"comment_status":"closed","ping_status":"closed","template":"","meta":{"footnotes":""},"_links":{"self":[{"href":"https:\/\/www.skilife.ski\/fr\/wp-json\/wp\/v2\/pages\/17808"}],"collection":[{"href":"https:\/\/www.skilife.ski\/fr\/wp-json\/wp\/v2\/pages"}],"about":[{"href":"https:\/\/www.skilife.ski\/fr\/wp-json\/wp\/v2\/types\/page"}],"author":[{"embeddable":true,"href":"https:\/\/www.skilife.ski\/fr\/wp-json\/wp\/v2\/users\/5"}],"replies":[{"embeddable":true,"href":"https:\/\/www.skilife.ski\/fr\/wp-json\/wp\/v2\/comments?post=17808"}],"version-history":[{"count":17,"href":"https:\/\/www.skilife.ski\/fr\/wp-json\/wp\/v2\/pages\/17808\/revisions"}],"predecessor-version":[{"id":18445,"href":"https:\/\/www.skilife.ski\/fr\/wp-json\/wp\/v2\/pages\/17808\/revisions\/18445"}],"wp:featuredmedia":[{"embeddable":true,"href":"https:\/\/www.skilife.ski\/fr\/wp-json\/wp\/v2\/media\/17738"}],"wp:attachment":[{"href":"https:\/\/www.skilife.ski\/fr\/wp-json\/wp\/v2\/media?parent=17808"}],"curies":[{"name":"wp","href":"https:\/\/api.w.org\/{rel}","templated":true}]}}