{"id":18481,"date":"2024-09-09T15:05:49","date_gmt":"2024-09-09T13:05:49","guid":{"rendered":"https:\/\/www.skilife.ski\/forfait-ski\/tarifs\/forfaits-ski-saison-2\/"},"modified":"2024-09-09T15:05:49","modified_gmt":"2024-09-09T13:05:49","slug":"forfaits-ski-saison-2","status":"publish","type":"page","link":"https:\/\/www.skilife.ski\/fr\/forfait-ski\/tarifs\/forfaits-ski-saison-2\/","title":{"rendered":"Forfaits ski-saison -COPY"},"content":{"rendered":"<h4 id=\"subtitle\">Tarifs forfait-ski valables pour toute la saison d&#8217;hiver dans toute la Vall\u00e9e d&#8217;Aoste ou Vall\u00e9e d&#8217;Aoste + Zermatt (CH)<\/h4>\n<table class=\"table table-striped\" border=\"0\" width=\"99%\" cellspacing=\"1\" cellpadding=\"0\">\n<tbody>\n<tr class=\"head\">\n<td colspan=\"2\">\n<p align=\"center\"><span class=\"spacing\" data_temp_dwid=\"2\"><strong>TARIFS FORFAITS-SKI SAISON VALLEE D&#8217;AOSTE<\/strong><\/span><br \/>\nvalidit\u00e9 du 14\/10\/2023 au 05\/05\/20244<\/p>\n<\/td>\n<\/tr>\n<tr>\n<td width=\"85%\">Entier<\/td>\n<td align=\"center\" width=\"15%\">\u20ac 1.370,00<\/td>\n<\/tr>\n<tr>\n<td width=\"85%\">Senior &gt; 65 ans<\/td>\n<td align=\"center\" width=\"15%\">\u20ac 1.096,00<\/td>\n<\/tr>\n<tr>\n<td width=\"85%\">Jeune &lt; 18 ans<\/td>\n<td align=\"center\" width=\"15%\">\u20ac 1.206,00<\/td>\n<\/tr>\n<tr>\n<td width=\"85%\">Junior &lt; 14 ans<\/td>\n<td align=\"center\" width=\"15%\">\u20ac 959,00<\/td>\n<\/tr>\n<tr>\n<td width=\"85%\">Enfant &lt; 8&nbsp;ans non&nbsp;<span>simultan\u00e9<\/span><\/td>\n<td align=\"center\" width=\"15%\">\u20ac 343,00<\/td>\n<\/tr>\n<tr>\n<td width=\"85%\">Enfant &lt; 8&nbsp;ans *<\/td>\n<td align=\"center\" width=\"15%\">gratuit<\/td>\n<\/tr>\n<\/tbody>\n<\/table>\n<p>Valable sans aucune limite dans toutes les stations de la Vall\u00e9e d&#8217;Aoste, ainsi que dans les stations de&nbsp;La&nbsp; Rosi\u00e8re (France) de Alagna (VC &#8211; Italie).<\/p>\n<table class=\"table table-striped\" border=\"0\" width=\"99%\" cellspacing=\"1\" cellpadding=\"0\">\n<tbody>\n<tr class=\"head\">\n<td colspan=\"2\">\n<p align=\"center\"><b>TARIFS FORFAITS-SKI SAISON VALLEE D&#8217;AOSTE + ZERMATT<br \/>\n<\/b> validit\u00e9 du 14\/10\/2023 au 05\/05\/2024<\/p>\n<\/td>\n<\/tr>\n<tr>\n<td width=\"85%\">Entier<\/td>\n<td align=\"center\" width=\"15%\">\u20ac 1.617,00<\/td>\n<\/tr>\n<tr>\n<td width=\"85%\">Senior &gt; 65 ans<\/td>\n<td align=\"center\" width=\"15%\">\u20ac 1.294,00<\/td>\n<\/tr>\n<tr>\n<td width=\"85%\">Jeune &lt; 18 ans<\/td>\n<td align=\"center\" width=\"15%\">\u20ac 1.423,00<\/td>\n<\/tr>\n<tr>\n<td width=\"85%\">Junior &lt; 14 ans<\/td>\n<td align=\"center\" width=\"15%\">\u20ac 1.132,00<\/td>\n<\/tr>\n<tr>\n<td width=\"85%\">Enfant &lt; 8&nbsp;ans&nbsp;non&nbsp;<span>simultan\u00e9<\/span><\/td>\n<td align=\"center\" width=\"15%\">\u20ac 405,00<\/td>\n<\/tr>\n<tr>\n<td width=\"85%\">Enfant &lt; 8&nbsp;ans *<\/td>\n<td align=\"center\" width=\"15%\">gratuit<\/td>\n<\/tr>\n<\/tbody>\n<\/table>\n<p>Valable sans aucune limite dans toutes les stations de la Vall\u00e9e d&#8217;Aoste, ainsi que dans les stations de&nbsp;La&nbsp; Rosi\u00e8re (France) de Alagna (VC &#8211; Italie) et du domaine skiable de Zermatt (CH).<\/p>\n<hr>\n<p>*le GRATUIT&nbsp;&lt; 8 ans est valable seulement dans le cas o\u00f9 un adulte ou un jeune &lt; 18 ach\u00e8te un forfait similaire.<\/p>\n<hr>\n<p><u><strong>N.B.:<\/strong><\/u> pour les premi\u00e8res entr\u00e9es partant de Zermatt la soci\u00e9t\u00e9 suisse impose des contraintes particuli\u00e8res aux possesseurs des forfaits de ski saisonniers r\u00e9gionaux, en ne leur permettant que 2 entr\u00e9es par mois partant de Zermatt.<\/p>\n<hr>\n<p>Pour \u00e9tablir le droit \u00e0 la r\u00e9duction relative \u00e0 l&#8217;\u00e2ge voir la page <a href=\"http:\/\/www.skilife.ski\/fr\/forfait-ski\/tarifs\/\">&#8220;Informations utiles&#8221;<\/a>.<\/p>\n<hr>\n<div align=\"center\">\n<h3 style=\"color: #009db1;\">A T T E N T I O N<\/h3>\n<p>A l&#8217;occasion de la COUPE DU MONDE BREUIL-CERVINIA<br \/>\n11\/12 &#8211; 18\/19 NOVEMBRE 2023\u00a7<br \/>\nTOUS les forfaits de ski saisonniers r\u00e9gionaux ne seront PAS valables sur :<\/p>\n<p>&gt; T\u00e9l\u00e9cabine Plan Maison Cime Bianche Laghi<br \/>\n&gt; T\u00e9l\u00e9ph\u00e9rique Cime Bianche Laghi Plateau Ros\u00e0.<\/p>\n<p>sauf pour les clients en possession d&#8217;un ticket pour assister aux courses.<\/p>\n<\/div>\n<hr>\n<p>Tous les&nbsp;<strong>FORFAITS DE SKI SAISONNIERS REGIONAUX<\/strong>&nbsp;entier offrent&nbsp;<strong>GRATUITEMENT:<\/strong><\/p>\n<ul>\n<li style=\"list-style-type: none;\">\n<ul><!--\n \t\n\n<li>\"SKI DECOUVERTE\" journ\u00e9es gratuites au sein du domaine skiable suisse\ndes 4 Vall\u00e9es<\/li>\n\n\n--><\/ul>\n<\/li>\n<\/ul>\n<p>&nbsp;<\/p>\n<ul>\n<li>&#8220;ASSURANCE&#8221; accidents, service de premier soin, assistance et responsabilit\u00e9 civile<\/li>\n<li>entr\u00e9e aux &#8220;BABY PARKS&#8221;<\/li>\n<li>entr\u00e9e dans les structures de l&#8217; &#8220;APRES SKI&#8221;<br \/>\n(voir \u00e0 la page &#8220;SKIPASS\/INFORMATIONS UTILES&#8221;)<\/li>\n<li>vol en balloon&nbsp;<strong><u>A PRIX REDUIT<\/u><\/strong>&nbsp;aupr\u00e8s de CHARBONNIER BALLOON SNC<\/li>\n<\/ul>\n<p>Plus d&#8217;infos \u00e0 la page <a href=\"http:\/\/www.skilife.ski\/fr\/forfait-ski\/advantages-et-services\/\">&#8220;Avantages et Services&#8221;<\/a>.<\/p>\n<hr>\n<p>Tous les forfaits saison sont obligatoirement nominatifs et par cons\u00e9quence non cessibles. Toute infraction sera condamn\u00e9e selon les modalit\u00e9s en vigueur dans le r\u00e8glement. Plus d&#8217;infos \u00e0 la page <a href=\"http:\/\/www.skilife.ski\/fr\/forfait-ski\/reglement\/\">&#8220;R\u00e8glement&#8221;<\/a>.<\/p>\n<hr>\n<p>En cas de mesures sp\u00e9ciales d&#8217;ordre fiscal ou relatives au taux de change, les tarifs sont susceptibles de subir des modifications.<\/p>\n","protected":false},"excerpt":{"rendered":"Tarifs forfait-ski valables pour toute la saison d&#8217;hiver dans toute la Vall\u00e9e d&#8217;Aoste ou Vall\u00e9e d&#8217;Aoste + Zermatt (CH) TARIFS FORFAITS-SKI SAISON VALLEE D&#8217;AOSTE validit\u00e9 du 14\/10\/2023 au 05\/05\/20244 Entier \u20ac 1.370,00 Senior &gt; 65 ans \u20ac 1.096,00 Jeune &lt; 18 ans \u20ac 1.206,00 Junior &lt; 14 ans \u20ac 959,00 Enfant &lt; 8&nbsp;ans non&nbsp;simultan\u00e9 \u20ac&#8230; <a class=\"view-article\" href=\"https:\/\/www.skilife.ski\/fr\/forfait-ski\/tarifs\/forfaits-ski-saison-2\/\">Voir l&#8217;article<\/a>","protected":false},"author":5,"featured_media":15769,"parent":9555,"menu_order":0,"comment_status":"closed","ping_status":"closed","template":"","meta":{"footnotes":""},"_links":{"self":[{"href":"https:\/\/www.skilife.ski\/fr\/wp-json\/wp\/v2\/pages\/18481"}],"collection":[{"href":"https:\/\/www.skilife.ski\/fr\/wp-json\/wp\/v2\/pages"}],"about":[{"href":"https:\/\/www.skilife.ski\/fr\/wp-json\/wp\/v2\/types\/page"}],"author":[{"embeddable":true,"href":"https:\/\/www.skilife.ski\/fr\/wp-json\/wp\/v2\/users\/5"}],"replies":[{"embeddable":true,"href":"https:\/\/www.skilife.ski\/fr\/wp-json\/wp\/v2\/comments?post=18481"}],"version-history":[{"count":0,"href":"https:\/\/www.skilife.ski\/fr\/wp-json\/wp\/v2\/pages\/18481\/revisions"}],"up":[{"embeddable":true,"href":"https:\/\/www.skilife.ski\/fr\/wp-json\/wp\/v2\/pages\/9555"}],"wp:featuredmedia":[{"embeddable":true,"href":"https:\/\/www.skilife.ski\/fr\/wp-json\/wp\/v2\/media\/15769"}],"wp:attachment":[{"href":"https:\/\/www.skilife.ski\/fr\/wp-json\/wp\/v2\/media?parent=18481"}],"curies":[{"name":"wp","href":"https:\/\/api.w.org\/{rel}","templated":true}]}}