{"id":18804,"date":"2025-08-25T15:21:26","date_gmt":"2025-08-25T13:21:26","guid":{"rendered":"https:\/\/www.skilife.ski\/forfait-ski\/ikon-pass\/"},"modified":"2025-08-26T16:52:21","modified_gmt":"2025-08-26T14:52:21","slug":"ikon-pass","status":"publish","type":"page","link":"https:\/\/www.skilife.ski\/fr\/forfait-ski\/ikon-pass\/","title":{"rendered":"IKON PASS"},"content":{"rendered":"<p>[vc_row][vc_column][vc_column_text]<\/p>\n<h4 id=\"subtitle\">La Vall\u00e9e d\u2019Aoste rejoint le r\u00e9seau Ikon Pass, bas\u00e9 aux \u00c9tats-Unis, qui donne acc\u00e8s \u00e0 plus de 60 des domaines skiables les plus c\u00e9l\u00e8bres au monde.<\/h4>\n<p>[\/vc_column_text][\/vc_column][\/vc_row][vc_row][vc_column width=&#8221;1\/2&#8243;][vc_single_image image=&#8221;18789&#8243; img_size=&#8221;full&#8221;][\/vc_column][vc_column width=&#8221;1\/2&#8243;][vc_column_text]<\/p>\n<p data-start=\"40\" data-end=\"425\">Les d\u00e9tenteurs d\u2019un Ikon Pass ou d\u2019un Ikon Base Pass auront l\u2019opportunit\u00e9 de vivre une exp\u00e9rience unique de ski au c\u0153ur des Alpes, parmi les plus hauts sommets d\u2019Europe, dans les domaines skiables de la Vall\u00e9e d\u2019Aoste.<\/p>\n<p data-start=\"427\" data-end=\"862\"><strong data-start=\"427\" data-end=\"482\">Informations utiles pour les d\u00e9tenteurs d\u2019Ikon Pass<\/strong><br data-start=\"482\" data-end=\"485\">\u2022 Ikon Pass \u2013 jusqu\u2019\u00e0 7 jours d\u2019acc\u00e8s au domaine skiable<br data-start=\"545\" data-end=\"548\">\u2022 Ikon Base Pass \u2013 jusqu\u2019\u00e0 5 jours d\u2019acc\u00e8s au domaine skiable<br data-start=\"613\" data-end=\"616\">\u2022 Acc\u00e8s direct aux remont\u00e9es m\u00e9caniques sans passer par la caisse<br data-start=\"681\" data-end=\"684\">\u2022 Validit\u00e9 : du 1er novembre au 31 mai, selon le calendrier d\u2019ouverture<br data-start=\"755\" data-end=\"758\">\u2022 En cas de besoin d\u2019assistance, nous vous prions de vous rendre \u00e0 la caisse du domaine skiable choisi<\/p>\n<p>[\/vc_column_text][\/vc_column][\/vc_row][vc_row][vc_column width=&#8221;1\/2&#8243;][vc_cta h2=&#8221;VISITEZ LA BOUTIQUE IKON PASS&#8221; color=&#8221;turquoise&#8221; add_button=&#8221;bottom&#8221; btn_title=&#8221;En savoir plus&#8221; btn_color=&#8221;info&#8221; btn_link=&#8221;url:https%3A%2F%2Fwww.ikonpass.com%2Fen%2Fshop-passes||target:%20_blank|&#8221; btn_custom_onclick=&#8221;true&#8221;][\/vc_cta][\/vc_column][vc_column width=&#8221;1\/2&#8243;][vc_cta h2=&#8221;COMPARER LES TYPES D\u2019IKON PASS&#8221; color=&#8221;turquoise&#8221; add_button=&#8221;bottom&#8221; btn_title=&#8221;En savoir plus&#8221; btn_color=&#8221;info&#8221; btn_link=&#8221;url:https%3A%2F%2Fwww.ikonpass.com%2Fen%2Fcompare-passes||target:%20_blank|&#8221; btn_custom_onclick=&#8221;true&#8221;][\/vc_cta][\/vc_column][\/vc_row]<\/p>\n","protected":false},"excerpt":{"rendered":"[vc_row][vc_column][vc_column_text] La Vall\u00e9e d\u2019Aoste rejoint le r\u00e9seau Ikon Pass, bas\u00e9 aux \u00c9tats-Unis, qui donne acc\u00e8s \u00e0 plus de 60 des domaines skiables les plus c\u00e9l\u00e8bres au monde. [\/vc_column_text][\/vc_column][\/vc_row][vc_row][vc_column width=&#8221;1\/2&#8243;][vc_single_image image=&#8221;18789&#8243; img_size=&#8221;full&#8221;][\/vc_column][vc_column width=&#8221;1\/2&#8243;][vc_column_text] Les d\u00e9tenteurs d\u2019un Ikon Pass ou d\u2019un Ikon Base Pass auront l\u2019opportunit\u00e9 de vivre une exp\u00e9rience unique de ski au c\u0153ur des Alpes,&#8230; <a class=\"view-article\" href=\"https:\/\/www.skilife.ski\/fr\/forfait-ski\/ikon-pass\/\">Voir l&#8217;article<\/a>","protected":false},"author":5,"featured_media":0,"parent":8667,"menu_order":0,"comment_status":"closed","ping_status":"closed","template":"","meta":{"footnotes":""},"_links":{"self":[{"href":"https:\/\/www.skilife.ski\/fr\/wp-json\/wp\/v2\/pages\/18804"}],"collection":[{"href":"https:\/\/www.skilife.ski\/fr\/wp-json\/wp\/v2\/pages"}],"about":[{"href":"https:\/\/www.skilife.ski\/fr\/wp-json\/wp\/v2\/types\/page"}],"author":[{"embeddable":true,"href":"https:\/\/www.skilife.ski\/fr\/wp-json\/wp\/v2\/users\/5"}],"replies":[{"embeddable":true,"href":"https:\/\/www.skilife.ski\/fr\/wp-json\/wp\/v2\/comments?post=18804"}],"version-history":[{"count":2,"href":"https:\/\/www.skilife.ski\/fr\/wp-json\/wp\/v2\/pages\/18804\/revisions"}],"predecessor-version":[{"id":18806,"href":"https:\/\/www.skilife.ski\/fr\/wp-json\/wp\/v2\/pages\/18804\/revisions\/18806"}],"up":[{"embeddable":true,"href":"https:\/\/www.skilife.ski\/fr\/wp-json\/wp\/v2\/pages\/8667"}],"wp:attachment":[{"href":"https:\/\/www.skilife.ski\/fr\/wp-json\/wp\/v2\/media?parent=18804"}],"curies":[{"name":"wp","href":"https:\/\/api.w.org\/{rel}","templated":true}]}}