{"id":8649,"date":"2016-01-23T10:54:18","date_gmt":"2016-01-23T09:54:18","guid":{"rendered":"http:\/\/www.skivallee.it\/fr\/?page_id=8649"},"modified":"2016-01-23T10:54:18","modified_gmt":"2016-01-23T09:54:18","slug":"vallee-daoste","status":"publish","type":"page","link":"https:\/\/www.skilife.ski\/fr\/vallee-daoste\/","title":{"rendered":"Vall\u00e9e d&#8217;Aoste"},"content":{"rendered":"<p>23 domaines skiables, 800 km de pistes, 10 parcs \u00e0 neige sont juste quelques chiffres qui d\u00e9crivent le ski en Vall\u00e9e d&#8217;Aoste. Pistes pour toutes les disciplines et tous niveaux, hors-pistes accessibles avec les r\u00e9mont\u00e9es m\u00e9caniques, ski estivale au pied du Mont Cervin font de la plus petite r\u00e9gion italienne le plus grand atout pour les sports d&#8217;hiver.<\/p>\n<p>Les Stations de ski de la Vall\u00e9e d&#8217;Aoste sont nombreuses et tr\u00e8s diff\u00e9rentes les unes des autres. Visitez ce site afin de savoir exactement o\u00f9 elles sont, comment les atteindre et surtout si leur offre correspond \u00e0 vos attentes. Sinon, ne vous limitez pas \u00e0 un seul domaine: le forfait-ski Vall\u00e9e d&#8217;Aoste vous offre la possibilit\u00e9 d&#8217;acc\u00e9der \u00e0 toutes les pistes de la r\u00e9gion avec un seul billet. Un vrai ski-safari pour d\u00e9couvrir les Alpes de la vall\u00e9e d&#8217;Aoste les skis aux pieds.<\/p>\n","protected":false},"excerpt":{"rendered":"23 domaines skiables, 800 km de pistes, 10 parcs \u00e0 neige sont juste quelques chiffres qui d\u00e9crivent le ski en Vall\u00e9e d&#8217;Aoste. Pistes pour toutes les disciplines et tous niveaux, hors-pistes accessibles avec les r\u00e9mont\u00e9es m\u00e9caniques, ski estivale au pied du Mont Cervin font de la plus petite r\u00e9gion italienne le plus grand atout pour&#8230; <a class=\"view-article\" href=\"https:\/\/www.skilife.ski\/fr\/vallee-daoste\/\">Voir l&#8217;article<\/a>","protected":false},"author":5,"featured_media":0,"parent":0,"menu_order":0,"comment_status":"closed","ping_status":"closed","template":"","meta":{"footnotes":""},"_links":{"self":[{"href":"https:\/\/www.skilife.ski\/fr\/wp-json\/wp\/v2\/pages\/8649"}],"collection":[{"href":"https:\/\/www.skilife.ski\/fr\/wp-json\/wp\/v2\/pages"}],"about":[{"href":"https:\/\/www.skilife.ski\/fr\/wp-json\/wp\/v2\/types\/page"}],"author":[{"embeddable":true,"href":"https:\/\/www.skilife.ski\/fr\/wp-json\/wp\/v2\/users\/5"}],"replies":[{"embeddable":true,"href":"https:\/\/www.skilife.ski\/fr\/wp-json\/wp\/v2\/comments?post=8649"}],"version-history":[{"count":1,"href":"https:\/\/www.skilife.ski\/fr\/wp-json\/wp\/v2\/pages\/8649\/revisions"}],"predecessor-version":[{"id":8650,"href":"https:\/\/www.skilife.ski\/fr\/wp-json\/wp\/v2\/pages\/8649\/revisions\/8650"}],"wp:attachment":[{"href":"https:\/\/www.skilife.ski\/fr\/wp-json\/wp\/v2\/media?parent=8649"}],"curies":[{"name":"wp","href":"https:\/\/api.w.org\/{rel}","templated":true}]}}