{"id":8653,"date":"2016-01-23T11:31:36","date_gmt":"2016-01-23T10:31:36","guid":{"rendered":"http:\/\/www.skivallee.it\/fr\/?page_id=8653"},"modified":"2018-01-04T11:15:53","modified_gmt":"2018-01-04T10:15:53","slug":"nous-joindre","status":"publish","type":"page","link":"https:\/\/www.skilife.ski\/fr\/vallee-daoste\/nous-joindre\/","title":{"rendered":"Comment rejoindre la Vall\u00e9e d&#8217;Aoste"},"content":{"rendered":"<h4 id=\"subtitle\">Sur cette page nous avons s\u00e9lectionn\u00e9 pour vous les meilleurs liens qui vous offrent toutes les informations n\u00e9cessaires sur les diff\u00e9rents moyens de transport pour rejoindre facilement la Vall\u00e9e d&#8217;Aoste<\/h4>\n<table width=\"100%\" cellpadding=\"0\" border=\"0\">\n<tbody>\n<tr>\n<td width=\"30px\"><img decoding=\"async\" src=\"http:\/\/www.skilife.ski\/wp-content\/uploads\/2016\/01\/Auto.png\" alt=\"auto\"><\/td>\n<td valign=\"middle\"><span style=\"font-size: 20px; color: #55c2e4;\"><strong>\/\/\/\/\/\/\/\/ En voiture<\/strong><\/span><\/td>\n<\/tr>\n<\/tbody>\n<\/table>\n<p>L&#8217;autoroute A5 relie Turin avec la Vall\u00e9e d&#8217;Aoste (95 Km).<br \/>\nCeux qui viennent de Milan par l&#8217;autoroute A4 (150 Km) vont croiser l&#8217;autoroute A5 \u00e0 Santhi\u00e0. La route nationale SS 26, partant de Chivasso et de Ivrea, traverse la vall\u00e9e centrale parall\u00e8lement \u00e0 l&#8217;autoroute.<br \/>\nLa nationale SS 27, partant du Tunnel du Grand Saint Bernard, relie la Suisse \u00e0 Aoste.<\/p>\n<hr style=\"color: #55c2e4; margin-top: 20px; margin-bottom: 20px;\">\n<table width=\"100%\" cellpadding=\"0\" border=\"0\">\n<tbody>\n<tr>\n<td width=\"30px\"><img decoding=\"async\" src=\"http:\/\/www.skilife.ski\/wp-content\/uploads\/2016\/10\/Autobus.png\" alt=\"autobus\"><\/td>\n<td valign=\"middle\"><span style=\"font-size: 20px; color: #55c2e4;\"><strong>\/\/\/\/\/\/\/\/ En autobus<\/strong><\/span><\/td>\n<\/tr>\n<\/tbody>\n<\/table>\n<p><span>La Vall\u00e9e d&#8217;Aoste est accessible par de bus avec des liaisons nationales et internationales. En cliquant sur &#8220;plus d&#8217;infos&#8221;, vous trouverez une liste d\u00e9taill\u00e9e de et vers les plus proches des villes internationales et nationales.<\/span><\/p>\n<p align=\"center\"><a href=\"http:\/\/www.lovevda.it\/fr\/arriver\/en-autocar\" target=\"_blank\"><img loading=\"lazy\" decoding=\"async\" class=\"alignnone wp-image-12367\" src=\"\/wp-content\/uploads\/2016\/10\/Tasto-scopri-di-piu\u0300.png\" alt=\"plus d'infos\" width=\"160\" height=\"33\"><\/a><\/p>\n<hr style=\"color: #55c2e4; margin-top: 20px; margin-bottom: 20px;\">\n<table width=\"100%\" cellpadding=\"0\" border=\"0\">\n<tbody>\n<tr>\n<td width=\"30px\"><img decoding=\"async\" src=\"http:\/\/www.skilife.ski\/wp-content\/uploads\/2016\/10\/Taxi.png\" alt=\"autobus\"><\/td>\n<td valign=\"middle\"><span style=\"font-size: 20px; color: #55c2e4;\"><strong>\/\/\/\/\/\/\/\/ Transferts priv\u00e9s avec voiture, minibus ou autobus<\/strong><\/span><\/td>\n<\/tr>\n<\/tbody>\n<\/table>\n<p>Si vous pr\u00e9f\u00e9rez un transfert personnalis\u00e9 on opter pour une solution \u00e0 &#8220;low cost&#8221; de Milano Malpensa et Linate, Turin Caselle, G\u00eanes et Gen\u00e8ve pour la Vall\u00e9e d&#8217;Aoste et, localement, pour des voyages touristiques de et pour tous les endroits de la Vall\u00e9e d&#8217;Aoste. R\u00e9servez vos transferts pour la Vall\u00e9e d&#8217;Aoste avec des voitures, des minibus, des navettes et avec des car de 4 \u00e0 94 places, m\u00eame \u00e9quip\u00e9s pour le transport de personnes \u00e0 mobilit\u00e9 r\u00e9duite.<\/p>\n<p align=\"center\"><a href=\"http:\/\/www.transfervallee.eu\/fr\" target=\"_blank\"><img loading=\"lazy\" decoding=\"async\" class=\"alignnone wp-image-12367\" src=\"\/wp-content\/uploads\/2016\/10\/Tasto-scopri-di-piu\u0300.png\" alt=\"plus d'infos\" width=\"160\" height=\"33\"><\/a><\/p>\n<hr style=\"color: #55c2e4; margin-top: 20px; margin-bottom: 20px;\">\n<table width=\"100%\" cellpadding=\"0\" border=\"0\">\n<tbody>\n<tr>\n<td width=\"30px\"><img decoding=\"async\" src=\"http:\/\/www.skilife.ski\/wp-content\/uploads\/2016\/10\/Treno.png\" alt=\"autobus\"><\/td>\n<td valign=\"middle\"><span style=\"font-size: 20px; color: #55c2e4;\"><strong>\/\/\/\/\/\/\/\/ En train<\/strong><\/span><\/td>\n<\/tr>\n<\/tbody>\n<\/table>\n<p>Acc\u00e9der \u00e0 la Vall\u00e9e d&#8217;Aoste en train, est une bonne alternative, \u00e0 la circulation routi\u00e8re, au brouillard des mois d&#8217;hiver, et, pourquoi pas, \u00e0 la pollution. La gare d&#8217;Aoste se trouve tout pr\u00e8s de la gare de d\u00e9part de la t\u00e9l\u00e9cabine qui relie la ville au domaine skiable de Pila. Aoste est reli\u00e9e aux gares de Turin Porta Nuova et de Turin Porta Susa, par des d\u00e9parts fr\u00e9quents.<\/p>\n<p>En revanche, arriver en train de Milan est faisable en 200 minutes, avec un changement de train \u00e0 la gare de Chivasso.<\/p>\n<p align=\"center\"><a href=\"http:\/\/www.lovevda.it\/fr\/arriver\/en-train\" target=\"_blank\"><img loading=\"lazy\" decoding=\"async\" class=\"alignnone wp-image-12367\" src=\"\/wp-content\/uploads\/2016\/10\/Tasto-scopri-di-piu\u0300.png\" alt=\"plus d'infos\" width=\"160\" height=\"33\"><\/a><\/p>\n<hr style=\"color: #55c2e4; margin-top: 20px; margin-bottom: 20px;\">\n<table width=\"100%\" cellpadding=\"0\" border=\"0\">\n<tbody>\n<tr>\n<td width=\"30px\"><img decoding=\"async\" src=\"http:\/\/www.skilife.ski\/wp-content\/uploads\/2016\/10\/Aereo.png\" alt=\"autobus\"><\/td>\n<td valign=\"middle\"><span style=\"font-size: 20px; color: #55c2e4;\"><strong>\/\/\/\/\/\/\/\/&nbsp;En avion<\/strong><\/span><\/td>\n<\/tr>\n<\/tbody>\n<\/table>\n<p><span style=\"font-size: 20px;\"><\/span>Les a\u00e9roports les plus proches pour la Vall\u00e9e d&#8217;Aoste sont Turin, Gen\u00e8ve, Milan Malpensa et Linate et G\u00eanes. Voir les informations d\u00e9taill\u00e9es en cliquant sur &#8220;plus d&#8217;infos&#8221; ou utilisez le widget ci-dessous pour trouver une solution personnalis\u00e9e de transfert \u00e0 partir de l&#8217;a\u00e9roport de votre choix \u00e0 votre h\u00f4tel.<\/p>\n<p align=\"center\"><a href=\"http:\/\/www.lovevda.it\/it\/arrivare\/in-aereo\" target=\"_blank\"><img loading=\"lazy\" decoding=\"async\" class=\"alignnone wp-image-12367\" src=\"\/wp-content\/uploads\/2016\/10\/Tasto-scopri-di-piu\u0300.png\" alt=\"scopri di pi\u00f9\" width=\"160\" height=\"33\"><\/a><\/p>\n<hr style=\"color: #55c2e4; margin-top: 20px; margin-bottom: 20px;\">\n<h2>Rechercher votre transfert<\/h2>\n<p>De l&#8217;a\u00e9roport directement \u00e0 votre h\u00f4tel. Un service pratique et rapide pour atteindre votre destination de vacances ent toute facilit\u00e9! Utilisez le <a href=\"http:\/\/www.lovevda.it\/fr\/arriver\/en-avion\/transferts-aeroports\" target=\"_blank\">widget<\/a> disponible sur le <a href=\"http:\/\/www.lovevda.it\/fr\/\" target=\"_blank\">site officiel du tourisme en Vall\u00e9e d&#8217;Aoste<\/a>.<\/p>\n","protected":false},"excerpt":{"rendered":"Sur cette page nous avons s\u00e9lectionn\u00e9 pour vous les meilleurs liens qui vous offrent toutes les informations n\u00e9cessaires sur les diff\u00e9rents moyens de transport pour rejoindre facilement la Vall\u00e9e d&#8217;Aoste \/\/\/\/\/\/\/\/ En voiture L&#8217;autoroute A5 relie Turin avec la Vall\u00e9e d&#8217;Aoste (95 Km). Ceux qui viennent de Milan par l&#8217;autoroute A4 (150 Km) vont croiser&#8230; <a class=\"view-article\" href=\"https:\/\/www.skilife.ski\/fr\/vallee-daoste\/nous-joindre\/\">Voir l&#8217;article<\/a>","protected":false},"author":5,"featured_media":15657,"parent":8649,"menu_order":0,"comment_status":"closed","ping_status":"closed","template":"","meta":{"footnotes":""},"_links":{"self":[{"href":"https:\/\/www.skilife.ski\/fr\/wp-json\/wp\/v2\/pages\/8653"}],"collection":[{"href":"https:\/\/www.skilife.ski\/fr\/wp-json\/wp\/v2\/pages"}],"about":[{"href":"https:\/\/www.skilife.ski\/fr\/wp-json\/wp\/v2\/types\/page"}],"author":[{"embeddable":true,"href":"https:\/\/www.skilife.ski\/fr\/wp-json\/wp\/v2\/users\/5"}],"replies":[{"embeddable":true,"href":"https:\/\/www.skilife.ski\/fr\/wp-json\/wp\/v2\/comments?post=8653"}],"version-history":[{"count":9,"href":"https:\/\/www.skilife.ski\/fr\/wp-json\/wp\/v2\/pages\/8653\/revisions"}],"predecessor-version":[{"id":15724,"href":"https:\/\/www.skilife.ski\/fr\/wp-json\/wp\/v2\/pages\/8653\/revisions\/15724"}],"up":[{"embeddable":true,"href":"https:\/\/www.skilife.ski\/fr\/wp-json\/wp\/v2\/pages\/8649"}],"wp:featuredmedia":[{"embeddable":true,"href":"https:\/\/www.skilife.ski\/fr\/wp-json\/wp\/v2\/media\/15657"}],"wp:attachment":[{"href":"https:\/\/www.skilife.ski\/fr\/wp-json\/wp\/v2\/media?parent=8653"}],"curies":[{"name":"wp","href":"https:\/\/api.w.org\/{rel}","templated":true}]}}