{"id":8659,"date":"2016-01-23T11:41:47","date_gmt":"2016-01-23T10:41:47","guid":{"rendered":"http:\/\/www.skivallee.it\/fr\/?page_id=8659"},"modified":"2019-11-07T15:09:09","modified_gmt":"2019-11-07T14:09:09","slug":"skipass-vallee-daoste","status":"publish","type":"page","link":"https:\/\/www.skilife.ski\/fr\/vallee-daoste\/skipass-vallee-daoste\/","title":{"rendered":"Skipass Vall\u00e9e d&#8217;Aoste"},"content":{"rendered":"<h4 id=\"subtitle\">La plus longue saison dans les Alpes<\/h4>\n<p>[vc_row][vc_column width=&#8221;2\/3&#8243;][vc_column_text]<br \/>\n<img loading=\"lazy\" decoding=\"async\" class=\"alignnone wp-image-15009 size-full\" src=\"http:\/\/www.skilife.ski\/wp-content\/uploads\/2016\/01\/Box_skipass_vda.jpg\" width=\"674\" height=\"448\" srcset=\"https:\/\/www.skilife.ski\/wp-content\/uploads\/2016\/01\/Box_skipass_vda.jpg 674w, https:\/\/www.skilife.ski\/wp-content\/uploads\/2016\/01\/Box_skipass_vda-180x120.jpg 180w, https:\/\/www.skilife.ski\/wp-content\/uploads\/2016\/01\/Box_skipass_vda-250x166.jpg 250w, https:\/\/www.skilife.ski\/wp-content\/uploads\/2016\/01\/Box_skipass_vda-120x80.jpg 120w, https:\/\/www.skilife.ski\/wp-content\/uploads\/2016\/01\/Box_skipass_vda-300x200.jpg 300w, https:\/\/www.skilife.ski\/wp-content\/uploads\/2016\/01\/Box_skipass_vda-600x400.jpg 600w\" sizes=\"(max-width: 674px) 100vw, 674px\" \/><\/p>\n<p><span style=\"font-size: medium;\" size=\"3\">Lo \u201cSKIPASS VALLE D\u2019AOSTA\u201d offre allo sciatore la massima libert\u00e0 nella scelta della stazione in funzione dei propri gusti, della qualit\u00e0 della neve e delle condizioni meteorologiche, eliminando l\u2019obbligo di dover sciare in una localit\u00e0 predeterminata.<br \/>\n<\/span><\/p>\n<p><span style=\"font-size: medium;\" size=\"3\">Tutte le combinazioni tariffarie sono valide dall\u2019apertura della prima stazione valdostana a fine ottobre sino alla chiusura ai primi di maggio, la stagione invernale dello \u201cSKIPASS VALLE D\u2019AOSTA\u201d \u00e8 la pi\u00f9 lunga delle Alpi.<\/span><\/p>\n<p>Grazie ad un sistema unificato \u00e8 possibile sciare, con un unico biglietto acquistabile presso qualsiasi stazione sciistica valdostana oppure online, accedendo direttamente agli impianti di risalita.<\/p>\n<p>La validit\u00e0 dei biglietti \u00e8 estesa a tutte le stazioni della regione e a quelle collegate di&nbsp;Zermatt in Svizzera, di La Rosi\u00e8re in Francia e di Alagna Valsesia in Piemonte.<br \/>\n[\/vc_column_text][\/vc_column][vc_column width=&#8221;1\/3&#8243;][vc_column_text]<\/p>\n<h2 style=\"line-height: 1em;\">Les stations de ski qui participent au &#8220;Skipass Vall\u00e9e d&#8217;Aoste&#8221; sont:<\/h2>\n<ul class=\"resort\">\n<li><a href=\"http:\/\/www.skilife.ski\/cervinia\/\">Breuil-Cervinia \/ Valtournenche<\/a><\/li>\n<li><a href=\"http:\/\/www.skilife.ski\/chamois\/\">Chamois<\/a><\/li>\n<li><a href=\"http:\/\/www.skilife.ski\/cogne\/\">Cogne<\/a><\/li>\n<li><a href=\"http:\/\/www.skilife.ski\/col-de-joux\/\">Col de Joux<\/a><\/li>\n<li><a href=\"http:\/\/www.skilife.ski\/courmayeur\/\">Courmayeur<\/a><\/li>\n<li><a href=\"http:\/\/www.skilife.ski\/monte-bianco\/\">Skyway Monte Bianco<\/a><\/li>\n<li><a href=\"http:\/\/www.skilife.ski\/crevacol\/\">Cr\u00e9vacol<\/a><\/li>\n<li><a href=\"http:\/\/www.skilife.ski\/la-magdeleine\/\">La Magdeleine<\/a><\/li>\n<li><a href=\"http:\/\/www.skilife.ski\/la-thuile\/\">La Thuile &#8211; La Rosi\u00e8re<\/a><\/li>\n<li style=\"list-style: none;\">Monterosa Ski:<\/li>\n<li style=\"margin-left: 1em;\"><a href=\"http:\/\/www.skilife.ski\/alagna-valsesia\/\">Alagna Valsesia<\/a><\/li>\n<li style=\"margin-left: 1em;\"><a href=\"http:\/\/www.skilife.ski\/antagnod\/\">Antagnod &#8211; Ayas<\/a><\/li>\n<li style=\"margin-left: 1em;\"><a href=\"http:\/\/www.skilife.ski\/brusson\/\">Brusson<\/a><\/li>\n<li style=\"margin-left: 1em;\"><a href=\"http:\/\/www.skilife.ski\/champoluc\/\">Champoluc &#8211; Ayas<\/a><\/li>\n<li style=\"margin-left: 1em;\"><a href=\"http:\/\/www.skilife.ski\/gressoney-lt\/\">Gressoney La Trinit\u00e9<\/a><\/li>\n<li style=\"margin-left: 1em;\"><a href=\"http:\/\/www.skilife.ski\/gressoney-sj\/\">Gressoney Saint Jean<\/a><\/li>\n<li style=\"margin-left: 1em;\"><a href=\"http:\/\/www.skilife.ski\/champorcher\/\">Champorcher<\/a><\/li>\n<li><a href=\"http:\/\/www.skilife.ski\/ollomont\/\">Ollomont<\/a><\/li>\n<li><a href=\"http:\/\/www.skilife.ski\/pila\/\">Pila<\/a><\/li>\n<li><a href=\"http:\/\/www.skilife.ski\/rhemes-notre-dame\/\">Rh\u00eames-Notre-Dame<\/a><\/li>\n<li><a href=\"http:\/\/www.skilife.ski\/torgnon\/\">Torgnon<\/a><\/li>\n<li><a href=\"http:\/\/www.skilife.ski\/valgrisenche\/\">Valgrisenche<\/a><\/li>\n<li><a href=\"http:\/\/www.skilife.ski\/valtournenche\/\">Valtournenche<\/a><\/li>\n<\/ul>\n<p>&nbsp;<\/p>\n<p>&nbsp;<\/p>\n<p>[\/vc_column_text][\/vc_column][\/vc_row]<\/p>\n","protected":false},"excerpt":{"rendered":"La plus longue saison dans les Alpes [vc_row][vc_column width=&#8221;2\/3&#8243;][vc_column_text] Lo \u201cSKIPASS VALLE D\u2019AOSTA\u201d offre allo sciatore la massima libert\u00e0 nella scelta della stazione in funzione dei propri gusti, della qualit\u00e0 della neve e delle condizioni meteorologiche, eliminando l\u2019obbligo di dover sciare in una localit\u00e0 predeterminata. Tutte le combinazioni tariffarie sono valide dall\u2019apertura della prima stazione&#8230; <a class=\"view-article\" href=\"https:\/\/www.skilife.ski\/fr\/vallee-daoste\/skipass-vallee-daoste\/\">Voir l&#8217;article<\/a>","protected":false},"author":5,"featured_media":15685,"parent":8649,"menu_order":0,"comment_status":"closed","ping_status":"closed","template":"","meta":{"footnotes":""},"_links":{"self":[{"href":"https:\/\/www.skilife.ski\/fr\/wp-json\/wp\/v2\/pages\/8659"}],"collection":[{"href":"https:\/\/www.skilife.ski\/fr\/wp-json\/wp\/v2\/pages"}],"about":[{"href":"https:\/\/www.skilife.ski\/fr\/wp-json\/wp\/v2\/types\/page"}],"author":[{"embeddable":true,"href":"https:\/\/www.skilife.ski\/fr\/wp-json\/wp\/v2\/users\/5"}],"replies":[{"embeddable":true,"href":"https:\/\/www.skilife.ski\/fr\/wp-json\/wp\/v2\/comments?post=8659"}],"version-history":[{"count":9,"href":"https:\/\/www.skilife.ski\/fr\/wp-json\/wp\/v2\/pages\/8659\/revisions"}],"predecessor-version":[{"id":16620,"href":"https:\/\/www.skilife.ski\/fr\/wp-json\/wp\/v2\/pages\/8659\/revisions\/16620"}],"up":[{"embeddable":true,"href":"https:\/\/www.skilife.ski\/fr\/wp-json\/wp\/v2\/pages\/8649"}],"wp:featuredmedia":[{"embeddable":true,"href":"https:\/\/www.skilife.ski\/fr\/wp-json\/wp\/v2\/media\/15685"}],"wp:attachment":[{"href":"https:\/\/www.skilife.ski\/fr\/wp-json\/wp\/v2\/media?parent=8659"}],"curies":[{"name":"wp","href":"https:\/\/api.w.org\/{rel}","templated":true}]}}