{"id":8661,"date":"2016-01-23T14:04:55","date_gmt":"2016-01-23T13:04:55","guid":{"rendered":"http:\/\/www.skivallee.it\/fr\/?page_id=8661"},"modified":"2018-01-04T11:26:24","modified_gmt":"2018-01-04T10:26:24","slug":"hebergement","status":"publish","type":"page","link":"https:\/\/www.skilife.ski\/fr\/vallee-daoste\/hebergement\/","title":{"rendered":"O\u00f9 s\u00e9journer en Vall\u00e9e d&#8217;Aoste"},"content":{"rendered":"<h4 id=\"subtitle\">Utilisez le moteur de recherche pour trouver la disponibilit\u00e9 et les meilleurs offres des h\u00f4tels, maisons, appartements, campingset d&#8217;autres \u00e9tablissements en Vall\u00e9e d&#8217;Aoste.<\/h4>\n<p>[vc_row][vc_column width=&#8221;2\/3&#8243;][vc_column_text]Des h\u00f4tels 5 \u00e9toiles \u00e0 des simples de pension de famille les solutions pour dormir en la Vall\u00e9e d&#8217;Aoste sont nombreuses. Les h\u00f4tels de la Vall\u00e9e d&#8217;Aoste ont tradition et exp\u00e9rience de l&#8217;hospitalit\u00e9 consolid\u00e9es, et ils savent accueillir au mieux ses clients, dans des chambres bien entretenues et confortables. Toutes les donn\u00e9es sont saisies directement par les propri\u00e9taires des structures. R\u00e9servez en ligne en s\u00e9curit\u00e9.<\/p>\n<p><a href=\"http:\/\/www.bookingvalledaosta.it\/fr\/index.html\" target=\"_blank\">Bookingvalledaosta.it<\/a> est le site officiel pour les r\u00e9servations en Vall\u00e9e d&#8217;Aoste r\u00e9alis\u00e9 par l&#8217;Office R\u00e9gional du Tourisme en collaboration avec le D\u00e9partement R\u00e9gional du Tourisme et A.d.a.v.a. &#8211; Association des h\u00f4teliers de la Vall\u00e9e d&#8217;Aoste.<\/p>\n<p align=\"center\"><a href=\"http:\/\/www.bookingvalledaosta.it\/fr\/index.html\" target=\"_blank\"><img loading=\"lazy\" decoding=\"async\" class=\"alignnone wp-image-12722\" src=\"\/wp-content\/uploads\/2016\/10\/Tasto-scopri-di-piu\u0300-e1475845019274.png\" alt=\"plus d'info\" width=\"160\" height=\"33\" srcset=\"https:\/\/www.skilife.ski\/wp-content\/uploads\/2016\/10\/Tasto-scopri-di-piu\u0300-e1475845019274.png 160w, https:\/\/www.skilife.ski\/wp-content\/uploads\/2016\/10\/Tasto-scopri-di-piu\u0300-e1475845019274-120x25.png 120w\" sizes=\"(max-width: 160px) 100vw, 160px\" \/><\/a><\/p>\n<p>[\/vc_column_text][\/vc_column][vc_column width=&#8221;1\/3&#8243;][vc_column_text]<\/p>\n<div id=\"booking-wrapper\">&nbsp;<\/div>\n<p>&gt;[\/vc_column_text][\/vc_column][\/vc_row]<br \/>\n<script type=\"text\/javascript\" src=\"http:\/\/booking.lovevda.it\/Scripts\/widget\/booking.js?resources_path=\/wp-content\/plugins\/booking_lovevda_it&amp;guid=&amp;jquery=true&amp;jqueryUI=true&amp;language=fra&amp;target=_blank&amp;consoleLog=false\"><\/script><\/p>\n","protected":false},"excerpt":{"rendered":"Utilisez le moteur de recherche pour trouver la disponibilit\u00e9 et les meilleurs offres des h\u00f4tels, maisons, appartements, campingset d&#8217;autres \u00e9tablissements en Vall\u00e9e d&#8217;Aoste. [vc_row][vc_column width=&#8221;2\/3&#8243;][vc_column_text]Des h\u00f4tels 5 \u00e9toiles \u00e0 des simples de pension de famille les solutions pour dormir en la Vall\u00e9e d&#8217;Aoste sont nombreuses. Les h\u00f4tels de la Vall\u00e9e d&#8217;Aoste ont tradition et exp\u00e9rience&#8230; <a class=\"view-article\" href=\"https:\/\/www.skilife.ski\/fr\/vallee-daoste\/hebergement\/\">Voir l&#8217;article<\/a>","protected":false},"author":5,"featured_media":15677,"parent":8649,"menu_order":0,"comment_status":"closed","ping_status":"closed","template":"","meta":{"footnotes":""},"_links":{"self":[{"href":"https:\/\/www.skilife.ski\/fr\/wp-json\/wp\/v2\/pages\/8661"}],"collection":[{"href":"https:\/\/www.skilife.ski\/fr\/wp-json\/wp\/v2\/pages"}],"about":[{"href":"https:\/\/www.skilife.ski\/fr\/wp-json\/wp\/v2\/types\/page"}],"author":[{"embeddable":true,"href":"https:\/\/www.skilife.ski\/fr\/wp-json\/wp\/v2\/users\/5"}],"replies":[{"embeddable":true,"href":"https:\/\/www.skilife.ski\/fr\/wp-json\/wp\/v2\/comments?post=8661"}],"version-history":[{"count":8,"href":"https:\/\/www.skilife.ski\/fr\/wp-json\/wp\/v2\/pages\/8661\/revisions"}],"predecessor-version":[{"id":15727,"href":"https:\/\/www.skilife.ski\/fr\/wp-json\/wp\/v2\/pages\/8661\/revisions\/15727"}],"up":[{"embeddable":true,"href":"https:\/\/www.skilife.ski\/fr\/wp-json\/wp\/v2\/pages\/8649"}],"wp:featuredmedia":[{"embeddable":true,"href":"https:\/\/www.skilife.ski\/fr\/wp-json\/wp\/v2\/media\/15677"}],"wp:attachment":[{"href":"https:\/\/www.skilife.ski\/fr\/wp-json\/wp\/v2\/media?parent=8661"}],"curies":[{"name":"wp","href":"https:\/\/api.w.org\/{rel}","templated":true}]}}