{"id":8688,"date":"2016-01-24T09:59:46","date_gmt":"2016-01-24T08:59:46","guid":{"rendered":"http:\/\/www.skivallee.it\/fr\/?page_id=8688"},"modified":"2024-12-03T10:19:15","modified_gmt":"2024-12-03T09:19:15","slug":"advantages-et-services","status":"publish","type":"page","link":"https:\/\/www.skilife.ski\/fr\/forfait-ski\/advantages-et-services\/","title":{"rendered":"Avantages et services"},"content":{"rendered":"<h4 id=\"subtitle\">Les forfaits-ski Vall\u00e9e d&#8217;Aoste vous permettent de profiter de nombreuses offres et promotions. D\u00e9couvrez-les sur cette page.<\/h4>\n<p><span>Tout forfait-ski &#8221; Skipass Vall\u00e9e d&#8217;Aoste&#8221; plein tarif saison ou plusieurs-jours valable sur l\u2019ensemble du territoire vald\u00f4tain&nbsp;donne droit, pour la dur\u00e9e de sa validit\u00e9, \u00e0:<\/span><\/p>\n<p>&nbsp;<\/p>\n<table width=\"100%\" cellspacing=\"0\" cellpadding=\"0\">\n<tbody>\n<tr>\n<td style=\"border: 1px solid; border-color: #55C2E4; border-radius: 0.5em; padding-left: 0.5em; padding-right: 0.5em;\" valign=\"top\" width=\"48%\">\n<p style=\"text-align: center;\"><a href=\"https:\/\/www.fortedibard.it\/fr\/\" target=\"_blank\" rel=\"noopener\"><img loading=\"lazy\" decoding=\"async\" width=\"1158\" height=\"295\" class=\"alignnone size-full wp-image-12949\" src=\"\/wp-content\/uploads\/2016\/10\/logo_FORTE_BARD.jpg\" alt=\"Forte di Bard\" srcset=\"https:\/\/www.skilife.ski\/wp-content\/uploads\/2016\/10\/logo_FORTE_BARD.jpg 1158w, https:\/\/www.skilife.ski\/wp-content\/uploads\/2016\/10\/logo_FORTE_BARD-180x46.jpg 180w, https:\/\/www.skilife.ski\/wp-content\/uploads\/2016\/10\/logo_FORTE_BARD-250x64.jpg 250w, https:\/\/www.skilife.ski\/wp-content\/uploads\/2016\/10\/logo_FORTE_BARD-768x196.jpg 768w, https:\/\/www.skilife.ski\/wp-content\/uploads\/2016\/10\/logo_FORTE_BARD-700x178.jpg 700w, https:\/\/www.skilife.ski\/wp-content\/uploads\/2016\/10\/logo_FORTE_BARD-120x31.jpg 120w, https:\/\/www.skilife.ski\/wp-content\/uploads\/2016\/10\/logo_FORTE_BARD-300x76.jpg 300w, https:\/\/www.skilife.ski\/wp-content\/uploads\/2016\/10\/logo_FORTE_BARD-600x153.jpg 600w\" sizes=\"(max-width: 1158px) 100vw, 1158px\" \/><\/a><\/p>\n<p align=\"center\">l\u2019entr\u00e9e \u00e0 <strong>tarif r\u00e9duit<\/strong> aux espaces d\u2019exposition (temporaires et permanents) du <strong>FORT DE BARD<\/strong><\/p>\n<p style=\"text-align: center;\">Tel. +39 0125 833811<br \/>\nFax. + 39 0125 833830<br \/>\n<a href=\"http:\/\/www.fortedibard.it\/fr\" target=\"_blank\" rel=\"noopener\">www.fortedibard.fr<\/a><br \/>\n<a href=\"mailto:info@fortedibard.it\">info@fortedibard.it <\/a><\/p>\n<\/td>\n<td width=\"4%\">&nbsp;<\/td>\n<td style=\"border: 1px solid; border-color: #55C2E4; border-radius: 0.5em; padding-left: 0.5em; padding-right: 0.5em;\" align=\"center\" valign=\"top\" width=\"48%\"><a href=\"http:\/\/www.oavda.it\/francais\/index.htm\" target=\"_blank\" rel=\"noopener\"><img decoding=\"async\" class=\"size-full\" src=\"\/wp-content\/uploads\/2016\/10\/OSSERVATORIO_ASTRONOMICO_VDA.jpg\" alt=\"Osservatorio Astronomico V.d.A.\"><\/a><\/p>\n<p style=\"text-align: center;\">l&#8217;entr\u00e9e \u00e0 <strong>tarif r\u00e9duit<\/strong>, avec visites guid\u00e9es (diurnes et nocturnes), \u00e0 l&#8217;<strong>Observatoire Astronomiquede la R\u00e9gion Autonome de la Vall\u00e9e d&#8217;Aoste<\/strong> et au <strong>Planetarium de Lignan <\/strong>g\u00e9r\u00e9s par la <strong>Fondazione Cl\u00e9ment Filiettroz<\/strong>;<\/p>\n<p>F.ne Lignan, 39 SAINT BARTHELEMY<br \/>\n11020 NUS AO<br \/>\nTel. +39 0165 770050<br \/>\nFax&nbsp;+39 0165 770051&nbsp;<br \/>\n<a href=\"mailto:info@oavda.it\">info@oavda.it<\/a><br \/>\n<a href=\"http:\/\/www.oavda.it\/francais\/index.htm\" target=\"_blank\" rel=\"noopener\">www.oavda.it<\/a><\/td>\n<\/tr>\n<tr>\n<td colspan=\"3\">&nbsp;<\/td>\n<\/tr>\n<tr>\n<td style=\"border: 1px solid; border-color: #55C2E4; border-radius: 0.5em; padding-left: 0.5em; padding-right: 0.5em;\" align=\"center\" valign=\"top\" width=\"48%\">\n<div align=\"center\"><a href=\"http:\/\/www.anciensremedesjovencan.it\/fr\/\" target=\"_blank\" rel=\"noopener\"><img decoding=\"async\" src=\"\/wp-content\/uploads\/2016\/10\/Logo_LESANCIENSREM-e1475934705988.png\" alt=\"Maison des Ancien Rem\u00e8des\"><\/a><\/div>\n<p>l&#8217;entr\u00e9e \u00e0 tarif r\u00e9duit<br \/>\n<span style=\"font-family: inherit; font-size: inherit;\">avec visite guid\u00e9e<br \/>\n<\/span><span style=\"font-family: inherit; font-size: inherit;\">\u00e0 la <\/span><strong style=\"font-family: inherit; font-size: inherit;\">Maison des Anciens Rem\u00e8des<\/strong><\/p>\n<p style=\"text-align: center;\">Hameau Les Adam, 29<br \/>\n11020 JOVENCAN (AO)<br \/>\nTel: +39 333 358 98 63 &#8211;&nbsp;Fax. :+39 0165 250 746<br \/>\n<a href=\"http:\/\/www.anciensremedesjovencan.it\/fr\/\" target=\"_blank\" rel=\"noopener\">www.anciensremedesjovencan.it<br \/>\n<\/a><br \/>\n<a href=\"mailto:info@anciensremedesjovencan.it\">info@anciensremedesjovencan.it<\/a><\/p>\n<\/td>\n<td width=\"4%\">&nbsp;<\/td>\n<td style=\"border: 1px solid; border-color: #55C2E4; border-radius: 0.5em; padding-left: 0.5em; padding-right: 0.5em;\" align=\"center\" valign=\"top\" width=\"48%\">\n<div align=\"center\">\n<p><a href=\"http:\/\/www.mongolfiere.it\/index_e.asp\" target=\"_blank\" rel=\"noopener\"><img decoding=\"async\" src=\"\/wp-content\/uploads\/2016\/10\/logo_Charbonnier_Mongolfiere-e1475936105518.jpg\" alt=\"Charbonnier_mongolfiere\"><\/a><\/p>\n<\/div>\n<p>tout forfait-ski &#8220;Skipass Vall\u00e9e d&#8217;Aoste&#8221; saison donne droit, pour la dur\u00e9e de sa validit\u00e9, \u00e0<\/p>\n<p><strong>20.00 \u20ac de remise sur un vol en montgolfi\u00e8re<\/strong>.<\/p>\n<p>CHARBONNIER MONGOLFIERE SNC<br \/>\n<a href=\"http:\/\/www.mongolfiere.it\/index_e.asp\" target=\"_blank\" rel=\"noopener\">www.mongolfiere.it<\/a><\/td>\n<\/tr>\n<tr>\n<td colspan=\"3\">&nbsp;<\/td>\n<\/tr>\n<\/tbody>\n<\/table>\n<p style=\"text-align: left;\">&nbsp;<\/p>\n<table style=\"margin-bottom: 0.7em;\" width=\"100%\" cellspacing=\"0\" cellpadding=\"0\">\n<tbody>\n<tr>\n<td style=\"border: 1px solid; border-color: #55C2E4; border-radius: 0.5em 0.5em 0em 0em; background-color: #55c2e4;\" align=\"center\">\n<p style=\"font-size: 1.4em; font-weight: bold; color: #fff; margin-top: 0.5em; margin-bottom: 0.5em;\">OFFRE APR\u00c8S SKI<\/p>\n<\/td>\n<\/tr>\n<tr>\n<td style=\"border: 1px solid; border-color: #55C2E4; padding: 0.7em 1em 0.7em 1em;\" align=\"center\">\n<p align=\"left\">Tous les forfaits-ski &#8220;Skipass Vall\u00e9e d&#8217;Aosta&#8221; plein tarif, \u00e0 savoir:<\/p>\n<ul style=\"text-align: left;\">\n<li>forfaits saison<\/li>\n<li>forfaits pluri-journaliers portant sur des journ\u00e9es cons\u00e9cutives (5 jours et plus)<\/li>\n<li>forfaits pluri-journaliers internationaux,<\/li>\n<\/ul>\n<p align=\"left\">permettent de profiter de l&#8217;offre &#8220;AFTER SKI&#8221;&nbsp;dans les structures suivantes:<\/p>\n<table style=\"border: 1px solid; border-color: #55C2E4; border-radius: 0.5em; margin-bottom: 0.7em;\" width=\"60%\" cellpadding=\"0\">\n<tbody>\n<tr>\n<td style=\"padding-top: 1em; padding-bottom: 1em;\" align=\"center\"><img loading=\"lazy\" decoding=\"async\" src=\"\/wp-content\/uploads\/2016\/01\/ghiaccio.gif\" alt=\"ghiaccio\" width=\"82\" height=\"83\"><\/p>\n<h3>Acc\u00e8s gratuit \u00e0 la patinoire de Courmayeur<\/h3>\n<\/td>\n<\/tr>\n<\/tbody>\n<\/table>\n<table style=\"border: 1px solid; border-color: #55C2E4; border-radius: 0.5em; margin-bottom: 0.7em;\" width=\"60%\" cellpadding=\"0\">\n<tbody>\n<tr>\n<td style=\"padding-top: 1em; padding-bottom: 1em;\" align=\"center\"><img loading=\"lazy\" decoding=\"async\" src=\"\/wp-content\/uploads\/2016\/01\/fondo.gif\" alt=\"fondo\" width=\"83\" height=\"83\"><\/p>\n<h3>Acc\u00e8s gratuit \u00e0 toutes les pistes de fond de la Vall\u00e9e d&#8217;Aoste.<\/h3>\n<\/td>\n<\/tr>\n<\/tbody>\n<\/table>\n<table style=\"border: 1px solid; border-color: #55C2E4; border-radius: 0.5em; margin-bottom: 0.7em;\" width=\"60%\" cellpadding=\"0\">\n<tbody>\n<tr>\n<td style=\"padding-top: 1em; padding-bottom: 1em;\" align=\"center\"><img loading=\"lazy\" decoding=\"async\" src=\"\/wp-content\/uploads\/2016\/01\/piscina.gif\" alt=\"piscina\" width=\"83\" height=\"83\"><\/p>\n<h3>Acc\u00e8s gratuit aux p<strong>iscines de:<\/strong><\/h3>\n<ul style=\"padding-top: 0; margin: 0;\">\n<li style=\"list-style: none;\">Saint-Vincent<\/li>\n<li style=\"list-style: none;\">Verr\u00e8s<\/li>\n<li style=\"list-style: none;\">Aoste<\/li>\n<li style=\"list-style: none;\">Valtournenche<\/li>\n<\/ul>\n<\/td>\n<\/tr>\n<\/tbody>\n<\/table>\n<table style=\"border: 1px solid; border-color: #55C2E4; border-radius: 0.5em; margin-bottom: 0.7em;\" width=\"60%\" cellpadding=\"0\">\n<tbody>\n<tr>\n<td style=\"padding: 1em; padding-bottom: 1em;\">L&#8217;achat d\u2019un&nbsp;<strong>forfait-ski saison valable partout en Vallee d&#8217;Aoste&nbsp;<\/strong>inclut \u00e9galement \u00e0<strong>&nbsp;titre gratuit<\/strong>:<\/p>\n<ul>\n<li style=\"list-style: none;\"><strong>&#8220;ASSURANCE SKI&#8221;<\/strong>: accidents, service de premier soin, service de premier secours sur piste, assistance et responsabilit\u00e9 civile.<\/li>\n<li style=\"list-style: none;\">&#8220;PARCS \u00c0 NEIGE POUR ENFANTS<strong>&#8220;.<\/strong>&nbsp;Entr\u00e9e r\u00e9serv\u00e9e aux enfants de moins de 14 ans:<\/li>\n<\/ul>\n<ul>\n<li style=\"list-style-type: none;\">\n<ul style=\"padding-left: 3em;\">\n<li>ANTAGNOD e FONTANEY (Champoluc &#8211; Ayas)<\/li>\n<li>GRESSONEY LA TRINITE &#8211; SANT&#8217;ANNA di Staffal<\/li>\n<li>COGNE<\/li>\n<li>TORGNON (escl. big airbag)<\/li>\n<li>DOLONNE (Courmayeur &#8211; esclusa la parte gonfiabili)<\/li>\n<li>BREUIL-CERVINIA (Loc. Campetto del Cretaz)<\/li>\n<li>CHAMPORCHER<\/li>\n<li>LA THUILE<\/li>\n<li>ESTOUL (Brusson)<\/li>\n<li>VALGRISENCHE (Granta Parey)<\/li>\n<\/ul>\n<\/li>\n<li style=\"list-style: none;\"><strong>&#8220;SKI DECOUVERTE&#8221;<br \/>\n<\/strong><strong>ABONNEMENT SAISON REGIONAL (Vall\u00e9e d&#8217;Aoste et Vall\u00e9e d&#8217;Aoste + Zermatt):<\/strong>&nbsp;&nbsp;&nbsp;&nbsp;&nbsp;&nbsp;&nbsp;&nbsp;&nbsp;&nbsp;&nbsp;&nbsp;&nbsp;&nbsp;&nbsp;&nbsp;&nbsp;&nbsp;&nbsp;&nbsp;&nbsp;&nbsp;&nbsp;&nbsp;&nbsp;&nbsp;&nbsp;<\/p>\n<ul style=\"padding-left: 3em; list-style: none;\">\n<li>Tout abonnement saison regional (Vall\u00e9e d&#8217;Aoste et Vall\u00e9e d&#8217;Aoste + Zermatt) donne droit, pour la dur\u00e9e de sa validit\u00e9, de skier gratuitement pour 6 jours (au maximum 1 jours par semaine) au sein du domaine skiable de <strong><span lang=\"EN-GB\">Verbier 4Vall\u00e9es<\/span><\/strong> (Bruson, La Thoumaz and Thyon). En vous pr\u00e9sentant aux caisses des remont\u00e9es m\u00e9caniques munis du forfait r\u00e9gional que vous avez achet\u00e9, un forfait journalier vous sera octroy\u00e9 \u00e0 titre gratuit.<\/li>\n<\/ul>\n<\/li>\n<li style=\"list-style: none;\"><strong>FORFAIT PLUSIEURS-JOURS REGIONAL PORTANT SUR DES JOURNEES CONSECUTIVES (6 jours ou plus)<\/strong><strong>:<\/strong>\n<ul style=\"padding-left: 3em; list-style: none;\">\n<li>tout forfait pluri-journalier regional portant sur des journees consecutives (6 jours ou plus) donne droit, pour la dur\u00e9e de sa validit\u00e9, de skier au sein du domaine skiable de V\u00e9rbier grand ski (Verbier, Veysonnaz, Thyon, Bruson, La Tzoumaz, Nendaz ). en vous pr\u00e9sentant aux caisses des remont\u00e9es m\u00e9caniques munis du forfait r\u00e9gional que vous avez achet\u00e9, un forfait journalier r\u00e9duit du 50% vous sera octroy\u00e9 \u00e0 titre.<\/li>\n<\/ul>\n<\/li>\n<li style=\"list-style: none;\"><strong>&#8220;GRATUITE E RETOUR&#8221;<\/strong> au <strong>Tunnel du Gran Saint Bernard:<\/strong>\n<ul style=\"padding-left: 3em; list-style: none;\">\n<li>Le Tunnel du Grand-Saint-Bernard accorde la gratuit\u00e9 du retour aux usagers ayant pratiqu\u00e9 du ski dans une station conventionn\u00e9e suisse \u00e0 condition que le skieur, \u00e0 son retour, pr\u00e9sente aux caisses de p\u00e9age le billet d&#8217;aller simple course et une contremarque de la station de ski o\u00f9 il s&#8217;est rendu.<\/li>\n<\/ul>\n<\/li>\n<\/ul>\n<\/td>\n<\/tr>\n<\/tbody>\n<\/table>\n<\/td>\n<\/tr>\n<\/tbody>\n<\/table>\n","protected":false},"excerpt":{"rendered":"Les forfaits-ski Vall\u00e9e d&#8217;Aoste vous permettent de profiter de nombreuses offres et promotions. D\u00e9couvrez-les sur cette page. Tout forfait-ski &#8221; Skipass Vall\u00e9e d&#8217;Aoste&#8221; plein tarif saison ou plusieurs-jours valable sur l\u2019ensemble du territoire vald\u00f4tain&nbsp;donne droit, pour la dur\u00e9e de sa validit\u00e9, \u00e0: &nbsp; l\u2019entr\u00e9e \u00e0 tarif r\u00e9duit aux espaces d\u2019exposition (temporaires et permanents) du FORT&#8230; <a class=\"view-article\" href=\"https:\/\/www.skilife.ski\/fr\/forfait-ski\/advantages-et-services\/\">Voir l&#8217;article<\/a>","protected":false},"author":5,"featured_media":15796,"parent":8667,"menu_order":0,"comment_status":"closed","ping_status":"closed","template":"","meta":{"footnotes":""},"_links":{"self":[{"href":"https:\/\/www.skilife.ski\/fr\/wp-json\/wp\/v2\/pages\/8688"}],"collection":[{"href":"https:\/\/www.skilife.ski\/fr\/wp-json\/wp\/v2\/pages"}],"about":[{"href":"https:\/\/www.skilife.ski\/fr\/wp-json\/wp\/v2\/types\/page"}],"author":[{"embeddable":true,"href":"https:\/\/www.skilife.ski\/fr\/wp-json\/wp\/v2\/users\/5"}],"replies":[{"embeddable":true,"href":"https:\/\/www.skilife.ski\/fr\/wp-json\/wp\/v2\/comments?post=8688"}],"version-history":[{"count":29,"href":"https:\/\/www.skilife.ski\/fr\/wp-json\/wp\/v2\/pages\/8688\/revisions"}],"predecessor-version":[{"id":18586,"href":"https:\/\/www.skilife.ski\/fr\/wp-json\/wp\/v2\/pages\/8688\/revisions\/18586"}],"up":[{"embeddable":true,"href":"https:\/\/www.skilife.ski\/fr\/wp-json\/wp\/v2\/pages\/8667"}],"wp:featuredmedia":[{"embeddable":true,"href":"https:\/\/www.skilife.ski\/fr\/wp-json\/wp\/v2\/media\/15796"}],"wp:attachment":[{"href":"https:\/\/www.skilife.ski\/fr\/wp-json\/wp\/v2\/media?parent=8688"}],"curies":[{"name":"wp","href":"https:\/\/api.w.org\/{rel}","templated":true}]}}