{"id":8705,"date":"2016-01-24T11:20:10","date_gmt":"2016-01-24T10:20:10","guid":{"rendered":"http:\/\/www.skivallee.it\/fr\/?page_id=8705"},"modified":"2026-01-30T11:31:25","modified_gmt":"2026-01-30T10:31:25","slug":"assurance-de-ski","status":"publish","type":"page","link":"https:\/\/www.skilife.ski\/fr\/forfait-ski\/assurance-de-ski\/","title":{"rendered":"Assurance de ski"},"content":{"rendered":"<h4 id=\"subtitle\">Toutes les informations sur l&#8217;assurance des forfaits-ski Vall\u00e9e d&#8217;Aoste<\/h4>\n<p style=\"text-align: center;\">&nbsp;<\/p>\n<table style=\"margin-bottom: 0.7em;\" width=\"100%\" cellspacing=\"0\" cellpadding=\"0\">\n<tbody>\n<tr>\n<td style=\"border: 1px solid; border-color: #55C2E4; border-radius: 0.5em 0.5em 0em 0em; background-color: #55c2e4;\" align=\"left\">\n<p style=\"font-size: 1.4em; font-weight: bold; color: #fff; margin-top: 0.5em; margin-bottom: 0.5em; padding-left: 0.7em;\">CONDITIONS D&#8217;ASSURANCE<br \/>\npour les acheteurs de FORFAITS SKI &#8220;VALLEE D&#8217;AOSTE&#8221; PLUSIEURS-JOURS<\/p>\n<\/td>\n<\/tr>\n<tr>\n<td style=\"border: 1px solid; border-color: #55C2E4; padding: 0.7em 1em 0.7em 1em;\" align=\"left\">Toute soci\u00e9t\u00e9 qui ne b\u00e9n\u00e9ficie pas localement d&#8217;une couverture d&#8217;assurance pour les titres de transport valables dans une seule station de ski peut, \u00e0 la demande expresse du client, \u00e9tendre l&#8217;<strong>ASSURANCE&nbsp; \u00ab SNOWCARE \u00bb au tarif de \u20ac 3,50 par jour, tarif r\u00e9duit \u00e0 \u20ac 1,50 pour les enfants \u00e2g\u00e9s de moins de 8 ans<\/strong>, aux acheteurs de forfaits pluri-journaliers r\u00e9gionaux et internationaux. Le service de premier soin sur les domaines skiables est payant: le co\u00fbt de l&#8217;intervention est de \u20ac 200,00.<\/p>\n<p style=\"text-align: center;\"><strong><span style=\"text-decoration: underline;\">V\u00c9RIFIEZ SI VOTRE ASSURANCE COUVRE LES PERFORMANCES, SINON ACHETEZ L&#8217;ASSURANCES &#8220;SNOWCARE&#8221; AVEC VOTRE SKIPASS.<\/span><\/strong><\/p>\n<p align=\"center\"><a href=\"https:\/\/help.24hassistance.com\/hc\/it\/articles\/6768472143634-Snowcare-Valle-d-Aosta\" target=\"_blank\" rel=\"noopener\"><img decoding=\"async\" class=\"alignnone\" src=\"https:\/\/www.skilife.ski\/wp-content\/uploads\/2026\/01\/SC-ing-300x250-1.png\" alt=\"\" width=\"300\"><\/a><\/p>\n<p>Pour&nbsp;plus d&#8217;informations d\u00e9taill\u00e9es, veuillez vous adresser directement aux caisses des remont\u00e9es m\u00e9caniques o\u00f9 vous ach\u00e8terez&nbsp;le titre de transport.<\/td>\n<\/tr>\n<\/tbody>\n<\/table>\n<table style=\"margin-bottom: 0.7em;\" width=\"100%\" cellspacing=\"0\" cellpadding=\"0\">\n<tbody>\n<tr>\n<td style=\"border: 1px solid; border-color: #55C2E4; border-radius: 0.5em 0.5em 0em 0em; background-color: #55c2e4;\" align=\"left\">\n<p style=\"font-size: 1.4em; font-weight: bold; color: #fff; margin-top: 0.5em; margin-bottom: 0.5em; padding-left: 0.7em;\">Conditions d&#8217;assurance<br \/>\npour les ACHETEURS de FORFAITS SKI &#8220;VALLEE D&#8217;AOSTE&#8221; SAISONNIER<\/p>\n<\/td>\n<\/tr>\n<tr>\n<td style=\"border: 1px solid; border-color: #55C2E4; padding: 0.7em 1em 0.7em 1em;\" align=\"left\">\n<p align=\"center\"><span><strong>Coris Assistance 24ore S.r.l.<\/strong><br \/>\nC.so Magenta 69\/A<br \/>\n20123 Milano<br \/>\niscritto al RUI B000404543<br \/>\n<\/span><a href=\"http:\/\/www.24hassistance.com\/\">www.24hassistance.com<\/a><\/p>\n<p>L&#8217;ASSURANCE concerne tout accident de ski suppos\u00e9 survenir au cours de la saison d&#8217;hiver 2019\/2020 sur les pistes de ski vald\u00f4taines ou des domaines skiables subordonn\u00e9s \u00e0 la validit\u00e9&nbsp;du forfait ski&nbsp;achet\u00e9 (domaine de ski de Zermatt, pour les&nbsp;titulaires d&#8217;un forfait Vall\u00e9e d&#8217;Aoste + Zermatt et les domaines skiables des 4 Vall\u00e9es (CH) pour les&nbsp;titulaires du forfait Vall\u00e9e d&#8217;Aoste et Vall\u00e9e d&#8217;Aoste + Zermatt) et attest\u00e9 par une fiche de secours r\u00e9dig\u00e9e par les pisteurs secouristes de la station de ski concern\u00e9s. La police d&#8217;assurance &#8220;SNOWCARE&#8221; n&#8217;est valable que s&#8217;il y a eu intervention, sur le lieu du sinistre, de l&#8217;organisme de secours sur pistes.<\/p>\n<p align=\"center\"><a href=\"https:\/\/www.24hassistance.com\/Assicurazione-infortuni-incidenti-sport\/Step1.aspx\" target=\"_blank\" rel=\"noopener\">Visitez ce site pour plus d&#8217;inofs sur la police &#8220;SNOWCARE&#8221;<\/a><\/p>\n<p align=\"center\"><strong>AVVERTISSEMENT<\/strong><\/p>\n<p>La police d&#8217;assurance contre les accidents survenant sur les pistes est inclue dans les FORFAITS SKI &#8220;VALLE D&#8217;AOSTA&#8221; avec validit\u00e9 saisonni\u00e8re (\u00e0 l&#8217;exclusion des forfaits dits &#8220;sp\u00e9ciaux&#8221; r\u00e9serv\u00e9s aux, moniteurs de ski, guides, r\u00e9sidents des \u00e9coles maternelles et primaires, Voyagistes).<\/p>\n<p>En cas d&#8217;accident, afin d&#8217;exploiter le service de premiers secours au sein des centres de soins conventionn\u00e9s sans \u00eatre oblig\u00e9s de payer \u00e0 l&#8217;avance les prestations, les titulaires desdits forfaits sont tenus, sous leur propre responsabilit\u00e9, \u00e0 informer les pisteurs secouristes, lors du sauvetage sur les pistes de ski, qu&#8217;ils disposent de l&#8217;assurance en signant une fiche d&#8217;auto-d\u00e9claration sp\u00e8cifique. Dans le cas contraire, apr\u00e8s avoir pay\u00e9 les prestations re\u00e7ues ils pourront envoyer une demande de remboursement \u00e0 la compagnie d&#8217;assurance.<\/td>\n<\/tr>\n<\/tbody>\n<\/table>\n","protected":false},"excerpt":{"rendered":"Toutes les informations sur l&#8217;assurance des forfaits-ski Vall\u00e9e d&#8217;Aoste &nbsp; CONDITIONS D&#8217;ASSURANCE pour les acheteurs de FORFAITS SKI &#8220;VALLEE D&#8217;AOSTE&#8221; PLUSIEURS-JOURS Toute soci\u00e9t\u00e9 qui ne b\u00e9n\u00e9ficie pas localement d&#8217;une couverture d&#8217;assurance pour les titres de transport valables dans une seule station de ski peut, \u00e0 la demande expresse du client, \u00e9tendre l&#8217;ASSURANCE&nbsp; \u00ab SNOWCARE \u00bb&#8230; <a class=\"view-article\" href=\"https:\/\/www.skilife.ski\/fr\/forfait-ski\/assurance-de-ski\/\">Voir l&#8217;article<\/a>","protected":false},"author":5,"featured_media":15790,"parent":8667,"menu_order":0,"comment_status":"closed","ping_status":"closed","template":"","meta":{"footnotes":""},"_links":{"self":[{"href":"https:\/\/www.skilife.ski\/fr\/wp-json\/wp\/v2\/pages\/8705"}],"collection":[{"href":"https:\/\/www.skilife.ski\/fr\/wp-json\/wp\/v2\/pages"}],"about":[{"href":"https:\/\/www.skilife.ski\/fr\/wp-json\/wp\/v2\/types\/page"}],"author":[{"embeddable":true,"href":"https:\/\/www.skilife.ski\/fr\/wp-json\/wp\/v2\/users\/5"}],"replies":[{"embeddable":true,"href":"https:\/\/www.skilife.ski\/fr\/wp-json\/wp\/v2\/comments?post=8705"}],"version-history":[{"count":12,"href":"https:\/\/www.skilife.ski\/fr\/wp-json\/wp\/v2\/pages\/8705\/revisions"}],"predecessor-version":[{"id":18906,"href":"https:\/\/www.skilife.ski\/fr\/wp-json\/wp\/v2\/pages\/8705\/revisions\/18906"}],"up":[{"embeddable":true,"href":"https:\/\/www.skilife.ski\/fr\/wp-json\/wp\/v2\/pages\/8667"}],"wp:featuredmedia":[{"embeddable":true,"href":"https:\/\/www.skilife.ski\/fr\/wp-json\/wp\/v2\/media\/15790"}],"wp:attachment":[{"href":"https:\/\/www.skilife.ski\/fr\/wp-json\/wp\/v2\/media?parent=8705"}],"curies":[{"name":"wp","href":"https:\/\/api.w.org\/{rel}","templated":true}]}}