{"id":8717,"date":"2016-01-24T13:59:37","date_gmt":"2016-01-24T12:59:37","guid":{"rendered":"http:\/\/www.skivallee.it\/fr\/?page_id=8717"},"modified":"2018-01-08T11:31:36","modified_gmt":"2018-01-08T10:31:36","slug":"o-p-o-s","status":"publish","type":"page","link":"https:\/\/www.skilife.ski\/fr\/o-p-o-s\/","title":{"rendered":"O.P.O.S."},"content":{"rendered":"<h4 id=\"subtitle\">Achetez votre forfait-ski directement \u00e0 l&#8217;h\u00f4tel.<\/h4>\n<p>[vc_row][vc_column width=&#8221;2\/3&#8243;][vc_column_text]<br \/>\n<strong>O.P.O.S.<\/strong> (One Point Of Sale) est le syst\u00e8me de billetterie disponible pour les h\u00f4tels et les r\u00e9sidences, que permet la vente et l&#8217;activation directe de forfaits-ski par le partenaire qui a accept\u00e9 le contrat avec Skipass Vall\u00e9e d&#8217;Aoste. Voici une liste des activit\u00e9s, que affichent le logo &#8220;PASS POINT&#8221; montr\u00e9 ici \u00e0 c\u00f4t\u00e9, que d\u00e9j\u00e0 offrent le service \u00e0 leurs clients.<\/p>\n<p>[\/vc_column_text][\/vc_column][vc_column width=&#8221;1\/3&#8243;][vc_column_text]<br \/>\n<img loading=\"lazy\" decoding=\"async\" class=\"aligncenter wp-image-8714\" src=\"\/wp-content\/uploads\/2016\/01\/SkipassPoint-e1476446238574.jpg\" alt=\"O.P.O.S. - One Point of Sale\" width=\"200\" height=\"200\" srcset=\"https:\/\/www.skilife.ski\/wp-content\/uploads\/2016\/01\/SkipassPoint-e1476446238574.jpg 200w, https:\/\/www.skilife.ski\/wp-content\/uploads\/2016\/01\/SkipassPoint-e1476446238574-120x120.jpg 120w\" sizes=\"(max-width: 200px) 100vw, 200px\" \/><\/p>\n<p>[\/vc_column_text][\/vc_column][\/vc_row]<\/p>\n<p>&nbsp;<\/p>\n<table style=\"margin-bottom: 0.7em;\" width=\"100%\" cellspacing=\"0\" cellpadding=\"0\">\n<tbody>\n<tr>\n<td style=\"border: 1px solid; border-color: #55C2E4; border-radius: 0.5em 0.5em 0em 0em; background-color: #55c2e4;\" align=\"center\">\n<p style=\"font-size: 1.4em; font-weight: bold; color: #fff; margin-top: 0.5em; margin-bottom: 0.5em;\">PILA<\/p>\n<\/td>\n<\/tr>\n<tr>\n<td style=\"border: 1px solid; border-color: #55C2E4; padding: 0.7em 1em 0.7em 1em;\" align=\"center\">\n<table class=\"table table-striped\" width=\"99%\" border=\"0\" cellspacing=\"0\" cellpadding=\"0\">\n<tbody>\n<tr>\n<td width=\"40%\">Bar Della Nouva<\/td>\n<td width=\"60%\">Fraz. Pila 75 &#8211; 11020 Gressan AO<\/td>\n<\/tr>\n<tr>\n<td width=\"40%\">Albergo Tivet<\/td>\n<td width=\"60%\">Fraz. Tivet &#8211; 11020 Gressan AO<\/td>\n<\/tr>\n<tr>\n<td width=\"40%\">Hotel Plan Bois<\/td>\n<td width=\"60%\">Fraz. Pila, 96 &#8211; 11020 Gressan AO<\/td>\n<\/tr>\n<tr>\n<td width=\"40%\">Hotel Milleluci<\/td>\n<td width=\"60%\">Loc. Porossan Roppoz, 15 &#8211; 11100 Aosta AO<\/td>\n<\/tr>\n<tr>\n<td width=\"40%\">La Roche Hotel Appartements<\/td>\n<td width=\"60%\">Loc. Signayes, 110\/A &#8211; 11100 Aosta AO<\/td>\n<\/tr>\n<tr>\n<td width=\"40%\">Relais Du Berger<\/td>\n<td width=\"60%\">Fraz. Borettaz, 4\/A &#8211; 11020 Gressan AO<\/td>\n<\/tr>\n<tr>\n<td width=\"40%\">Hotel Pila 2000<\/td>\n<td width=\"60%\">Fraz. Pila &#8211; 11020 Gressan AO<\/td>\n<\/tr>\n<\/tbody>\n<\/table>\n<\/td>\n<\/tr>\n<\/tbody>\n<\/table>\n<table style=\"margin-bottom: 0.7em;\" width=\"100%\" cellspacing=\"0\" cellpadding=\"0\">\n<tbody>\n<tr>\n<td style=\"border: 1px solid; border-color: #55C2E4; border-radius: 0.5em 0.5em 0em 0em; background-color: #55c2e4;\" align=\"center\">\n<p style=\"font-size: 1.4em; font-weight: bold; color: #fff; margin-top: 0.5em; margin-bottom: 0.5em;\">MONTEROSA SKI<\/p>\n<\/td>\n<\/tr>\n<tr>\n<td style=\"border: 1px solid; border-color: #55C2E4; padding: 0.7em 1em 0.7em 1em;\" align=\"center\">\n<table class=\"table table-striped\" width=\"99%\" border=\"0\" cellspacing=\"0\" cellpadding=\"0\">\n<tbody>\n<tr>\n<td width=\"40%\">Hotellerie De Mascognaz<\/td>\n<td width=\"60%\">Fraz. Mascognaz &#8211; 11020 Ayas AO<\/td>\n<\/tr>\n<tr>\n<td width=\"40%\">Hotel Villa Anna Maria<\/td>\n<td width=\"60%\">Via Croues, 5 &#8211; 11020 Ayas AO<\/td>\n<\/tr>\n<tr>\n<td width=\"40%\">Creforne&#8217;<\/td>\n<td width=\"60%\">Loc. Cre Forne&#8217; &#8211; 11020 Ayas AO<\/td>\n<\/tr>\n<tr>\n<td width=\"40%\">Le Rocher Hotel<\/td>\n<td width=\"60%\">Loc. Villy &#8211; 11020 Ayas AO<\/td>\n<\/tr>\n<tr>\n<td width=\"40%\">Hotel Castor<\/td>\n<td width=\"60%\">Via Ramey, 2 &#8211; 111020 Champoluc-Ayas AO<\/td>\n<\/tr>\n<tr>\n<td width=\"40%\">Hotel Lo Scoiattolo<\/td>\n<td width=\"60%\">Loc. Tache, 6 &#8211; 11020 Gressoney La Trinit\u00e9 AO<\/td>\n<\/tr>\n<tr>\n<td width=\"40%\">Albergo Vieux Crest<\/td>\n<td width=\"60%\">Loc. Crest Chemin L&#8217;alta &#8211; 11020 Ayas AO<\/td>\n<\/tr>\n<tr>\n<td width=\"40%\">Albergo Punta Zerbion<\/td>\n<td width=\"60%\">Fraz. Corbet, 8 &#8211; 11020 Ayas AO<\/td>\n<\/tr>\n<tr>\n<td width=\"40%\">Albergo Del Ponte<\/td>\n<td width=\"60%\">Loc. Gabiet, 11- 11020 Gressoney La Trinit\u00e9 AO<\/td>\n<\/tr>\n<tr>\n<td width=\"40%\">Chalet Du Lys<\/td>\n<td width=\"60%\">Loc. Staffal, 14- 11020 Gressoney La Trinit\u00e9 AO<\/td>\n<\/tr>\n<tr>\n<td width=\"40%\">Hotel Laghetto<\/td>\n<td width=\"60%\">Rue Trois Villages 291 &#8211; 11022 Brusson Ayas AO<\/td>\n<\/tr>\n<tr>\n<td width=\"40%\">Frantze Le Rascard 17<\/td>\n<td width=\"60%\">Fraz. Frantze 41 &#8211; 11020 Champoluc Ayas AO<\/td>\n<\/tr>\n<tr>\n<td width=\"40%\">Hotel L&#8217;aiglon<\/td>\n<td width=\"60%\">Route Ramey, 16b1 &#8211; 11020 Champoluc Ayas AO<\/td>\n<\/tr>\n<tr>\n<td width=\"40%\">Hotel Bellevue<\/td>\n<td width=\"60%\">Route Ramey 161 &#8211; 11020 Champoluc Ayas AO<\/td>\n<\/tr>\n<tr>\n<td width=\"40%\">Hotel Le Petit Abri<\/td>\n<td width=\"60%\">Rue Chemin Varasc 70\/A1 &#8211; 11020 Champoluc Ayas AO<\/td>\n<\/tr>\n<tr>\n<td width=\"40%\">Residence&nbsp; Les Coupoles Srl<\/td>\n<td width=\"60%\">Route Ramey , 141 &#8211; 11020 Champoluc Ayas AO<\/td>\n<\/tr>\n<tr>\n<td width=\"40%\">Hotel Genzianella<\/td>\n<td width=\"60%\">Fraz. St. Jacques 51 &#8211; 11020 Champoluc Ayas AO<\/td>\n<\/tr>\n<tr>\n<td width=\"40%\">Hotel Santa San<\/td>\n<td width=\"60%\">Route Barmasc, 1 &#8211; 11020 Antagnod Ayas AO<\/td>\n<\/tr>\n<tr>\n<td width=\"40%\">Hotel Monboso<\/td>\n<td width=\"60%\">Fraz. Staffal 19 &#8211; 11020 Gressoney La Trinit\u00e9 AO<\/td>\n<\/tr>\n<tr>\n<td width=\"40%\">Hotel Lyshaus<\/td>\n<td width=\"60%\">Loc. Tschoarde 1 &#8211; 11025 Gressoney St. Jean AO<\/td>\n<\/tr>\n<tr>\n<td width=\"40%\">Hotel Italia<\/td>\n<td width=\"60%\">Via Valley 2 &#8211; 11022 BRUSSON AO<\/td>\n<\/tr>\n<tr>\n<td width=\"40%\">Hotel Beau Site<\/td>\n<td width=\"60%\">Rue Trois Villages 4 &#8211; 11022 BRUSSON AO<\/td>\n<\/tr>\n<tr>\n<td width=\"40%\">Hotel Nordend<\/td>\n<td width=\"60%\">Loc. Tschaval 5 &#8211; 11020 Gressoney La Trinit\u00e9 AO<\/td>\n<\/tr>\n<tr>\n<td width=\"40%\">La Villa Della Regina R.T.A.<\/td>\n<td width=\"60%\">Fraz. Staffal 6 &#8211; 11020 Gressoney La Trinit\u00e9 AO<\/td>\n<\/tr>\n<tr>\n<td width=\"40%\">Hotel Lysjoch<\/td>\n<td width=\"60%\">Loc. Fohre 4 &#8211; 11020 Gressoney La Trinit\u00e9 AO<\/td>\n<\/tr>\n<tr>\n<td width=\"40%\">Hotel Dufour<\/td>\n<td width=\"60%\">Loc- Edelboden Sup. 34 &#8211; 11020 Gressoney La Trinit\u00e9 AO<\/td>\n<\/tr>\n<tr>\n<td width=\"40%\">Camping Margherita<\/td>\n<td width=\"60%\">Loc. Schnake, 15 &#8211; 11025 Gressoney St. Jean AO<\/td>\n<\/tr>\n<tr>\n<td width=\"40%\">Residence Walsertal<\/td>\n<td width=\"60%\">Colle Della Bettaforca &#8211; 11020 Gressoney La Trinit\u00e9 AO<\/td>\n<\/tr>\n<tr>\n<td width=\"40%\">Hotel Petit Tournalin<\/td>\n<td width=\"60%\">Fraz. Villy, 2 &#8211; 11020 Ayas AO<\/td>\n<\/tr>\n<tr>\n<td width=\"40%\">Gran Baita<\/td>\n<td width=\"60%\">Strada Castello Savoia, 26 &#8211; 11025 Gressoney St. Jean AO<\/td>\n<\/tr>\n<tr>\n<td width=\"40%\">Hotel Petit Prince<\/td>\n<td width=\"60%\">Via E. Chanoux, 54 &#8211; 11020 Ayas AO<\/td>\n<\/tr>\n<tr>\n<td width=\"40%\">Hotel Monte Cervino<\/td>\n<td width=\"60%\">Chemin De Soussun, 5 &#8211; 11020 Ayas AO<\/td>\n<\/tr>\n<tr>\n<td width=\"40%\">Albergo Ristoro Sitten<\/td>\n<td width=\"60%\">Loc. Sitten, 16 &#8211; 11020 Gressoney La Trinit\u00e9 AO<\/td>\n<\/tr>\n<tr>\n<td width=\"40%\">B.&amp;B. Petit Coeur<\/td>\n<td width=\"60%\">Rue Maitre Dondeynaz, 19 &#8211; 111020 Champoluc Ayas AO<\/td>\n<\/tr>\n<tr>\n<td width=\"40%\">Planet Service<\/td>\n<td width=\"60%\">Route Ramey, 481 &#8211; 11020 Champoluc Ayas AO<\/td>\n<\/tr>\n<tr>\n<td width=\"40%\">Residence Lo Peyo<\/td>\n<td width=\"60%\">Via Barmasc, 13c &#8211; 11020 Antagnod Ayas AO<\/td>\n<\/tr>\n<tr>\n<td width=\"40%\">B&amp;B Bachamp 1826<\/td>\n<td width=\"60%\">Fraz. Bachamp &#8211; 11020 Challand St. Anselme AO<\/td>\n<\/tr>\n<tr>\n<td width=\"40%\">Hotel De Gletscher<\/td>\n<td width=\"60%\">Loc. Tschaval, 28 &#8211; 11020 Gressoney La Trinit\u00e9 AO<\/td>\n<\/tr>\n<tr>\n<td width=\"40%\">Albergo Alpenrose<\/td>\n<td width=\"60%\">Loc. Bieltschocke, 25 &#8211; 11025 Gressoney St. Jean AO<\/td>\n<\/tr>\n<tr>\n<td width=\"40%\">Hotel Ellex<\/td>\n<td width=\"60%\">Loc. Tschaval, 6 &#8211; 11020 Gressoney La Trinit\u00e9 AO<\/td>\n<\/tr>\n<tr>\n<td width=\"40%\">Stadel Soussun<\/td>\n<td width=\"60%\">Fraz. Soussun &#8211; 11020 Ayas AO<\/td>\n<\/tr>\n<tr>\n<td width=\"40%\">Hotel La Rouja<\/td>\n<td width=\"60%\">Rue Des Guides, 19 &#8211; 11020 Ayas AO<\/td>\n<\/tr>\n<tr>\n<td width=\"40%\">Charmant Petit Hotel<\/td>\n<td width=\"60%\">Route Ramey, 67 &#8211; 11020 Ayas AO<\/td>\n<\/tr>\n<tr>\n<td width=\"40%\">Villa Tedaldi<\/td>\n<td width=\"60%\">Loc. Tschemonal, 12 &#8211; 11025 Gressoney St. Jean AO<\/td>\n<\/tr>\n<tr>\n<td width=\"40%\">Hotel Jolanda Sport<\/td>\n<td width=\"60%\">Loc. Edelboden, 31 &#8211; 11020 Gressoney La Trinit\u00e9 AO<\/td>\n<\/tr>\n<tr>\n<td width=\"40%\">Scuola Sci Champoluc<\/td>\n<td width=\"60%\">Route Ramey, 671 &#8211; 11020 Champoluc Ayas AO<\/td>\n<\/tr>\n<tr>\n<td width=\"40%\">Residence Oberteil<\/td>\n<td width=\"60%\">Loc. Tache, 7 &#8211; 11020 Gressoney La Trinit\u00e9 AO<\/td>\n<\/tr>\n<tr>\n<td width=\"40%\">Residence Ruetoreif<\/td>\n<td width=\"60%\">Loc. Gressmatto Waeg, 10 &#8211; 11025 Gressoney St. Jean AO<\/td>\n<\/tr>\n<tr>\n<td width=\"40%\">Mini Market<\/td>\n<td width=\"60%\">Fraz. Chardonney 120b &#8211; 11020 Champorcher AO<\/td>\n<\/tr>\n<tr>\n<td width=\"40%\">Albergo Beau Sejour<\/td>\n<td width=\"60%\">Fraz. Lor\u00e9 1 &#8211; 11020 Champorcher AO<\/td>\n<\/tr>\n<tr>\n<td width=\"40%\">Residence Le Chalet<\/td>\n<td width=\"60%\">Route E. Chanoux, 39 &#8211; 11020 Ayas AO<\/td>\n<\/tr>\n<tr>\n<td>Locanda Anderbatt<\/td>\n<td>Loc. Anderbatt 29 &#8211; 11020 Gressoney La Trinit\u00e9 AO<\/td>\n<\/tr>\n<tr>\n<td>Hotel La Torretta<\/td>\n<td>Fraz. Ma\u00e8, 8 &#8211; 11020 Challand St. Anselme AO<\/td>\n<\/tr>\n<tr>\n<td>Chambres d&#8217;Hotes Dresalwoald<\/td>\n<td>Loc. Dresal, 3 &#8211; 11025 Gressoney Saint Jean AO<\/td>\n<\/tr>\n<tr>\n<td>Chalet Villa Giuditta<\/td>\n<td>Loc. Platz, 8 &#8211; 11020 Gaby AO<\/td>\n<\/tr>\n<tr>\n<td>Rifugio Ferraro<\/td>\n<td>Loc. Resy &#8211; 11020 Ayas AO<\/td>\n<\/tr>\n<\/tbody>\n<\/table>\n<\/td>\n<\/tr>\n<\/tbody>\n<\/table>\n<table style=\"margin-bottom: 0.7em;\" width=\"100%\" cellspacing=\"0\" cellpadding=\"0\">\n<tbody>\n<tr>\n<td style=\"border: 1px solid; border-color: #55C2E4; border-radius: 0.5em 0.5em 0em 0em; background-color: #55c2e4;\" align=\"center\">\n<p style=\"font-size: 1.4em; font-weight: bold; color: #fff; margin-top: 0.5em; margin-bottom: 0.5em;\">LA THUILE<\/p>\n<\/td>\n<\/tr>\n<tr>\n<td style=\"border: 1px solid; border-color: #55C2E4; padding: 0.7em 1em 0.7em 1em;\" align=\"center\">\n<table class=\"table table-striped\" width=\"99%\" border=\"0\" cellspacing=\"0\" cellpadding=\"0\">\n<tbody>\n<tr>\n<td width=\"40%\">Chalet Eden<\/td>\n<td width=\"60%\">Fraz. Villaret, 74 &#8211; 11016 La Thuile AO<\/td>\n<\/tr>\n<tr>\n<td width=\"40%\">Le Miramonti La Thuile<\/td>\n<td width=\"60%\">Via P.S.Bernardo, 3 &#8211; 11016 La Thuile AO<\/td>\n<\/tr>\n<tr>\n<td width=\"40%\">Hotel Du Glacier<\/td>\n<td width=\"60%\">Fraz. Petite Golette, 135 &#8211; 11016 La Thuile AO<\/td>\n<\/tr>\n<tr>\n<td width=\"40%\">Chateau Blanc<\/td>\n<td width=\"60%\">Fraz. Entreves, 39 &#8211; 11016 La Thuile AO<\/td>\n<\/tr>\n<tr>\n<td width=\"40%\">Nira Montana Hotel<\/td>\n<td width=\"60%\">Fraz. Arly 87 &#8211; 11016 La Thuile AO<\/td>\n<\/tr>\n<tr>\n<td width=\"40%\">Maison de Neige<\/td>\n<td width=\"60%\">Strada P.S. Bernardo km. 152 &#8211; 11016 La Thuile AO<\/td>\n<\/tr>\n<\/tbody>\n<\/table>\n<\/td>\n<\/tr>\n<\/tbody>\n<\/table>\n<table style=\"margin-bottom: 0.7em;\" width=\"100%\" cellspacing=\"0\" cellpadding=\"0\">\n<tbody>\n<tr>\n<td style=\"border: 1px solid; border-color: #55C2E4; border-radius: 0.5em 0.5em 0em 0em; background-color: #55c2e4;\" align=\"center\">\n<p style=\"font-size: 1.4em; font-weight: bold; color: #fff; margin-top: 0.5em; margin-bottom: 0.5em;\">COURMAYEUR<\/p>\n<\/td>\n<\/tr>\n<tr>\n<td style=\"border: 1px solid; border-color: #55C2E4; padding: 0.7em 1em 0.7em 1em;\" align=\"center\">\n<table class=\"table table-striped\" width=\"99%\" border=\"0\" cellspacing=\"0\" cellpadding=\"0\">\n<tbody>\n<tr>\n<td width=\"40%\">Qc Terme Spa &amp; Resort<\/td>\n<td width=\"60%\">Route M.Blanc, 28 &#8211; 11010 Pr\u00e9 St. Didier AO<\/td>\n<\/tr>\n<tr>\n<td width=\"40%\">Au Coeur De Neige<\/td>\n<td width=\"60%\">Str.Statale 26,28 &#8211; 11013 Courmayeur AO<\/td>\n<\/tr>\n<tr>\n<td width=\"40%\">Auberge De La Maison<\/td>\n<td width=\"60%\">Via P.D&#8217;entreves &#8211; 11013 Courmayeur AO<\/td>\n<\/tr>\n<tr>\n<td width=\"40%\">Hotel Pavillon<\/td>\n<td width=\"60%\">Str.Regionale, 62 &#8211; 11013 Courmayeur AO<\/td>\n<\/tr>\n<tr>\n<td width=\"40%\">Hotel Pilier D&#8217;angle<\/td>\n<td width=\"60%\">Via G.Jorasses, 18 &#8211; 11013 Courmayeur AO<\/td>\n<\/tr>\n<tr>\n<td width=\"40%\">Hotel Svizzero<\/td>\n<td width=\"60%\">Str.Statale 26, 11 &#8211; 11013 Courmayeur AO<\/td>\n<\/tr>\n<tr>\n<td width=\"40%\">Aigle Hotel<\/td>\n<td width=\"60%\">Str.La Palud 5 Entreves &#8211; 11013 Courmayeur AO<\/td>\n<\/tr>\n<tr>\n<td width=\"40%\">Super G Hotel Restaurant Bar<\/td>\n<td width=\"60%\">Fraz. Plan Checrouit 9 &#8211; 11013 Courmayeur AO<\/td>\n<\/tr>\n<tr>\n<td width=\"40%\">Hotel Royal E Golf<\/td>\n<td width=\"60%\">Via Roma, 87 &#8211; 11013 Courmayeur AO<\/td>\n<\/tr>\n<tr>\n<td width=\"40%\">Hotel Maison Saint Jean<\/td>\n<td width=\"60%\">Vicolo Dolonne 18 &#8211; 11013 Courmayeur AO<\/td>\n<\/tr>\n<tr>\n<td width=\"40%\">Gran Baita<\/td>\n<td width=\"60%\">Strada Larzey Entreves 2 &#8211; 11013 Courmayeur AO<\/td>\n<\/tr>\n<tr>\n<td width=\"40%\">Hotel Lo Scoiattolo<\/td>\n<td width=\"60%\">Viale Monte Bianco, 50 &#8211; 11013 Courmayeur AO<\/td>\n<\/tr>\n<\/tbody>\n<\/table>\n<\/td>\n<\/tr>\n<\/tbody>\n<\/table>\n<table style=\"margin-bottom: 0.7em;\" width=\"100%\" cellspacing=\"0\" cellpadding=\"0\">\n<tbody>\n<tr>\n<td style=\"border: 1px solid; border-color: #55C2E4; border-radius: 0.5em 0.5em 0em 0em; background-color: #55c2e4;\" align=\"center\">\n<p style=\"font-size: 1.4em; font-weight: bold; color: #fff; margin-top: 0.5em; margin-bottom: 0.5em;\">SAINT VINCENT<\/p>\n<\/td>\n<\/tr>\n<tr>\n<td style=\"border: 1px solid; border-color: #55C2E4; padding: 0.7em 1em 0.7em 1em;\" align=\"center\">\n<table class=\"table table-striped\" width=\"99%\" border=\"0\" cellspacing=\"0\" cellpadding=\"0\">\n<tbody>\n<tr>\n<td width=\"40%\">Consorzio Turistico St. Vincent<\/td>\n<td width=\"60%\">Via Roma, 62 &#8211; 11027 Saint Vincent AO<\/td>\n<\/tr>\n<tr>\n<td width=\"40%\">Casino&#8217;<\/td>\n<td width=\"60%\">Via Italo Mus &#8211; 11027 Saint Vincent AO<\/td>\n<\/tr>\n<\/tbody>\n<\/table>\n<\/td>\n<\/tr>\n<\/tbody>\n<\/table>\n<table style=\"margin-bottom: 0.7em;\" width=\"100%\" cellspacing=\"0\" cellpadding=\"0\">\n<tbody>\n<tr>\n<td style=\"border: 1px solid; border-color: #55C2E4; border-radius: 0.5em 0.5em 0em 0em; background-color: #55c2e4;\" align=\"center\">\n<p style=\"font-size: 1.4em; font-weight: bold; color: #fff; margin-top: 0.5em; margin-bottom: 0.5em;\">JOVEN\u00c7AN<\/p>\n<\/td>\n<\/tr>\n<tr>\n<td style=\"border: 1px solid; border-color: #55C2E4; padding: 0.7em 1em 0.7em 1em;\" align=\"center\">\n<table class=\"table table-striped\" width=\"99%%\" border=\"0\" cellspacing=\"0\" cellpadding=\"0\">\n<tbody>\n<tr>\n<td width=\"40%\">Les Plaisir D&#8217;antan<\/td>\n<td>Hameau Le Clou, 6\/2 &#8211; 11020 Joven\u00e7an AO<\/td>\n<\/tr>\n<\/tbody>\n<\/table>\n<\/td>\n<\/tr>\n<\/tbody>\n<\/table>\n<table style=\"margin-bottom: 0.7em;\" width=\"100%\" cellspacing=\"0\" cellpadding=\"0\">\n<tbody>\n<tr>\n<td style=\"border: 1px solid; border-color: #55C2E4; border-radius: 0.5em 0.5em 0em 0em; background-color: #55c2e4;\" align=\"center\">\n<p style=\"font-size: 1.4em; font-weight: bold; color: #fff; margin-top: 0.5em; margin-bottom: 0.5em;\">AOSTA<\/p>\n<\/td>\n<\/tr>\n<tr>\n<td style=\"border: 1px solid; border-color: #55C2E4; padding: 0.7em 1em 0.7em 1em;\" align=\"center\">\n<table class=\"table table-striped\" width=\"99%\" border=\"0\" cellspacing=\"0\" cellpadding=\"0\">\n<tbody>\n<tr>\n<td width=\"40%\">Le Reve Charmant<\/td>\n<td width=\"60%\">Via March\u00e9 Vaudan, 6 &#8211; 11100 Aosta AO<\/td>\n<\/tr>\n<\/tbody>\n<\/table>\n<\/td>\n<\/tr>\n<\/tbody>\n<\/table>\n<table style=\"margin-bottom: 0.7em;\" width=\"100%\" cellspacing=\"0\" cellpadding=\"0\">\n<tbody>\n<tr>\n<td style=\"border: 1px solid; border-color: #55C2E4; border-radius: 0.5em 0.5em 0em 0em; background-color: #55c2e4;\" align=\"center\">\n<p style=\"font-size: 1.4em; font-weight: bold; color: #fff; margin-top: 0.5em; margin-bottom: 0.5em;\"><b>CHATILLON<\/b><\/p>\n<\/td>\n<\/tr>\n<tr>\n<td style=\"border: 1px solid; border-color: #55C2E4; padding: 0.7em 1em 0.7em 1em;\" align=\"center\">\n<table class=\"table table-striped\" width=\"99%\" border=\"0\" cellspacing=\"0\" cellpadding=\"0\">\n<tbody>\n<tr>\n<td width=\"40%\">Relais Du Foyer<\/td>\n<td width=\"60%\">Loc. Panorama 37 &#8211; 11024 Chatillon AO<\/td>\n<\/tr>\n<\/tbody>\n<\/table>\n<\/td>\n<\/tr>\n<\/tbody>\n<\/table>\n<table style=\"margin-bottom: 0.7em;\" width=\"100%\" cellspacing=\"0\" cellpadding=\"0\">\n<tbody>\n<tr>\n<td style=\"border: 1px solid; border-color: #55C2E4; border-radius: 0.5em 0.5em 0em 0em; background-color: #55c2e4;\" align=\"center\">\n<p style=\"font-size: 1.4em; font-weight: bold; color: #fff; margin-top: 0.5em; margin-bottom: 0.5em;\"><b>TORGNON<\/b><\/p>\n<\/td>\n<\/tr>\n<tr>\n<td style=\"border: 1px solid; border-color: #55C2E4; padding: 0.7em 1em 0.7em 1em;\" align=\"center\">\n<table class=\"table table-striped\" width=\"99%\" border=\"0\" cellspacing=\"0\" cellpadding=\"0\">\n<tbody>\n<tr>\n<td width=\"40%\">Hotel Caprices Des Neiges<\/td>\n<td width=\"60%\">Frazione Septumian,130 &#8211; 11020 Torgnon AO<\/td>\n<\/tr>\n<tr>\n<td width=\"40%\">Jour Et Nuit<\/td>\n<td width=\"60%\">Frazione Verney 2\/3 &#8211; 11020 Torgnon AO<\/td>\n<\/tr>\n<tr>\n<td>Alian Sport<\/td>\n<td>Fraz. Pecou, 105 &#8211; 11020 Torgnon AO<\/td>\n<\/tr>\n<\/tbody>\n<\/table>\n<\/td>\n<\/tr>\n<\/tbody>\n<\/table>\n<table style=\"margin-bottom: 0.7em;\" width=\"100%\" cellspacing=\"0\" cellpadding=\"0\">\n<tbody>\n<tr>\n<td style=\"border: 1px solid; border-color: #55C2E4; border-radius: 0.5em 0.5em 0em 0em; background-color: #55c2e4;\" align=\"center\">\n<p style=\"font-size: 1.4em; font-weight: bold; color: #fff; margin-top: 0.5em; margin-bottom: 0.5em;\">CERVINIA<\/p>\n<\/td>\n<\/tr>\n<tr>\n<td style=\"border: 1px solid; border-color: #55C2E4; padding: 0.7em 1em 0.7em 1em;\" align=\"center\">\n<table class=\"table table-striped\" width=\"99%\" border=\"0\" cellspacing=\"0\" cellpadding=\"0\">\n<tbody>\n<tr>\n<td width=\"40%\">Allure Alps<\/td>\n<td width=\"60%\">Via Guido Rey 21 &#8211; 11028 Valtournenche AO<\/td>\n<\/tr>\n<tr>\n<td width=\"40%\">Ski Residence Cervino 2<\/td>\n<td width=\"60%\">Fraz. Laviel 3 &#8211; 11028 Valtournenche AO<\/td>\n<\/tr>\n<tr>\n<td width=\"40%\">Hotel Punta Margherita<\/td>\n<td width=\"60%\">Via Roma, 8 &#8211; 11028 Valtournenche AO<\/td>\n<\/tr>\n<tr>\n<td width=\"40%\">Hotel Rascard<\/td>\n<td width=\"60%\">Fraz. Singlin di Sopra, 17 &#8211; 11028 Valtournenche AO<\/td>\n<\/tr>\n<\/tbody>\n<\/table>\n<\/td>\n<\/tr>\n<\/tbody>\n<\/table>\n","protected":false},"excerpt":{"rendered":"Achetez votre forfait-ski directement \u00e0 l&#8217;h\u00f4tel. [vc_row][vc_column width=&#8221;2\/3&#8243;][vc_column_text] O.P.O.S. (One Point Of Sale) est le syst\u00e8me de billetterie disponible pour les h\u00f4tels et les r\u00e9sidences, que permet la vente et l&#8217;activation directe de forfaits-ski par le partenaire qui a accept\u00e9 le contrat avec Skipass Vall\u00e9e d&#8217;Aoste. Voici une liste des activit\u00e9s, que affichent le logo&#8230; <a class=\"view-article\" href=\"https:\/\/www.skilife.ski\/fr\/o-p-o-s\/\">Voir l&#8217;article<\/a>","protected":false},"author":5,"featured_media":15822,"parent":0,"menu_order":0,"comment_status":"closed","ping_status":"closed","template":"","meta":{"footnotes":""},"_links":{"self":[{"href":"https:\/\/www.skilife.ski\/fr\/wp-json\/wp\/v2\/pages\/8717"}],"collection":[{"href":"https:\/\/www.skilife.ski\/fr\/wp-json\/wp\/v2\/pages"}],"about":[{"href":"https:\/\/www.skilife.ski\/fr\/wp-json\/wp\/v2\/types\/page"}],"author":[{"embeddable":true,"href":"https:\/\/www.skilife.ski\/fr\/wp-json\/wp\/v2\/users\/5"}],"replies":[{"embeddable":true,"href":"https:\/\/www.skilife.ski\/fr\/wp-json\/wp\/v2\/comments?post=8717"}],"version-history":[{"count":9,"href":"https:\/\/www.skilife.ski\/fr\/wp-json\/wp\/v2\/pages\/8717\/revisions"}],"predecessor-version":[{"id":15825,"href":"https:\/\/www.skilife.ski\/fr\/wp-json\/wp\/v2\/pages\/8717\/revisions\/15825"}],"wp:featuredmedia":[{"embeddable":true,"href":"https:\/\/www.skilife.ski\/fr\/wp-json\/wp\/v2\/media\/15822"}],"wp:attachment":[{"href":"https:\/\/www.skilife.ski\/fr\/wp-json\/wp\/v2\/media?parent=8717"}],"curies":[{"name":"wp","href":"https:\/\/api.w.org\/{rel}","templated":true}]}}