{"id":9555,"date":"2022-09-01T07:30:44","date_gmt":"2022-09-01T05:30:44","guid":{"rendered":"http:\/\/www.skivallee.it\/fr\/?page_id=9555"},"modified":"2025-08-01T12:22:49","modified_gmt":"2025-08-01T10:22:49","slug":"tarifs","status":"publish","type":"page","link":"https:\/\/www.skilife.ski\/fr\/forfait-ski\/tarifs\/","title":{"rendered":"Informations pratiques sur les forfaits-ski"},"content":{"rendered":"<h4 id=\"subtitle\">Skipass Vall\u00e9e d&#8217;Aoste: produits, tarifs, r\u00e8glements et conditions de vente.<\/h4>\n<p>Sur cette page et les suivantes vous trouvez toutes les informations pertinentes \u00e0 l&#8217;achat et l&#8217;utilisation des forfaits-ski saisonniers et plusieurs jours de validit\u00e9 r\u00e9gionale.<\/p>\n<div align=\"center\">\n<table style=\"margin-bottom: 0.7em;\" width=\"100%\" cellspacing=\"0\" cellpadding=\"0\">\n<tbody>\n<tr>\n<td style=\"border: 1px solid; border-color: #55C2E4; border-radius: 0.5em 0.5em 0em 0em; background-color: #55c2e4;\" align=\"left\">\n<p style=\"font-size: 1.4em; font-weight: bold; color: #fff; margin-top: 0.5em; margin-bottom: 0.5em; padding-left: 0.7em;\">INFORMATIONS UTILES<\/p>\n<\/td>\n<\/tr>\n<tr>\n<td style=\"border: 1px solid; border-color: #55C2E4; padding: 0.7em 1em 0.7em 1em;\" align=\"left\">\n<ul style=\"padding-left: 1.1em;\">\n<li>Tous le forfaits-ski \u00e0 validit\u00e9 regionale peuvent \u00eatre acht\u00e9s aupr\u00e8s de tous les guichets des stations de ski du Val d&#8217;Aoste.<\/li>\n<li>Tous les forfaits de ski (saisonniers et pluri-journ\u00e9es) sont strictement <strong>personnels<\/strong> et <strong>incessibles<\/strong><\/li>\n<li>Tous les titres de transport achet\u00e9s ne peuvent jamais \u00eatre <strong>rembourses<\/strong> ni <strong>remplaces<\/strong> avec un autre forfait.<\/li>\n<li>Tous abus implique l&#8217;application des sanctions pr\u00e9vues par le reglement Skipass Vall\u00e9e d&#8217;Aoste affich\u00e9 aupr\u00e8s des guichets des r\u00e9mont\u00e9es m\u00e9caniques de la Vall\u00e9e d&#8217;Aoste et dans <a href=\"http:\/\/www.skilife.ski\/fr\/forfait-ski\/reglement\/\"> cette page<\/a><\/li>\n<li>Les dates effectives du d\u00e9but et de la fin saison sont \u00e9tablies par chaque soci\u00e9t\u00e9 de r\u00e9mont\u00e9es m\u00e9caniques en fonction des conditions d&#8217;enneigement et des choix particuliers \u00e0 propos de la p\u00e9riode d&#8217;ouverture.<\/li>\n<\/ul>\n<\/td>\n<\/tr>\n<\/tbody>\n<\/table>\n<table style=\"margin-bottom: 0.7em;\" width=\"100%\" cellspacing=\"0\" cellpadding=\"0\">\n<tbody>\n<tr>\n<td style=\"border: 1px solid; border-color: #55C2E4; border-radius: 0.5em 0.5em 0em 0em; background-color: #55c2e4;\" align=\"left\">\n<p style=\"font-size: 1.4em; font-weight: bold; color: #fff; margin-top: 0.5em; margin-bottom: 0.5em; padding-left: 0.7em;\">FORFAITS-SKI SAISONNIER VALLEE D&#8217;AOSTE + ZERMATT<\/p>\n<\/td>\n<\/tr>\n<tr>\n<td style=\"border: 1px solid; border-color: #55C2E4; padding: 0.7em 1em 0.7em 1em;\" align=\"left\">Les forfaits de ski internationaux achet\u00e9s \u00e0 toute station de ski de la Vall\u00e9e d&#8217;Aoste doivent \u00eatre utilis\u00e9s en Vall\u00e9e d&#8217;Aoste lors de la premi\u00e8re entr\u00e9e.<\/p>\n<p>Pour les premi\u00e8res entr\u00e9es partant de Zermatt la soci\u00e9t\u00e9 suisse impose des contraintes particuli\u00e8res aux possesseurs des forfaits de ski saisonniers r\u00e9gionaux , en ne leur permettant que 2 entr\u00e9es par mois partant de Zermatt.<\/p>\n<p>Nous conseillons \u00e0 ceux qui passent plusieurs nuits par mois \u00e0 Zermatt de garder les r\u00e9c\u00e9piss\u00e9s des nuits pass\u00e9es \u00e0 l&#8217;hotel.<\/td>\n<\/tr>\n<\/tbody>\n<\/table>\n<table style=\"margin-bottom: 0.7em;\" width=\"100%\" cellspacing=\"0\" cellpadding=\"0\">\n<tbody>\n<tr>\n<td style=\"border: 1px solid; border-color: #55C2E4; border-radius: 0.5em 0.5em 0em 0em; background-color: #55c2e4;\" align=\"left\">\n<p style=\"font-size: 1.4em; font-weight: bold; color: #fff; margin-top: 0.5em; margin-bottom: 0.5em; padding-left: 0.7em;\">TUNNEL DU GRAND SAINT BERNARD<\/p>\n<\/td>\n<\/tr>\n<tr>\n<td style=\"border: 1px solid; border-color: #55C2E4; padding: 0.7em 1em 0.7em 1em;\" align=\"left\">Le Tunnel du Grand Saint Bernard accorde la gratuit\u00e9 du retour aux ausagers ayant pratiqu\u00e9 du ski dans une station conventionn\u00e9e suisse \u00e0 condition que les skieur, \u00e0 son retour pr\u00e9sente aux caisses de p\u00e9age le billet d&#8217;aller simple course et une contremarque de la station o\u00f9 il s&#8217;est rendu.<\/td>\n<\/tr>\n<\/tbody>\n<\/table>\n<table style=\"margin-bottom: 0.7em;\" width=\"100%\" cellspacing=\"0\" cellpadding=\"0\">\n<tbody>\n<tr>\n<td style=\"border: 1px solid; border-color: #55C2E4; border-radius: 0.5em 0.5em 0em 0em; background-color: #55c2e4;\" align=\"left\">\n<p style=\"font-size: 1.4em; font-weight: bold; color: #fff; margin-top: 0.5em; margin-bottom: 0.5em; padding-left: 0.7em;\">DOCUMENTS NECESSAIRES<\/p>\n<\/td>\n<\/tr>\n<tr>\n<td style=\"border: 1px solid; border-color: #55C2E4; padding: 0.7em 1em 0.7em 1em;\" align=\"left\">\n<ul style=\"padding-left: 1.1em;\">\n<li>Saisonnier Vall\u00e9e d&#8217;Aoste et Valle d&#8217;Aoste + Zermatt: n. 1 photo d&#8217;identit\u00e9 (claire et r\u00e9cente)<\/li>\n<li>R\u00e9ductions relatives \u00e0 l&#8217;\u00e2ge: carte d&#8217;identit\u00e9 ou certificat de naissance en papier simple*<\/li>\n<\/ul>\n<p><span>Les autocertifications ne sont pas accept\u00e9es.<\/span><\/p>\n<p><em>* <u>BIEN NOTER:<\/u> le document n\u00e9cessaire pour avoir le FORFAIT DE SKI n&#8217;est pas sujet au paiement de la taxe pour le timbre selon le D.P.R. 26 Octobre 1972 n\u00b0 642 (S.O. n. 3 &#8211; G.U. n. 292 du 11 Novembre 1972) &#8211; ANNEXE B &#8211; TABLEAU Actes, documents et registres exclus de fa\u00e7on absolue de la taxe pour le timbre qui affirme: &#8220;Art. 24 Les forfaits et les abbonnements pour le transport des personnes ainsi que les documents n\u00e9cessaires pour avoir ces abonnements&#8221;.<\/em><\/td>\n<\/tr>\n<\/tbody>\n<\/table>\n<table style=\"margin-bottom: 0.7em;\" width=\"100%\" cellspacing=\"0\" cellpadding=\"0\">\n<tbody>\n<tr>\n<td style=\"border: 1px solid; border-color: #55C2E4; border-radius: 0.5em 0.5em 0em 0em; background-color: #55c2e4;\" align=\"left\">\n<p style=\"font-size: 1.4em; font-weight: bold; color: #fff; margin-top: 0.5em; margin-bottom: 0.5em; padding-left: 0.7em;\">DROIT AUX R\u00c9DUCTIONS<\/p>\n<\/td>\n<\/tr>\n<tr>\n<td style=\"border: 1px solid; border-color: #55C2E4; padding: 0.7em 1em 0.7em 1em;\" align=\"left\">Pour la d\u00e9termination du droit aux r\u00e9ductions pour l&#8217;\u00e2ge est requise une pi\u00e8ce d&#8217;identit\u00e9:<\/p>\n<ul>\n<li>enfants &lt; 8 ans n\u00e9s apr\u00e8s le 31\/10\/2017<\/li>\n<li>junior &lt; 16 ans n\u00e9s apr\u00e8s le 31\/10\/2009<\/li>\n<li>jeunes &lt; 24 ans n\u00e9s apr\u00e8s le 31\/10\/2001<\/li>\n<li>senior &gt; 65 ans n\u00e9s avant le 31\/05\/1961<\/li>\n<\/ul>\n<p>Les autocertifications ne sont pas accept\u00e9es.<\/p>\n<p><em>* <u>BIEN NOTER:<\/u> le document n\u00e9cessaire pour avoir le FORFAIT DE SKI n&#8217;est pas sujet au paiement de la taxe pour le timbre selon le D.P.R. 26 Octobre 1972 n\u00b0 642 (S.O. n. 3 &#8211; G.U. n. 292 du 11 Novembre 1972) &#8211; ANNEXE B &#8211; TABLEAU Actes, documents et registres exclus de fa\u00e7on absolue de la taxe pour le timbre qui affirme: &#8220;Art. 24 Les forfaits et les abbonnements pour le transport des personnes ainsi que les documents n\u00e9cessaires pour avoir ces abonnements&#8221;.<\/em><\/td>\n<\/tr>\n<\/tbody>\n<\/table>\n<table style=\"margin-bottom: 0.7em;\" width=\"100%\" cellspacing=\"0\" cellpadding=\"0\">\n<tbody>\n<tr>\n<td style=\"border: 1px solid; border-color: #55C2E4; border-radius: 0.5em 0.5em 0em 0em; background-color: #55c2e4;\" align=\"left\">\n<p style=\"font-size: 1.4em; font-weight: bold; color: #fff; margin-top: 0.5em; margin-bottom: 0.5em; padding-left: 0.7em;\">VENTES A L&#8217;AVANCE VIA INTERNET<\/p>\n<\/td>\n<\/tr>\n<tr>\n<td style=\"border: 1px solid; border-color: #55C2E4; padding: 0.7em 1em 0.7em 1em;\" align=\"left\">Vous pouvez acheter le forfaits-ski saisonniers et plusieurs jours via internet payable \u00e0:<\/p>\n<ul>\n<li>CARTE DE CREDIT<\/li>\n<\/ul>\n<p>Les forfaits-ski saisonniers et plusieurs jours achet\u00e9s peuvent \u00eatre recueillies \u00e0 la station de ski indiqu\u00e9e.<\/td>\n<\/tr>\n<\/tbody>\n<\/table>\n<table style=\"margin-bottom: 0.7em;\" width=\"100%\" cellspacing=\"0\" cellpadding=\"0\">\n<tbody>\n<tr>\n<td style=\"border: 1px solid; border-color: #55C2E4; border-radius: 0.5em 0.5em 0em 0em; background-color: #55c2e4;\" align=\"left\">\n<p style=\"font-size: 1.4em; font-weight: bold; color: #fff; margin-top: 0.5em; margin-bottom: 0.5em; padding-left: 0.7em;\">PAIEMENT A&#8217; TEMPERAMENT SANS INTERETS<\/p>\n<\/td>\n<\/tr>\n<tr>\n<td style=\"border: 1px solid; border-color: #55C2E4; padding: 0.7em 1em 0.7em 1em;\" align=\"left\">Du 15 septembre au 30 novembre, vous pouvez contacter les banques partenaires suivantes pour l&#8217;achat des forfaits-ski saisonniers, jusqu&#8217;\u00e0 6 versements sans int\u00e9r\u00eats:<\/p>\n<ul style=\"padding-left: 1.1em;\">\n<li>BANCA SELLA<\/li>\n<\/ul>\n<\/td>\n<\/tr>\n<\/tbody>\n<\/table>\n<\/div>\n","protected":false},"excerpt":{"rendered":"Skipass Vall\u00e9e d&#8217;Aoste: produits, tarifs, r\u00e8glements et conditions de vente. Sur cette page et les suivantes vous trouvez toutes les informations pertinentes \u00e0 l&#8217;achat et l&#8217;utilisation des forfaits-ski saisonniers et plusieurs jours de validit\u00e9 r\u00e9gionale. INFORMATIONS UTILES Tous le forfaits-ski \u00e0 validit\u00e9 regionale peuvent \u00eatre acht\u00e9s aupr\u00e8s de tous les guichets des stations de ski&#8230; <a class=\"view-article\" href=\"https:\/\/www.skilife.ski\/fr\/forfait-ski\/tarifs\/\">Voir l&#8217;article<\/a>","protected":false},"author":5,"featured_media":15815,"parent":8667,"menu_order":0,"comment_status":"closed","ping_status":"closed","template":"","meta":{"footnotes":""},"_links":{"self":[{"href":"https:\/\/www.skilife.ski\/fr\/wp-json\/wp\/v2\/pages\/9555"}],"collection":[{"href":"https:\/\/www.skilife.ski\/fr\/wp-json\/wp\/v2\/pages"}],"about":[{"href":"https:\/\/www.skilife.ski\/fr\/wp-json\/wp\/v2\/types\/page"}],"author":[{"embeddable":true,"href":"https:\/\/www.skilife.ski\/fr\/wp-json\/wp\/v2\/users\/5"}],"replies":[{"embeddable":true,"href":"https:\/\/www.skilife.ski\/fr\/wp-json\/wp\/v2\/comments?post=9555"}],"version-history":[{"count":23,"href":"https:\/\/www.skilife.ski\/fr\/wp-json\/wp\/v2\/pages\/9555\/revisions"}],"predecessor-version":[{"id":18776,"href":"https:\/\/www.skilife.ski\/fr\/wp-json\/wp\/v2\/pages\/9555\/revisions\/18776"}],"up":[{"embeddable":true,"href":"https:\/\/www.skilife.ski\/fr\/wp-json\/wp\/v2\/pages\/8667"}],"wp:featuredmedia":[{"embeddable":true,"href":"https:\/\/www.skilife.ski\/fr\/wp-json\/wp\/v2\/media\/15815"}],"wp:attachment":[{"href":"https:\/\/www.skilife.ski\/fr\/wp-json\/wp\/v2\/media?parent=9555"}],"curies":[{"name":"wp","href":"https:\/\/api.w.org\/{rel}","templated":true}]}}