{"id":9562,"date":"2022-09-01T07:30:00","date_gmt":"2022-09-01T05:30:00","guid":{"rendered":"http:\/\/www.skivallee.it\/fr\/?page_id=9562"},"modified":"2025-08-07T08:41:12","modified_gmt":"2025-08-07T06:41:12","slug":"pluri-journees-jours-consecutifs","status":"publish","type":"page","link":"https:\/\/www.skilife.ski\/fr\/forfait-ski\/tarifs\/pluri-journees-jours-consecutifs\/","title":{"rendered":"Forfaits-ski plusieurs jours."},"content":{"rendered":"<h4 id=\"subtitle\">Jours cons\u00e9cutifs valables sur tous les remont\u00e9es m\u00e9caniques de la Vall\u00e9e d&#8217;Aoste<\/h4>\n<p><!--\n\n<div style=\"display: flex; justify-content: center; align-items: center; height: 25vh; color: red; font-size: 2em; font-family: Arial, sans-serif;\">\n  Page en cours de mise \u00e0 jour\n<\/div>\n\n--><\/p>\n<table class=\"table table-striped\" border=\"0\" width=\"99%\" cellspacing=\"1\" cellpadding=\"0\">\n<tbody>\n<tr>\n<td colspan=\"8\">\n<p align=\"center\"><span class=\"spacing\"><b>TARIFS SAISON<\/b><\/span> du 25\/10\/2025 au 19\/12\/2025 &#8211; du 07\/01\/2026 au 23\/01\/2026 et du 09\/03\/2026 au 03\/05\/2026<\/p>\n<\/td>\n<\/tr>\n<tr class=\"head\">\n<td>&nbsp;<\/td>\n<td>\n<p align=\"center\">ADULTE<\/p>\n<\/td>\n<td>\n<p align=\"center\">Enfants &lt; 8 ans<br \/>\n    simultan\u00e9<br \/><span>n\u00e9s apr\u00e8s le 31\/10\/2017<\/span><\/p>\n<\/td>\n<td>\n<p align=\"center\">Enfants &lt; 8 ans<br \/>\n    <strong>NON<\/strong>\u00a0simultan\u00e9<br \/><span>n\u00e9s apr\u00e8s le 31\/10\/2017<\/span><\/p>\n<\/td>\n<td>\n<p align=\"center\">Jeunes 8\/16 ans<br \/><span>n\u00e9s apr\u00e8s le 31\/10\/2009<\/span><\/p>\n<\/td>\n<td>\n<p align=\"center\">Jeunes 16\/24 ans<br \/><span>n\u00e9s apr\u00e8s le 31\/10\/2001<\/span><\/p>\n<\/td>\n<td>\n<p align=\"center\">SENIOR &gt; 65 ans<br \/><span>avant le 31\/05\/1961<\/span><\/p>\n<\/td>\n<td>\n<p align=\"center\">Groupes<br \/>(min. 20 pers.)<\/p>\n<\/td>\n<\/tr>\n<tr>\n<td>3 jours<\/td>\n<td>\n<div align=\"center\">&euro; 194,00<\/div>\n<\/td>\n<td>\n<div align=\"center\">gratuito *<\/div>\n<\/td>\n<td>\n<div align=\"center\">&euro; 49,00<\/div>\n<\/td>\n<td>\n<div align=\"center\">&euro; 136,00<\/div>\n<\/td>\n<td>\n<div align=\"center\">&euro; 155,00<\/div>\n<\/td>\n<td>\n<div align=\"center\">&euro; 171,00<\/div>\n<\/td>\n<td>\n<div align=\"center\">&euro; 175,00<\/div>\n<\/td>\n<\/tr>\n<tr>\n<td>4 jours<\/td>\n<td>\n<div align=\"center\">\u20ac 253,00<\/div>\n<\/td>\n<td>\n<div align=\"center\">gratuit *<\/div>\n<\/td>\n<td>\n<div align=\"center\">\u20ac 63,00<\/div>\n<\/td>\n<td>\n<div align=\"center\">\u20ac 177,00<\/div>\n<\/td>\n<td>\n<div align=\"center\">\u20ac 202,00<\/div>\n<\/td>\n<td>\n<div align=\"center\">\u20ac 223,00<\/div>\n<\/td>\n<td>\n<div align=\"center\">\u20ac 228,00<\/div>\n<\/td>\n<\/tr>\n<tr>\n<td>5 jours<\/td>\n<td>\n<div align=\"center\">\u20ac 306,00<\/div>\n<\/td>\n<td>\n<div align=\"center\">gratuit *<\/div>\n<\/td>\n<td>\n<div align=\"center\">\u20ac 77,00<\/div>\n<\/td>\n<td>\n<div align=\"center\">\u20ac 214,00<\/div>\n<\/td>\n<td>\n<div align=\"center\">\u20ac 245,00<\/div>\n<\/td>\n<td>\n<div align=\"center\">\u20ac 269,00<\/div>\n<\/td>\n<td>\n<div align=\"center\">\u20ac 275,00<\/div>\n<\/td>\n<\/tr>\n<tr>\n<td>6 jours<\/td>\n<td>\n<div align=\"center\">\u20ac 355,00<\/div>\n<\/td>\n<td>\n<div align=\"center\">gratuit *<\/div>\n<\/td>\n<td>\n<div align=\"center\">\u20ac 89,00<\/div>\n<\/td>\n<td>\n<div align=\"center\">\u20ac 249,00<\/div>\n<\/td>\n<td>\n<div align=\"center\">\u20ac 284,00<\/div>\n<\/td>\n<td>\n<div align=\"center\">\u20ac 312,00<\/div>\n<\/td>\n<td>\n<div align=\"center\">\u20ac 320,00<\/div>\n<\/td>\n<\/tr>\n<tr>\n<td>7 jours<\/td>\n<td>\n<div align=\"center\">\u20ac 399,00<\/div>\n<\/td>\n<td>\n<div align=\"center\">gratuit *<\/div>\n<\/td>\n<td>\n<div align=\"center\">\u20ac 100,00<\/div>\n<\/td>\n<td>\n<div align=\"center\">\u20ac 279,00<\/div>\n<\/td>\n<td>\n<div align=\"center\">\u20ac 319,00<\/div>\n<\/td>\n<td>\n<div align=\"center\">\u20ac 351,00<\/div>\n<\/td>\n<td>\n<div align=\"center\">\u20ac 359,00<\/div>\n<\/td>\n<\/tr>\n<tr>\n<td>8 jours<\/td>\n<td>\n<div align=\"center\">\u20ac 443,00<\/div>\n<\/td>\n<td>\n<div align=\"center\">gratuit *<\/div>\n<\/td>\n<td>\n<div align=\"center\">\u20ac 111,00<\/div>\n<\/td>\n<td>\n<div align=\"center\">\u20ac 310,00<\/div>\n<\/td>\n<td>\n<div align=\"center\">\u20ac 354,00<\/div>\n<\/td>\n<td>\n<div align=\"center\">\u20ac 390,00<\/div>\n<\/td>\n<td>\n<div align=\"center\">\u20ac 399,00<\/div>\n<\/td>\n<\/tr>\n<tr>\n<td>9 jours<\/td>\n<td>\n<div align=\"center\">\u20ac 486,00<\/div>\n<\/td>\n<td>\n<div align=\"center\">gratuit *<\/div>\n<\/td>\n<td>\n<div align=\"center\">\u20ac 122,00<\/div>\n<\/td>\n<td>\n<div align=\"center\">\u20ac 340,00<\/div>\n<\/td>\n<td>\n<div align=\"center\">\u20ac 389,00<\/div>\n<\/td>\n<td>\n<div align=\"center\">\u20ac 428,00<\/div>\n<\/td>\n<td>\n<div align=\"center\">\u20ac 437,00<\/div>\n<\/td>\n<\/tr>\n<tr>\n<td>10 jours<\/td>\n<td>\n<div align=\"center\">\u20ac 527,00<\/div>\n<\/td>\n<td>\n<div align=\"center\">gratuit *<\/div>\n<\/td>\n<td>\n<div align=\"center\">\u20ac 132,00<\/div>\n<\/td>\n<td>\n<div align=\"center\">\u20ac 369,00<\/div>\n<\/td>\n<td>\n<div align=\"center\">\u20ac 422,00<\/div>\n<\/td>\n<td>\n<div align=\"center\">\u20ac 464,00<\/div>\n<\/td>\n<td>\n<div align=\"center\">\u20ac 474,00<\/div>\n<\/td>\n<\/tr>\n<tr>\n<td>11 jours<\/td>\n<td>\n<div align=\"center\">\u20ac 566,00<\/div>\n<\/td>\n<td>\n<div align=\"center\">gratuit *<\/div>\n<\/td>\n<td>\n<div align=\"center\">\u20ac 142,00<\/div>\n<\/td>\n<td>\n<div align=\"center\">\u20ac 396,00<\/div>\n<\/td>\n<td>\n<div align=\"center\">\u20ac 453,00<\/div>\n<\/td>\n<td>\n<div align=\"center\">\u20ac 498,00<\/div>\n<\/td>\n<td>\n<div align=\"center\">\u20ac 509,00<\/div>\n<\/td>\n<\/tr>\n<tr>\n<td>12 jours<\/td>\n<td>\n<div align=\"center\">\u20ac 602,00<\/div>\n<\/td>\n<td>\n<div align=\"center\">gratuit *<\/div>\n<\/td>\n<td>\n<div align=\"center\">\u20ac 151,00<\/div>\n<\/td>\n<td>\n<div align=\"center\">\u20ac 421,00<\/div>\n<\/td>\n<td>\n<div align=\"center\">\u20ac 482,00<\/div>\n<\/td>\n<td>\n<div align=\"center\">\u20ac 530,00<\/div>\n<\/td>\n<td>\n<div align=\"center\">\u20ac 542,00<\/div>\n<\/td>\n<\/tr>\n<tr>\n<td>13 jours<\/td>\n<td>\n<div align=\"center\">\u20ac 635,00<\/div>\n<\/td>\n<td>\n<div align=\"center\">gratuit *<\/div>\n<\/td>\n<td>\n<div align=\"center\">\u20ac 159,00<\/div>\n<\/td>\n<td>\n<div align=\"center\">\u20ac 445,00<\/div>\n<\/td>\n<td>\n<div align=\"center\">\u20ac 508,00<\/div>\n<\/td>\n<td>\n<div align=\"center\">\u20ac 559,00<\/div>\n<\/td>\n<td>\n<div align=\"center\">\u20ac 572,00<\/div>\n<\/td>\n<\/tr>\n<tr>\n<td>14 jours<\/td>\n<td>\n<div align=\"center\">\u20ac 665,00<\/div>\n<\/td>\n<td>\n<div align=\"center\">gratuit *<\/div>\n<\/td>\n<td>\n<div align=\"center\">\u20ac 166,00<\/div>\n<\/td>\n<td>\n<div align=\"center\">\u20ac 466,00<\/div>\n<\/td>\n<td>\n<div align=\"center\">\u20ac 532,00<\/div>\n<\/td>\n<td>\n<div align=\"center\">\u20ac 585,00<\/div>\n<\/td>\n<td>\n<div align=\"center\">\u20ac 599,00<\/div>\n<\/td>\n<\/tr>\n<tr>\n<td colspan=\"8\">&nbsp;<\/td>\n<\/tr>\n<\/tbody>\n<\/table>\n<table class=\"table table-striped\" border=\"0\" width=\"99%\" cellspacing=\"1\" cellpadding=\"0\">\n<tbody>\n<tr>\n<td colspan=\"8\">\n<p align=\"center\"><span class=\"spacing\"><b>TARIFS HAUTE SAISON<\/b><\/span> du 20\/12\/2025 au 06\/01\/2026 et du 24\/01\/2026 au 08\/03\/2026<\/p>\n<\/td>\n<\/tr>\n<tr class=\"head\">\n<td>&nbsp;<\/td>\n<td>\n<p align=\"center\">ADULTE<\/p>\n<\/td>\n<td>\n<p align=\"center\">Enfants &lt; 8 ans<br \/>\n  simultan\u00e9<br \/>\n  <span>n\u00e9s apr\u00e8s le 31\/10\/2017<\/span><\/p>\n<\/td>\n<td>\n<p align=\"center\">Enfants &lt; 8 ans<br \/>\n  <strong>NON<\/strong>\u00a0simultan\u00e9<br \/>\n  <span>n\u00e9s apr\u00e8s le 31\/10\/2017<\/span><\/p>\n<\/td>\n<td>\n<p align=\"center\">Jeunes 8\/16 ans<br \/>\n  <span>n\u00e9s apr\u00e8s le 31\/10\/2009<\/span><\/p>\n<\/td>\n<td>\n<p align=\"center\">Jeunes 16\/24 ans<br \/>\n  <span>n\u00e9s apr\u00e8s le 31\/10\/2001<\/span><\/p>\n<\/td>\n<td>\n<p align=\"center\">SENIOR &gt; 65 ans<br \/>\n  <span>avant le 31\/05\/1961<\/span><\/p>\n<\/td>\n<td>\n<p align=\"center\">Groupes<br \/>\n  (min. 20 pers.)<\/p>\n<\/td>\n<\/tr>\n<tr>\n<td>3 jours<\/td>\n<td>\n<div align=\"center\">\u20ac 209,00<\/div>\n<\/td>\n<td>\n<div align=\"center\">gratuit *<\/div>\n<\/td>\n<td>\n<div align=\"center\">\u20ac 52,00<\/div>\n<\/td>\n<td>\n<div align=\"center\">\u20ac 146,00<\/div>\n<\/td>\n<td>\n<div align=\"center\">\u20ac 167,00<\/div>\n<\/td>\n<td>\n<div align=\"center\">\u20ac 184,00<\/div>\n<\/td>\n<td>\n<div align=\"center\">\u20ac 188,00<\/div>\n<\/td>\n<\/tr>\n<tr>\n<td>4 jours<\/td>\n<td>\n<div align=\"center\">\u20ac 275,00<\/div>\n<\/td>\n<td>\n<div align=\"center\">gratuit *<\/div>\n<\/td>\n<td>\n<div align=\"center\">\u20ac 69,00<\/div>\n<\/td>\n<td>\n<div align=\"center\">\u20ac 193,00<\/div>\n<\/td>\n<td>\n<div align=\"center\">\u20ac 220,00<\/div>\n<\/td>\n<td>\n<div align=\"center\">\u20ac 242,00<\/div>\n<\/td>\n<td>\n<div align=\"center\">\u20ac 248,00<\/div>\n<\/td>\n<\/tr>\n<tr>\n<td>5 jours<\/td>\n<td>\n<div align=\"center\">\u20ac 332,00<\/div>\n<\/td>\n<td>\n<div align=\"center\">gratuit *<\/div>\n<\/td>\n<td>\n<div align=\"center\">\u20ac 83,00<\/div>\n<\/td>\n<td>\n<div align=\"center\">\u20ac 232,00<\/div>\n<\/td>\n<td>\n<div align=\"center\">\u20ac 266,00<\/div>\n<\/td>\n<td>\n<div align=\"center\">\u20ac 292,00<\/div>\n<\/td>\n<td>\n<div align=\"center\">\u20ac 299,00<\/div>\n<\/td>\n<\/tr>\n<tr>\n<td>6 jours<\/td>\n<td>\n<div align=\"center\">\u20ac 386,00<\/div>\n<\/td>\n<td>\n<div align=\"center\">gratuit *<\/div>\n<\/td>\n<td>\n<div align=\"center\">\u20ac 97,00<\/div>\n<\/td>\n<td>\n<div align=\"center\">\u20ac 270,00<\/div>\n<\/td>\n<td>\n<div align=\"center\">\u20ac 309,00<\/div>\n<\/td>\n<td>\n<div align=\"center\">\u20ac 340,00<\/div>\n<\/td>\n<td>\n<div align=\"center\">\u20ac 347,00<\/div>\n<\/td>\n<\/tr>\n<tr>\n<td>7 jours<\/td>\n<td>\n<div align=\"center\">\u20ac 438,00<\/div>\n<\/td>\n<td>\n<div align=\"center\">gratuit *<\/div>\n<\/td>\n<td>\n<div align=\"center\">\u20ac 110,00<\/div>\n<\/td>\n<td>\n<div align=\"center\">\u20ac 307,00<\/div>\n<\/td>\n<td>\n<div align=\"center\">\u20ac 350,00<\/div>\n<\/td>\n<td>\n<div align=\"center\">\u20ac 385,00<\/div>\n<\/td>\n<td>\n<div align=\"center\">\u20ac 394,00<\/div>\n<\/td>\n<\/tr>\n<tr>\n<td>8 jours<\/td>\n<td>\n<div align=\"center\">\u20ac 489,00<\/div>\n<\/td>\n<td>\n<div align=\"center\">gratuit *<\/div>\n<\/td>\n<td>\n<div align=\"center\">\u20ac 122,00<\/div>\n<\/td>\n<td>\n<div align=\"center\">\u20ac 342,00<\/div>\n<\/td>\n<td>\n<div align=\"center\">\u20ac 391,00<\/div>\n<\/td>\n<td>\n<div align=\"center\">\u20ac 430,00<\/div>\n<\/td>\n<td>\n<div align=\"center\">\u20ac 440,00<\/div>\n<\/td>\n<\/tr>\n<tr>\n<td>9 jours<\/td>\n<td>\n<div align=\"center\">\u20ac 534,00<\/div>\n<\/td>\n<td>\n<div align=\"center\">gratuit *<\/div>\n<\/td>\n<td>\n<div align=\"center\">\u20ac 134,00<\/div>\n<\/td>\n<td>\n<div align=\"center\">\u20ac 374,00<\/div>\n<\/td>\n<td>\n<div align=\"center\">\u20ac 427,00<\/div>\n<\/td>\n<td>\n<div align=\"center\">\u20ac 470,00<\/div>\n<\/td>\n<td>\n<div align=\"center\">\u20ac 481,00<\/div>\n<\/td>\n<\/tr>\n<tr>\n<td>10 jours<\/td>\n<td>\n<div align=\"center\">\u20ac 578,00<\/div>\n<\/td>\n<td>\n<div align=\"center\">gratuit *<\/div>\n<\/td>\n<td>\n<div align=\"center\">\u20ac 145,00<\/div>\n<\/td>\n<td>\n<div align=\"center\">\u20ac 405,00<\/div>\n<\/td>\n<td>\n<div align=\"center\">\u20ac 462,00<\/div>\n<\/td>\n<td>\n<div align=\"center\">\u20ac 509,00<\/div>\n<\/td>\n<td>\n<div align=\"center\">\u20ac 520,00<\/div>\n<\/td>\n<\/tr>\n<tr>\n<td>11 jours<\/td>\n<td>\n<div align=\"center\">\u20ac 619,00<\/div>\n<\/td>\n<td>\n<div align=\"center\">gratuit *<\/div>\n<\/td>\n<td>\n<div align=\"center\">\u20ac 155,00<\/div>\n<\/td>\n<td>\n<div align=\"center\">\u20ac 433,00<\/div>\n<\/td>\n<td>\n<div align=\"center\">\u20ac 495,00<\/div>\n<\/td>\n<td>\n<div align=\"center\">\u20ac 545,00<\/div>\n<\/td>\n<td>\n<div align=\"center\">\u20ac 557,00<\/div>\n<\/td>\n<\/tr>\n<tr>\n<td>12 jours<\/td>\n<td>\n<div align=\"center\">\u20ac 658,00<\/div>\n<\/td>\n<td>\n<div align=\"center\">gratuit *<\/div>\n<\/td>\n<td>\n<div align=\"center\">\u20ac 165,00<\/div>\n<\/td>\n<td>\n<div align=\"center\">\u20ac 461,00<\/div>\n<\/td>\n<td>\n<div align=\"center\">\u20ac 526,00<\/div>\n<\/td>\n<td>\n<div align=\"center\">\u20ac 579,00<\/div>\n<\/td>\n<td>\n<div align=\"center\">\u20ac 592,00<\/div>\n<\/td>\n<\/tr>\n<tr>\n<td>13 jours<\/td>\n<td>\n<div align=\"center\">\u20ac 698,00<\/div>\n<\/td>\n<td>\n<div align=\"center\">gratuit *<\/div>\n<\/td>\n<td>\n<div align=\"center\">\u20ac 175,00<\/div>\n<\/td>\n<td>\n<div align=\"center\">\u20ac 489,00<\/div>\n<\/td>\n<td>\n<div align=\"center\">\u20ac 558,00<\/div>\n<\/td>\n<td>\n<div align=\"center\">\u20ac 614,00<\/div>\n<\/td>\n<td>\n<div align=\"center\">\u20ac 628,00<\/div>\n<\/td>\n<\/tr>\n<tr>\n<td>14 jours<\/td>\n<td>\n<div align=\"center\">\u20ac 730,00<\/div>\n<\/td>\n<td>\n<div align=\"center\">gratuit *<\/div>\n<\/td>\n<td>\n<div align=\"center\">\u20ac 183,00<\/div>\n<\/td>\n<td>\n<div align=\"center\">\u20ac 511,00<\/div>\n<\/td>\n<td>\n<div align=\"center\">\u20ac 584,00<\/div>\n<\/td>\n<td>\n<div align=\"center\">\u20ac 642,00<\/div>\n<\/td>\n<td>\n<div align=\"center\">\u20ac 657,00<\/div>\n<\/td>\n<\/tr>\n<tr>\n<td colspan=\"8\">&nbsp;<\/td>\n<\/tr>\n<\/tbody>\n<\/table>\n<table border=\"0\" width=\"99%\" cellspacing=\"1\" cellpadding=\"0\">\n<tbody>\n<tr>\n<td colspan=\"6\">\n<p>* La <b><u>gratuit\u00e9<\/u><\/b> s\u2019applique uniquement si un adulte ou un jeune de moins de 24 ans ach\u00e8te simultan\u00e9ment un forfait de ski de dur\u00e9e \u00e9gale ou sup\u00e9rieure. Sinon, le tarif pour les enfants de moins de 8 ans NON simultan\u00e9 sera appliqu\u00e9.<\/p>\n<p align=\"justify\">** <b><u>Tarif GROUPES<\/u><\/b> Pour b\u00e9n\u00e9ficier du tarif groupes, une r\u00e9servation est n\u00e9cessaire au moins 3 jours \u00e0 l\u2019avance aupr\u00e8s du service SKIPASS VALLE D&rsquo;AOSTE ou d&rsquo;une stations de ski de la Vall\u00e9e d&rsquo;Aoste. Le tarif est appliqu\u00e9 aux groupes pr\u00e9constitu\u00e9s de minimum 20 personnes payantes. Une gratuit\u00e9 est pr\u00e9vue pour chaque tranche de 25 billets payants (25+1).<\/p>\n<hr>\n<p align=\"justify\">Pour d\u00e9terminer le droit \u00e0 une r\u00e9duction d\u2019\u00e2ge, la date de r\u00e9f\u00e9rence est le <b>31\/10<\/b>. Pour la liste des r\u00e9ductions selon l\u2019\u00e2ge, consultez la section \u00ab Droit aux r\u00e9ductions \u00bb sur <a href=\"http:\/\/www.skilife.ski\/fr\/forfait-ski\/tarifs\/\">cette page<\/a>.<\/p>\n<hr>\n<p align=\"justify\">Tous les forfaits r\u00e9gionaux cons\u00e9cutifs de plusieurs jours peuvent \u00eatre achet\u00e9s avec l\u2019Assurance SNOWCARE au tarif de &euro;&nbsp;3,00 par jour, r\u00e9duit \u00e0 &euro;&nbsp;1,50 pour les enfants de moins de 8 ans.<\/p>\n<p align=\"justify\">Le service de secours sur les pistes est payant : une somme de &euro;&nbsp;200,00 est factur\u00e9e pour couvrir partiellement les frais de secours.<\/p>\n<p align=\"center\"><b>V\u00c9RIFIEZ SI VOTRE ASSURANCE COUVRE LES FRAIS DE SECOURS, SINON ACHETEZ L\u2019ASSURANCE SNOWCARE AVEC VOTRE FORFAIT<\/b><\/p>\n<div align=\"center\">\n  <a href=\"https:\/\/help.24hassistance.com\/hc\/it\/articles\/6768472143634-Snowcare-Valle-d-Aosta\" target=\"_blank\" rel=\"noopener\"><br \/>\n    <img decoding=\"async\" class=\"alignnone\" src=\"https:\/\/www.skilife.ski\/wp-content\/uploads\/2023\/11\/VDA_banner_italiano.png\" alt=\"\" width=\"500\"><br \/>\n  <\/a>\n<\/div>\n<hr>\n<p align=\"justify\">Tous les d\u00e9tenteurs de forfaits-ski plusieurs jours cons\u00e9cutifs de 6 jours ou plus pourront skier, pendant toute la dur\u00e9e de validit\u00e9 du forfait, sur les remont\u00e9es m\u00e9caniques du domaine suisse des <b>4 VALLEES CH<\/b> (Verbier, Nendaz, Veysonnaz, Thyon, La Tzoumaz, Bruson), o\u00f9, sur simple pr\u00e9sentation du forfait aux guichets, ils b\u00e9n\u00e9ficieront d&#8217;un billet journalier \u00e0 tarif r\u00e9duit de 50%.<\/p>\n<hr>\n<p align=\"justify\">Les d\u00e9tenteurs de forfaits r\u00e9gionaux cons\u00e9cutifs d\u2019au moins 5 jours peuvent b\u00e9n\u00e9ficier GRATUITEMENT de l\u2019offre &#8220;<b>APR\u00c8S-SKI<\/b>&#8220;. Pour plus d\u2019informations, consultez la page <a href=\"http:\/\/www.skilife.ski\/fr\/forfait-ski\/advantages-et-services\/\">&#8220;Avantages et Services&#8221;<\/a>.<\/p>\n<hr>\n<p align=\"justify\">En cas de mesures sp\u00e9ciales d\u2019ordre fiscal ou relatives au taux de change, les tarifs sont susceptibles de subir des modifications<\/p>\n<\/td>\n<\/tr>\n<\/tbody>\n<\/table>\n","protected":false},"excerpt":{"rendered":"Jours cons\u00e9cutifs valables sur tous les remont\u00e9es m\u00e9caniques de la Vall\u00e9e d&#8217;Aoste TARIFS SAISON du 25\/10\/2025 au 19\/12\/2025 &#8211; du 07\/01\/2026 au 23\/01\/2026 et du 09\/03\/2026 au 03\/05\/2026 &nbsp; ADULTE Enfants &lt; 8 ans simultan\u00e9n\u00e9s apr\u00e8s le 31\/10\/2017 Enfants &lt; 8 ans NON\u00a0simultan\u00e9n\u00e9s apr\u00e8s le 31\/10\/2017 Jeunes 8\/16 ansn\u00e9s apr\u00e8s le 31\/10\/2009 Jeunes 16\/24 ansn\u00e9s&#8230; <a class=\"view-article\" href=\"https:\/\/www.skilife.ski\/fr\/forfait-ski\/tarifs\/pluri-journees-jours-consecutifs\/\">Voir l&#8217;article<\/a>","protected":false},"author":5,"featured_media":15775,"parent":9555,"menu_order":0,"comment_status":"closed","ping_status":"closed","template":"","meta":{"footnotes":""},"_links":{"self":[{"href":"https:\/\/www.skilife.ski\/fr\/wp-json\/wp\/v2\/pages\/9562"}],"collection":[{"href":"https:\/\/www.skilife.ski\/fr\/wp-json\/wp\/v2\/pages"}],"about":[{"href":"https:\/\/www.skilife.ski\/fr\/wp-json\/wp\/v2\/types\/page"}],"author":[{"embeddable":true,"href":"https:\/\/www.skilife.ski\/fr\/wp-json\/wp\/v2\/users\/5"}],"replies":[{"embeddable":true,"href":"https:\/\/www.skilife.ski\/fr\/wp-json\/wp\/v2\/comments?post=9562"}],"version-history":[{"count":21,"href":"https:\/\/www.skilife.ski\/fr\/wp-json\/wp\/v2\/pages\/9562\/revisions"}],"predecessor-version":[{"id":18780,"href":"https:\/\/www.skilife.ski\/fr\/wp-json\/wp\/v2\/pages\/9562\/revisions\/18780"}],"up":[{"embeddable":true,"href":"https:\/\/www.skilife.ski\/fr\/wp-json\/wp\/v2\/pages\/9555"}],"wp:featuredmedia":[{"embeddable":true,"href":"https:\/\/www.skilife.ski\/fr\/wp-json\/wp\/v2\/media\/15775"}],"wp:attachment":[{"href":"https:\/\/www.skilife.ski\/fr\/wp-json\/wp\/v2\/media?parent=9562"}],"curies":[{"name":"wp","href":"https:\/\/api.w.org\/{rel}","templated":true}]}}